{"id":712,"date":"2016-02-03T16:57:03","date_gmt":"2016-02-03T16:57:03","guid":{"rendered":"http:\/\/localhost\/ctamega\/?page_id=712"},"modified":"2021-05-14T17:03:37","modified_gmt":"2021-05-14T16:03:37","slug":"tamega-no-mundo","status":"publish","type":"page","link":"https:\/\/ctamega.pt\/index.php\/tamega-no-mundo\/","title":{"rendered":"T\u00e2mega no Mundo"},"content":{"rendered":"<p>[vc_row type=&#8221;full-width&#8221;][vc_column][rev_slider_vc alias=&#8221;tamega_mundo&#8221;][\/vc_column][\/vc_row][vc_row top_margin=&#8221;page-margin-top-section&#8221;][vc_column]<h2 class=\"box-header\">T\u00c2MEGA NO MUNDO<\/h2>[\/vc_column][\/vc_row][vc_row][vc_column][vc_column_text]Com uma forte presen\u00e7a internacional, a T\u00e2mega Engineering\u00a0j\u00e1 concretizou projetos em v\u00e1rias partes do mundo, promovendo o desenvolvendo econ\u00f3mico e social das regi\u00f5es onde atuou.\u00a0 A sua enorme experi\u00eancia alcan\u00e7ada em Portugal e em Espanha tem sido a plataforma para a sua expans\u00e3o internacional desde 1950. No continente Africano, em\u00a0pa\u00edses como Angola, Mo\u00e7ambique, Cabo Verde, Costa do Marfim, Senegal, Congo\u00a0Brazzaville, Nig\u00e9ria, Gana, \u00c1frica do Sul e Maurit\u00e2nia, no\u00a0M\u00e9dio Oriente, na\u00a0Ar\u00e1bia Saudita e na Jord\u00e2nia. Recentemente a Construtora do T\u00e2mega iniciou a sua atividade na Am\u00e9rica Central, especificamente no Panam\u00e1.<\/p>\n<p>Clique no pa\u00eds para ver os projetos concretizados pela T\u00e2mega Engineering.[\/vc_column_text][\/vc_column][\/vc_row][vc_row][vc_column][vc_column_text]<\/p>\n<table class=\"wp-list-table widefat fixed striped maps\">\n<tbody id=\"the-list\" data-wp-lists=\"list:map\">\n<tr>\n<td class=\"shortcode column-shortcode\" data-colname=\"Shortcode\"><div id=\"mapplic1\"><\/div><\/td>\n<\/tr>\n<\/tbody>\n<\/table>\n<p>[\/vc_column_text][\/vc_column][\/vc_row]<\/p>\n","protected":false},"excerpt":{"rendered":"<p>[vc_row type=&#8221;full-width&#8221;][vc_column][rev_slider_vc alias=&#8221;tamega_mundo&#8221;][\/vc_column][\/vc_row][vc_row top_margin=&#8221;page-margin-top-section&#8221;][vc_column][\/vc_column][\/vc_row][vc_row][vc_column][vc_column_text]Com uma forte presen\u00e7a internacional, a T\u00e2mega Engineering\u00a0j\u00e1 concretizou projetos em v\u00e1rias partes do mundo, promovendo o desenvolvendo econ\u00f3mico e social das regi\u00f5es onde atuou.\u00a0 A sua enorme experi\u00eancia alcan\u00e7ada em Portugal e em Espanha tem sido a plataforma para a sua expans\u00e3o internacional desde 1950. No continente Africano, em\u00a0pa\u00edses como Angola,<\/p>\n","protected":false},"author":7,"featured_media":0,"parent":0,"menu_order":0,"comment_status":"closed","ping_status":"closed","template":"template-default-without-breadcrumbs.php","meta":{"_exactmetrics_skip_tracking":false,"_exactmetrics_sitenote_active":false,"_exactmetrics_sitenote_note":"","_exactmetrics_sitenote_category":0,"footnotes":""},"class_list":["post-712","page","type-page","status-publish","hentry"],"yoast_head":"<!-- This site is optimized with the Yoast SEO plugin v24.7 - https:\/\/yoast.com\/wordpress\/plugins\/seo\/ -->\n<title>T\u00e2mega no Mundo - T\u00e2mega Engineering<\/title>\n<meta name=\"description\" content=\"T\u00e2mega no mundo | Com uma forte presen\u00e7a internacional, a Construtura do T\u00e2mega, j\u00e1 concretizou projetos em v\u00e1rias partes do mundo.\" \/>\n<meta name=\"robots\" content=\"index, follow, max-snippet:-1, max-image-preview:large, max-video-preview:-1\" \/>\n<link rel=\"canonical\" href=\"https:\/\/ctamega.pt\/index.php\/tamega-no-mundo\/\" \/>\n<meta property=\"og:locale\" content=\"pt_PT\" \/>\n<meta property=\"og:type\" content=\"article\" \/>\n<meta property=\"og:title\" content=\"T\u00e2mega no Mundo - T\u00e2mega Engineering\" \/>\n<meta property=\"og:description\" content=\"T\u00e2mega no mundo | Com uma forte presen\u00e7a internacional, a Construtura do T\u00e2mega, j\u00e1 concretizou projetos em v\u00e1rias partes do mundo.\" \/>\n<meta property=\"og:url\" content=\"https:\/\/ctamega.pt\/index.php\/tamega-no-mundo\/\" \/>\n<meta property=\"og:site_name\" content=\"T\u00e2mega Engineering\" \/>\n<meta property=\"article:modified_time\" content=\"2021-05-14T16:03:37+00:00\" \/>\n<meta name=\"twitter:card\" content=\"summary_large_image\" \/>\n<meta name=\"twitter:label1\" content=\"Tempo estimado de leitura\" \/>\n\t<meta name=\"twitter:data1\" content=\"1 minuto\" \/>\n<script type=\"application\/ld+json\" class=\"yoast-schema-graph\">{\"@context\":\"https:\/\/schema.org\",\"@graph\":[{\"@type\":\"WebPage\",\"@id\":\"https:\/\/ctamega.pt\/index.php\/tamega-no-mundo\/\",\"url\":\"https:\/\/ctamega.pt\/index.php\/tamega-no-mundo\/\",\"name\":\"T\u00e2mega no Mundo - T\u00e2mega Engineering\",\"isPartOf\":{\"@id\":\"http:\/\/ctamega.pt\/#website\"},\"datePublished\":\"2016-02-03T16:57:03+00:00\",\"dateModified\":\"2021-05-14T16:03:37+00:00\",\"description\":\"T\u00e2mega no mundo | Com uma forte presen\u00e7a internacional, a Construtura do T\u00e2mega, j\u00e1 concretizou projetos em v\u00e1rias partes do mundo.\",\"breadcrumb\":{\"@id\":\"https:\/\/ctamega.pt\/index.php\/tamega-no-mundo\/#breadcrumb\"},\"inLanguage\":\"pt-PT\",\"potentialAction\":[{\"@type\":\"ReadAction\",\"target\":[\"https:\/\/ctamega.pt\/index.php\/tamega-no-mundo\/\"]}]},{\"@type\":\"BreadcrumbList\",\"@id\":\"https:\/\/ctamega.pt\/index.php\/tamega-no-mundo\/#breadcrumb\",\"itemListElement\":[{\"@type\":\"ListItem\",\"position\":1,\"name\":\"Home\",\"item\":\"http:\/\/ctamega.pt\/\"},{\"@type\":\"ListItem\",\"position\":2,\"name\":\"T\u00e2mega no Mundo\"}]},{\"@type\":\"WebSite\",\"@id\":\"http:\/\/ctamega.pt\/#website\",\"url\":\"http:\/\/ctamega.pt\/\",\"name\":\"T\u00e2mega Engineering\",\"description\":\"Construction Renovation Theme\",\"publisher\":{\"@id\":\"http:\/\/ctamega.pt\/#organization\"},\"potentialAction\":[{\"@type\":\"SearchAction\",\"target\":{\"@type\":\"EntryPoint\",\"urlTemplate\":\"http:\/\/ctamega.pt\/?s={search_term_string}\"},\"query-input\":{\"@type\":\"PropertyValueSpecification\",\"valueRequired\":true,\"valueName\":\"search_term_string\"}}],\"inLanguage\":\"pt-PT\"},{\"@type\":\"Organization\",\"@id\":\"http:\/\/ctamega.pt\/#organization\",\"name\":\"Construtora do T\u00e2mega\",\"url\":\"http:\/\/ctamega.pt\/\",\"logo\":{\"@type\":\"ImageObject\",\"inLanguage\":\"pt-PT\",\"@id\":\"http:\/\/ctamega.pt\/#\/schema\/logo\/image\/\",\"url\":\"http:\/\/ctamega.pt\/wp-content\/uploads\/2016\/03\/Construtora-do-T\u00e2mega-Logo_Tamanho-pequeno.png\",\"contentUrl\":\"http:\/\/ctamega.pt\/wp-content\/uploads\/2016\/03\/Construtora-do-T\u00e2mega-Logo_Tamanho-pequeno.png\",\"width\":736,\"height\":297,\"caption\":\"Construtora do T\u00e2mega\"},\"image\":{\"@id\":\"http:\/\/ctamega.pt\/#\/schema\/logo\/image\/\"},\"sameAs\":[\"https:\/\/www.linkedin.com\/company\/construtora-do-tamega-s-a-?trk=company_logo\"]}]}<\/script>\n<!-- \/ Yoast SEO plugin. -->","yoast_head_json":{"title":"T\u00e2mega no Mundo - T\u00e2mega Engineering","description":"T\u00e2mega no mundo | Com uma forte presen\u00e7a internacional, a Construtura do T\u00e2mega, j\u00e1 concretizou projetos em v\u00e1rias partes do mundo.","robots":{"index":"index","follow":"follow","max-snippet":"max-snippet:-1","max-image-preview":"max-image-preview:large","max-video-preview":"max-video-preview:-1"},"canonical":"https:\/\/ctamega.pt\/index.php\/tamega-no-mundo\/","og_locale":"pt_PT","og_type":"article","og_title":"T\u00e2mega no Mundo - T\u00e2mega Engineering","og_description":"T\u00e2mega no mundo | Com uma forte presen\u00e7a internacional, a Construtura do T\u00e2mega, j\u00e1 concretizou projetos em v\u00e1rias partes do mundo.","og_url":"https:\/\/ctamega.pt\/index.php\/tamega-no-mundo\/","og_site_name":"T\u00e2mega Engineering","article_modified_time":"2021-05-14T16:03:37+00:00","twitter_card":"summary_large_image","twitter_misc":{"Tempo estimado de leitura":"1 minuto"},"schema":{"@context":"https:\/\/schema.org","@graph":[{"@type":"WebPage","@id":"https:\/\/ctamega.pt\/index.php\/tamega-no-mundo\/","url":"https:\/\/ctamega.pt\/index.php\/tamega-no-mundo\/","name":"T\u00e2mega no Mundo - T\u00e2mega Engineering","isPartOf":{"@id":"http:\/\/ctamega.pt\/#website"},"datePublished":"2016-02-03T16:57:03+00:00","dateModified":"2021-05-14T16:03:37+00:00","description":"T\u00e2mega no mundo | Com uma forte presen\u00e7a internacional, a Construtura do T\u00e2mega, j\u00e1 concretizou projetos em v\u00e1rias partes do mundo.","breadcrumb":{"@id":"https:\/\/ctamega.pt\/index.php\/tamega-no-mundo\/#breadcrumb"},"inLanguage":"pt-PT","potentialAction":[{"@type":"ReadAction","target":["https:\/\/ctamega.pt\/index.php\/tamega-no-mundo\/"]}]},{"@type":"BreadcrumbList","@id":"https:\/\/ctamega.pt\/index.php\/tamega-no-mundo\/#breadcrumb","itemListElement":[{"@type":"ListItem","position":1,"name":"Home","item":"http:\/\/ctamega.pt\/"},{"@type":"ListItem","position":2,"name":"T\u00e2mega no Mundo"}]},{"@type":"WebSite","@id":"http:\/\/ctamega.pt\/#website","url":"http:\/\/ctamega.pt\/","name":"T\u00e2mega Engineering","description":"Construction Renovation Theme","publisher":{"@id":"http:\/\/ctamega.pt\/#organization"},"potentialAction":[{"@type":"SearchAction","target":{"@type":"EntryPoint","urlTemplate":"http:\/\/ctamega.pt\/?s={search_term_string}"},"query-input":{"@type":"PropertyValueSpecification","valueRequired":true,"valueName":"search_term_string"}}],"inLanguage":"pt-PT"},{"@type":"Organization","@id":"http:\/\/ctamega.pt\/#organization","name":"Construtora do T\u00e2mega","url":"http:\/\/ctamega.pt\/","logo":{"@type":"ImageObject","inLanguage":"pt-PT","@id":"http:\/\/ctamega.pt\/#\/schema\/logo\/image\/","url":"http:\/\/ctamega.pt\/wp-content\/uploads\/2016\/03\/Construtora-do-T\u00e2mega-Logo_Tamanho-pequeno.png","contentUrl":"http:\/\/ctamega.pt\/wp-content\/uploads\/2016\/03\/Construtora-do-T\u00e2mega-Logo_Tamanho-pequeno.png","width":736,"height":297,"caption":"Construtora do T\u00e2mega"},"image":{"@id":"http:\/\/ctamega.pt\/#\/schema\/logo\/image\/"},"sameAs":["https:\/\/www.linkedin.com\/company\/construtora-do-tamega-s-a-?trk=company_logo"]}]}},"_links":{"self":[{"href":"https:\/\/ctamega.pt\/index.php\/wp-json\/wp\/v2\/pages\/712","targetHints":{"allow":["GET"]}}],"collection":[{"href":"https:\/\/ctamega.pt\/index.php\/wp-json\/wp\/v2\/pages"}],"about":[{"href":"https:\/\/ctamega.pt\/index.php\/wp-json\/wp\/v2\/types\/page"}],"author":[{"embeddable":true,"href":"https:\/\/ctamega.pt\/index.php\/wp-json\/wp\/v2\/users\/7"}],"replies":[{"embeddable":true,"href":"https:\/\/ctamega.pt\/index.php\/wp-json\/wp\/v2\/comments?post=712"}],"version-history":[{"count":1,"href":"https:\/\/ctamega.pt\/index.php\/wp-json\/wp\/v2\/pages\/712\/revisions"}],"predecessor-version":[{"id":2213,"href":"https:\/\/ctamega.pt\/index.php\/wp-json\/wp\/v2\/pages\/712\/revisions\/2213"}],"wp:attachment":[{"href":"https:\/\/ctamega.pt\/index.php\/wp-json\/wp\/v2\/media?parent=712"}],"curies":[{"name":"wp","href":"https:\/\/api.w.org\/{rel}","templated":true}]}}