{"id":710,"date":"2016-02-03T16:56:53","date_gmt":"2016-02-03T16:56:53","guid":{"rendered":"http:\/\/localhost\/ctamega\/?page_id=710"},"modified":"2021-05-18T15:00:26","modified_gmt":"2021-05-18T14:00:26","slug":"visao-missao-e-valores","status":"publish","type":"page","link":"https:\/\/ctamega.pt\/index.php\/visao-missao-e-valores\/","title":{"rendered":"Vis\u00e3o, Miss\u00e3o e Valores"},"content":{"rendered":"<p>[vc_row type=&#8221;full-width re-parallax&#8221; css=&#8221;.vc_custom_1432041687155{background-image: url(http:\/\/ctamega.pt\/wp-content\/uploads\/2015\/01\/missao.jpg) !important;}&#8221; el_class=&#8221;padding-top-70 padding-bottom-66&#8243;][vc_column][vc_row_inner][vc_column_inner]<div class=\"testimonials-container\">\n\t\t\t<a href=\"#\" class=\"slider-control left template-arrow-left-1\"><\/a>\n\t\t\t<ul class=\"testimonials-list autoplay-0 pause_on_hover-1 scroll-1 effect-scroll easing-swing duration-500\"><li>\n\t\t\t\t\n\t\t\t\t<p><\/p>\n<h2>A Nossa Miss\u00e3o<\/h2>\n<p><i>Construir com efici\u00eancia, apostar na inova\u00e7\u00e3o, e contribuir para o desenvolvimento econ\u00f3mico e social na regi\u00e3o onde atua.<\/i><\/p>\n\t\t\t\t\n\t\t\t\t\n\t\t\t<\/li><\/ul><a href=\"#\" class=\"slider-control right template-arrow-left-1\"><\/a><\/div>[\/vc_column_inner][\/vc_row_inner][\/vc_column][\/vc_row][vc_row][vc_column][vc_column_text css=&#8221;.vc_custom_1459259794872{margin-top: 40px !important;margin-right: 50px !important;margin-left: 50px !important;}&#8221;]<\/p>\n<h2 style=\"text-align: center;\">A Nossa Vis\u00e3o<\/h2>\n<p style=\"text-align: center;\">Ser uma refer\u00eancia a n\u00edvel nacional e internacional, e garantir um crescimento permanente, atrav\u00e9s de um modelo de neg\u00f3cio sustent\u00e1vel, gerador de valor institucional, econ\u00f3mico, social e ambiental.<\/p>\n<p>[\/vc_column_text][\/vc_column][\/vc_row][vc_row type=&#8221;full-width&#8221; top_margin=&#8221;page-margin-top-section&#8221; css=&#8221;.vc_custom_1463652737462{margin-bottom: 50px !important;background-color: #f5f5f5 !important;}&#8221; el_class=&#8221; page-padding-top-section padding-bottom-66&#8243;][vc_column][vc_column_text css=&#8221;.vc_custom_1459259779702{margin-bottom: 40px !important;}&#8221;]<\/p>\n<h2 style=\"text-align: center;\">Os Nossos Valores<\/h2>\n<p style=\"text-align: center;\">A procura constante de novos e maiores desafios, que possam contribuir para o crescimento da <strong>T\u00e2mega<\/strong> <strong>Engineering<\/strong> e de todos os intervenientes envolvidos, pauta-se por um conjunto \u00fanico de valores:<\/p>\n<p>[\/vc_column_text][vc_tabs][vc_tab icon=&#8221;sl-small-bubble-check&#8221; title=&#8221;Qualidade&#8221; tab_id=&#8221;qualidade&#8221;][vc_row_inner][vc_column_inner]<h4 class=\"box-header\">QUALIDADE<\/h4>[vc_column_text]Melhorar de forma continuada e respons\u00e1vel,\u00a0a efic\u00e1cia do Sistema de Gest\u00e3o da Qualidade implementado, com a participa\u00e7\u00e3o ativa de todos os acionistas e colaboradores e tendo como base a \u00e9tica, a inova\u00e7\u00e3o e a procura da excel\u00eancia.[\/vc_column_text][\/vc_column_inner][\/vc_row_inner][\/vc_tab][vc_tab icon=&#8221;sl-small-shield&#8221; title=&#8221;Confian\u00e7a&#8221; tab_id=&#8221;confianca&#8221;][vc_row_inner][vc_column_inner]<h4 class=\"box-header\">CONFIAN\u00c7A<\/h4>[vc_column_text]Procura cont\u00ednua da Excel\u00eancia, tendo em vista a melhoria do n\u00edvel da satisfa\u00e7\u00e3o dos Clientes, acionistas e colaboradores, baseada nos mais elevados padr\u00f5es de performance em termos de qualidade, custo e prazo.[\/vc_column_text][\/vc_column_inner][\/vc_row_inner][\/vc_tab][vc_tab icon=&#8221;sl-small-lightbulb&#8221; title=&#8221;Inova\u00e7\u00e3o&#8221; tab_id=&#8221;inovacao&#8221;][vc_row_inner][vc_column_inner]<h4 class=\"box-header\">INOVA\u00c7\u00c3O<\/h4>[vc_column_text]Inovar em cada projeto e consolidar a nossa identidade. Aptid\u00e3o para a criatividade e coopera\u00e7\u00e3o cient\u00edfica e tecnol\u00f3gica com o objetivo de alcan\u00e7ar as melhores solu\u00e7\u00f5es, de forma a atingir resultados superiores e exceder as expectativas dos nossos Clientes.[\/vc_column_text][\/vc_column_inner][\/vc_row_inner][\/vc_tab][vc_tab icon=&#8221;sl-small-eco&#8221; title=&#8221;Integridade&#8221; tab_id=&#8221;integridade&#8221;]<h4 class=\"box-header\">INTEGRIDADE<\/h4>[vc_column_text]Exercer com total\u00a0\u00e9tica, rigor e\u00a0transpar\u00eancia, honrando seus compromissos e, respeitando os colaboradores, o\u00a0meio ambiente e a sociedade em geral, contribuindo para o desenvolvimento sustent\u00e1vel.[\/vc_column_text][\/vc_tab][\/vc_tabs][\/vc_column][\/vc_row]<\/p>\n","protected":false},"excerpt":{"rendered":"<p>[vc_row type=&#8221;full-width re-parallax&#8221; css=&#8221;.vc_custom_1432041687155{background-image: url(http:\/\/ctamega.pt\/wp-content\/uploads\/2015\/01\/missao.jpg) !important;}&#8221; el_class=&#8221;padding-top-70 padding-bottom-66&#8243;][vc_column][vc_row_inner][vc_column_inner][\/vc_column_inner][\/vc_row_inner][\/vc_column][\/vc_row][vc_row][vc_column][vc_column_text css=&#8221;.vc_custom_1459259794872{margin-top: 40px !important;margin-right: 50px !important;margin-left: 50px !important;}&#8221;] A Nossa Vis\u00e3o Ser uma refer\u00eancia a n\u00edvel nacional e internacional, e garantir um crescimento permanente, atrav\u00e9s de um modelo de neg\u00f3cio sustent\u00e1vel, gerador de valor institucional, econ\u00f3mico, social e ambiental. [\/vc_column_text][\/vc_column][\/vc_row][vc_row type=&#8221;full-width&#8221; top_margin=&#8221;page-margin-top-section&#8221; css=&#8221;.vc_custom_1463652737462{margin-bottom: 50px !important;background-color: #f5f5f5 !important;}&#8221; el_class=&#8221;<\/p>\n","protected":false},"author":7,"featured_media":0,"parent":0,"menu_order":0,"comment_status":"closed","ping_status":"closed","template":"template-default-without-breadcrumbs.php","meta":{"_exactmetrics_skip_tracking":false,"_exactmetrics_sitenote_active":false,"_exactmetrics_sitenote_note":"","_exactmetrics_sitenote_category":0,"footnotes":""},"class_list":["post-710","page","type-page","status-publish","hentry"],"yoast_head":"<!-- This site is optimized with the Yoast SEO plugin v24.7 - https:\/\/yoast.com\/wordpress\/plugins\/seo\/ -->\n<title>Vis\u00e3o, Miss\u00e3o e Valores - T\u00e2mega Engineering<\/title>\n<meta name=\"description\" content=\"H\u00e1 70 anos que a Construtora do T\u00e2mega \u00e9 uma das empresas de refer\u00eancia no setor de Constru\u00e7\u00e3o Civil e das Obras P\u00fablicas em Portugal.\" \/>\n<meta name=\"robots\" content=\"index, follow, max-snippet:-1, max-image-preview:large, max-video-preview:-1\" \/>\n<link rel=\"canonical\" href=\"http:\/\/ctamega.pt\/index.php\/visao-missao-e-valores\/\" \/>\n<meta property=\"og:locale\" content=\"pt_PT\" \/>\n<meta property=\"og:type\" content=\"article\" \/>\n<meta property=\"og:title\" content=\"Vis\u00e3o, Miss\u00e3o e Valores - T\u00e2mega Engineering\" \/>\n<meta property=\"og:description\" content=\"H\u00e1 70 anos que a Construtora do T\u00e2mega \u00e9 uma das empresas de refer\u00eancia no setor de Constru\u00e7\u00e3o Civil e das Obras P\u00fablicas em Portugal.\" \/>\n<meta property=\"og:url\" content=\"http:\/\/ctamega.pt\/index.php\/visao-missao-e-valores\/\" \/>\n<meta property=\"og:site_name\" content=\"T\u00e2mega Engineering\" \/>\n<meta property=\"article:modified_time\" content=\"2021-05-18T14:00:26+00:00\" \/>\n<meta name=\"twitter:card\" content=\"summary_large_image\" \/>\n<meta name=\"twitter:label1\" content=\"Tempo estimado de leitura\" \/>\n\t<meta name=\"twitter:data1\" content=\"3 minutos\" \/>\n<script type=\"application\/ld+json\" class=\"yoast-schema-graph\">{\"@context\":\"https:\/\/schema.org\",\"@graph\":[{\"@type\":\"WebPage\",\"@id\":\"http:\/\/ctamega.pt\/index.php\/visao-missao-e-valores\/\",\"url\":\"http:\/\/ctamega.pt\/index.php\/visao-missao-e-valores\/\",\"name\":\"Vis\u00e3o, Miss\u00e3o e Valores - T\u00e2mega Engineering\",\"isPartOf\":{\"@id\":\"https:\/\/ctamega.pt\/#website\"},\"datePublished\":\"2016-02-03T16:56:53+00:00\",\"dateModified\":\"2021-05-18T14:00:26+00:00\",\"description\":\"H\u00e1 70 anos que a Construtora do T\u00e2mega \u00e9 uma das empresas de refer\u00eancia no setor de Constru\u00e7\u00e3o Civil e das Obras P\u00fablicas em Portugal.\",\"breadcrumb\":{\"@id\":\"http:\/\/ctamega.pt\/index.php\/visao-missao-e-valores\/#breadcrumb\"},\"inLanguage\":\"pt-PT\",\"potentialAction\":[{\"@type\":\"ReadAction\",\"target\":[\"http:\/\/ctamega.pt\/index.php\/visao-missao-e-valores\/\"]}]},{\"@type\":\"BreadcrumbList\",\"@id\":\"http:\/\/ctamega.pt\/index.php\/visao-missao-e-valores\/#breadcrumb\",\"itemListElement\":[{\"@type\":\"ListItem\",\"position\":1,\"name\":\"Home\",\"item\":\"https:\/\/ctamega.pt\/\"},{\"@type\":\"ListItem\",\"position\":2,\"name\":\"Vis\u00e3o, Miss\u00e3o e Valores\"}]},{\"@type\":\"WebSite\",\"@id\":\"https:\/\/ctamega.pt\/#website\",\"url\":\"https:\/\/ctamega.pt\/\",\"name\":\"T\u00e2mega Engineering\",\"description\":\"Construction Renovation Theme\",\"publisher\":{\"@id\":\"https:\/\/ctamega.pt\/#organization\"},\"potentialAction\":[{\"@type\":\"SearchAction\",\"target\":{\"@type\":\"EntryPoint\",\"urlTemplate\":\"https:\/\/ctamega.pt\/?s={search_term_string}\"},\"query-input\":{\"@type\":\"PropertyValueSpecification\",\"valueRequired\":true,\"valueName\":\"search_term_string\"}}],\"inLanguage\":\"pt-PT\"},{\"@type\":\"Organization\",\"@id\":\"https:\/\/ctamega.pt\/#organization\",\"name\":\"Construtora do T\u00e2mega\",\"url\":\"https:\/\/ctamega.pt\/\",\"logo\":{\"@type\":\"ImageObject\",\"inLanguage\":\"pt-PT\",\"@id\":\"https:\/\/ctamega.pt\/#\/schema\/logo\/image\/\",\"url\":\"http:\/\/ctamega.pt\/wp-content\/uploads\/2016\/03\/Construtora-do-T\u00e2mega-Logo_Tamanho-pequeno.png\",\"contentUrl\":\"http:\/\/ctamega.pt\/wp-content\/uploads\/2016\/03\/Construtora-do-T\u00e2mega-Logo_Tamanho-pequeno.png\",\"width\":736,\"height\":297,\"caption\":\"Construtora do T\u00e2mega\"},\"image\":{\"@id\":\"https:\/\/ctamega.pt\/#\/schema\/logo\/image\/\"},\"sameAs\":[\"https:\/\/www.linkedin.com\/company\/construtora-do-tamega-s-a-?trk=company_logo\"]}]}<\/script>\n<!-- \/ Yoast SEO plugin. -->","yoast_head_json":{"title":"Vis\u00e3o, Miss\u00e3o e Valores - T\u00e2mega Engineering","description":"H\u00e1 70 anos que a Construtora do T\u00e2mega \u00e9 uma das empresas de refer\u00eancia no setor de Constru\u00e7\u00e3o Civil e das Obras P\u00fablicas em Portugal.","robots":{"index":"index","follow":"follow","max-snippet":"max-snippet:-1","max-image-preview":"max-image-preview:large","max-video-preview":"max-video-preview:-1"},"canonical":"http:\/\/ctamega.pt\/index.php\/visao-missao-e-valores\/","og_locale":"pt_PT","og_type":"article","og_title":"Vis\u00e3o, Miss\u00e3o e Valores - T\u00e2mega Engineering","og_description":"H\u00e1 70 anos que a Construtora do T\u00e2mega \u00e9 uma das empresas de refer\u00eancia no setor de Constru\u00e7\u00e3o Civil e das Obras P\u00fablicas em Portugal.","og_url":"http:\/\/ctamega.pt\/index.php\/visao-missao-e-valores\/","og_site_name":"T\u00e2mega Engineering","article_modified_time":"2021-05-18T14:00:26+00:00","twitter_card":"summary_large_image","twitter_misc":{"Tempo estimado de leitura":"3 minutos"},"schema":{"@context":"https:\/\/schema.org","@graph":[{"@type":"WebPage","@id":"http:\/\/ctamega.pt\/index.php\/visao-missao-e-valores\/","url":"http:\/\/ctamega.pt\/index.php\/visao-missao-e-valores\/","name":"Vis\u00e3o, Miss\u00e3o e Valores - T\u00e2mega Engineering","isPartOf":{"@id":"https:\/\/ctamega.pt\/#website"},"datePublished":"2016-02-03T16:56:53+00:00","dateModified":"2021-05-18T14:00:26+00:00","description":"H\u00e1 70 anos que a Construtora do T\u00e2mega \u00e9 uma das empresas de refer\u00eancia no setor de Constru\u00e7\u00e3o Civil e das Obras P\u00fablicas em Portugal.","breadcrumb":{"@id":"http:\/\/ctamega.pt\/index.php\/visao-missao-e-valores\/#breadcrumb"},"inLanguage":"pt-PT","potentialAction":[{"@type":"ReadAction","target":["http:\/\/ctamega.pt\/index.php\/visao-missao-e-valores\/"]}]},{"@type":"BreadcrumbList","@id":"http:\/\/ctamega.pt\/index.php\/visao-missao-e-valores\/#breadcrumb","itemListElement":[{"@type":"ListItem","position":1,"name":"Home","item":"https:\/\/ctamega.pt\/"},{"@type":"ListItem","position":2,"name":"Vis\u00e3o, Miss\u00e3o e Valores"}]},{"@type":"WebSite","@id":"https:\/\/ctamega.pt\/#website","url":"https:\/\/ctamega.pt\/","name":"T\u00e2mega Engineering","description":"Construction Renovation Theme","publisher":{"@id":"https:\/\/ctamega.pt\/#organization"},"potentialAction":[{"@type":"SearchAction","target":{"@type":"EntryPoint","urlTemplate":"https:\/\/ctamega.pt\/?s={search_term_string}"},"query-input":{"@type":"PropertyValueSpecification","valueRequired":true,"valueName":"search_term_string"}}],"inLanguage":"pt-PT"},{"@type":"Organization","@id":"https:\/\/ctamega.pt\/#organization","name":"Construtora do T\u00e2mega","url":"https:\/\/ctamega.pt\/","logo":{"@type":"ImageObject","inLanguage":"pt-PT","@id":"https:\/\/ctamega.pt\/#\/schema\/logo\/image\/","url":"http:\/\/ctamega.pt\/wp-content\/uploads\/2016\/03\/Construtora-do-T\u00e2mega-Logo_Tamanho-pequeno.png","contentUrl":"http:\/\/ctamega.pt\/wp-content\/uploads\/2016\/03\/Construtora-do-T\u00e2mega-Logo_Tamanho-pequeno.png","width":736,"height":297,"caption":"Construtora do T\u00e2mega"},"image":{"@id":"https:\/\/ctamega.pt\/#\/schema\/logo\/image\/"},"sameAs":["https:\/\/www.linkedin.com\/company\/construtora-do-tamega-s-a-?trk=company_logo"]}]}},"_links":{"self":[{"href":"https:\/\/ctamega.pt\/index.php\/wp-json\/wp\/v2\/pages\/710","targetHints":{"allow":["GET"]}}],"collection":[{"href":"https:\/\/ctamega.pt\/index.php\/wp-json\/wp\/v2\/pages"}],"about":[{"href":"https:\/\/ctamega.pt\/index.php\/wp-json\/wp\/v2\/types\/page"}],"author":[{"embeddable":true,"href":"https:\/\/ctamega.pt\/index.php\/wp-json\/wp\/v2\/users\/7"}],"replies":[{"embeddable":true,"href":"https:\/\/ctamega.pt\/index.php\/wp-json\/wp\/v2\/comments?post=710"}],"version-history":[{"count":1,"href":"https:\/\/ctamega.pt\/index.php\/wp-json\/wp\/v2\/pages\/710\/revisions"}],"predecessor-version":[{"id":2229,"href":"https:\/\/ctamega.pt\/index.php\/wp-json\/wp\/v2\/pages\/710\/revisions\/2229"}],"wp:attachment":[{"href":"https:\/\/ctamega.pt\/index.php\/wp-json\/wp\/v2\/media?parent=710"}],"curies":[{"name":"wp","href":"https:\/\/api.w.org\/{rel}","templated":true}]}}