{"id":4,"date":"2015-05-08T13:22:48","date_gmt":"2015-05-08T12:22:48","guid":{"rendered":"http:\/\/localhost\/wordpress\/renovate\/?page_id=4"},"modified":"2025-03-29T00:55:17","modified_gmt":"2025-03-29T00:55:17","slug":"tamega-engineering-site-oficial","status":"publish","type":"page","link":"https:\/\/ctamega.pt\/","title":{"rendered":"T\u00e2mega Engineering SITE OFICIAL"},"content":{"rendered":"<p>[vc_row type=&#8221;full-width&#8221;][vc_column]<div id=\"metaslider-id-2294\" style=\"width: 100%;\" class=\"ml-slider-3-97-0 metaslider metaslider-flex metaslider-2294 ml-slider ms-theme-default-base has-dots-nav\" role=\"region\" aria-roledescription=\"Slideshow\" aria-label=\"New Slideshow\" data-width=\"700\">\n    <div id=\"metaslider_container_2294\">\n        <div id=\"metaslider_2294\">\n            <ul class='slides'>\n                <li style=\"display: block; width: 100%;\" class=\"slide-2295 ms-image \" aria-roledescription=\"slide\" aria-label=\"slide-2295\" data-date=\"2025-03-29 00:53:28\"><img loading=\"lazy\" decoding=\"async\" src=\"https:\/\/ctamega.pt\/wp-content\/uploads\/2021\/10\/WhatsApp-Image-2025-03-28-at-21.10.37_ee02fcf9-700x150.jpg\" height=\"150\" width=\"700\" alt=\"\" class=\"slider-2294 slide-2295\" \/><\/li>\n                <li style=\"display: none; width: 100%;\" class=\"slide-2296 ms-image \" aria-roledescription=\"slide\" aria-label=\"slide-2296\" data-date=\"2025-03-29 00:53:29\"><img loading=\"lazy\" decoding=\"async\" src=\"https:\/\/ctamega.pt\/wp-content\/uploads\/2021\/10\/WhatsApp-Image-2025-03-28-at-21.10.38_31f9b344-700x150.jpg\" height=\"150\" width=\"700\" alt=\"\" class=\"slider-2294 slide-2296\" \/><\/li>\n                <li style=\"display: none; width: 100%;\" class=\"slide-2297 ms-image \" aria-roledescription=\"slide\" aria-label=\"slide-2297\" data-date=\"2025-03-29 00:53:30\"><img loading=\"lazy\" decoding=\"async\" src=\"https:\/\/ctamega.pt\/wp-content\/uploads\/2021\/10\/WhatsApp-Image-2025-03-28-at-21.10.38_e0b778e4-700x150.jpg\" height=\"150\" width=\"700\" alt=\"\" class=\"slider-2294 slide-2297\" \/><\/li>\n            <\/ul>\n        <\/div>\n        \n    <\/div>\n<\/div>[\/vc_column][\/vc_row][vc_row top_margin=&#8221;page-margin-top-section&#8221;][vc_column]<h2 class=\"box-header\">\u00c1REAS DE NEG\u00d3CIO<\/h2>[vc_column_text el_class=&#8221;description align-center&#8221;]A <strong>T\u00e2mega Engineering<\/strong> \u00e9 um\u00a0parceiro\u00a0privilegiado para conceber, construir e operar em todas as \u00e1reas de atividade, desde as infraestruturas, transportes, obras mar\u00edtimas e hidr\u00e1ulicas, constru\u00e7\u00e3o civil e industrial, barragens, centrais de energia e ambiente.[\/vc_column_text][\/vc_column][\/vc_row][vc_row][vc_column width=&#8221;1\/3&#8243;][vc_single_image image=&#8221;754&#8243; alignment=&#8221;center&#8221; css=&#8221;.vc_custom_1454523184867{margin-top: 30px !important;}&#8221;][vc_column_text css=&#8221;.vc_custom_1463994326714{margin-top: 30px !important;}&#8221;]<\/p>\n<h4 style=\"text-align: center;\">Pontes e Viadutos<\/h4>\n<p>[\/vc_column_text][vc_single_image image=&#8221;753&#8243; alignment=&#8221;center&#8221; css=&#8221;.vc_custom_1454523180248{margin-top: 30px !important;}&#8221;][vc_column_text css=&#8221;.vc_custom_1463754870073{margin-top: 30px !important;}&#8221;]<\/p>\n<h4 style=\"text-align: center;\">Autoestradas, Estradas e Arruamentos Urbanos<\/h4>\n<p>[\/vc_column_text][\/vc_column][vc_column width=&#8221;1\/3&#8243;][vc_single_image image=&#8221;756&#8243; alignment=&#8221;center&#8221; css=&#8221;.vc_custom_1454523193582{margin-top: 30px !important;}&#8221;][vc_column_text css=&#8221;.vc_custom_1454523068295{margin-top: 30px !important;}&#8221;]<\/p>\n<h4 style=\"text-align: center;\">Constru\u00e7\u00e3o Civil e Industrial<\/h4>\n<p>[\/vc_column_text][vc_single_image image=&#8221;757&#8243; alignment=&#8221;center&#8221; css=&#8221;.vc_custom_1454523198607{margin-top: 30px !important;}&#8221;][vc_column_text css=&#8221;.vc_custom_1454523101714{margin-top: 30px !important;}&#8221;]<\/p>\n<h4 style=\"text-align: center;\">Hidroel\u00e9tricas e Barragens<\/h4>\n<p>[\/vc_column_text][\/vc_column][vc_column width=&#8221;1\/3&#8243;][vc_single_image image=&#8221;755&#8243; alignment=&#8221;center&#8221; css=&#8221;.vc_custom_1454523189357{margin-top: 30px !important;}&#8221;][vc_column_text css=&#8221;.vc_custom_1463994334412{margin-top: 30px !important;}&#8221;]<\/p>\n<h4 style=\"text-align: center;\">Ferrovias e Metros<\/h4>\n<p>[\/vc_column_text][vc_single_image image=&#8221;759&#8243; alignment=&#8221;center&#8221; css=&#8221;.vc_custom_1454523203337{margin-top: 30px !important;}&#8221;][vc_column_text css=&#8221;.vc_custom_1454523240402{margin-top: 30px !important;margin-bottom: 20px !important;}&#8221;]<\/p>\n<h4 style=\"text-align: center;\">Aeroportos, A\u00e9rodromos e Bases A\u00e9reas<\/h4>\n<p>[\/vc_column_text][\/vc_column][\/vc_row][vc_row type=&#8221;full-width&#8221; css=&#8221;.vc_custom_1432038677789{background-color: #f5f5f5 !important;}&#8221; el_class=&#8221;align-center padding-top-54 padding-bottom-61&#8243;][vc_column]<a class=\"more\" href=\"http:\/\/ctamega.pt\/index.php\/areas-de-negocio\/\" title=\"Todas as \u00c1reas de Neg\u00f3cio\">Todas as \u00c1reas de Neg\u00f3cio<\/a>[\/vc_column][\/vc_row][vc_row top_margin=&#8221;page-margin-top-section&#8221;][vc_column]<h2 class=\"box-header\">PORTF\u00d3LIO<\/h2>[\/vc_column][\/vc_row][vc_row type=&#8221;full-width&#8221;][vc_column]<ul class=\"projects-list clearfix page-margin-top\"><li>\n\t\t\t<a href=\"https:\/\/ctamega.pt\/index.php\/projects\/centro-para-artes-e-conferencia-casa-das-mudas-2004\/\" title=\"&lt;div style=&quot;text-align:center; color:white;&quot;&gt;&lt;div style=&quot;font-size:17px; &quot;&gt;Centro para Artes e Confer\u00eancia Casa das Mudas *&lt;\/div&gt;&lt;br&gt;Cliente: Ponte do Oeste&lt;br&gt;Ano: 2001 &#8211; 2003&lt;\/div&gt;\">\n\t\t\t\t<img loading=\"lazy\" decoding=\"async\" width=\"400\" height=\"267\" src=\"https:\/\/ctamega.pt\/wp-content\/uploads\/2003\/02\/admin-ajax-3.jpg\" class=\"attachment-big-thumb size-big-thumb wp-post-image\" alt=\"&lt;div style=&quot;text-align:center; color:white;&quot;&gt;&lt;div style=&quot;font-size:17px; &quot;&gt;Centro para Artes e Confer\u00eancia Casa das Mudas *&lt;\/div&gt;&lt;br&gt;Cliente: Ponte do Oeste&lt;br&gt;Ano: 2001 &#8211; 2003&lt;\/div&gt;\" title=\"\" srcset=\"https:\/\/ctamega.pt\/wp-content\/uploads\/2003\/02\/admin-ajax-3.jpg 400w, https:\/\/ctamega.pt\/wp-content\/uploads\/2003\/02\/admin-ajax-3-300x200.jpg 300w, https:\/\/ctamega.pt\/wp-content\/uploads\/2003\/02\/admin-ajax-3-390x260.jpg 390w, https:\/\/ctamega.pt\/wp-content\/uploads\/2003\/02\/admin-ajax-3-270x180.jpg 270w, https:\/\/ctamega.pt\/wp-content\/uploads\/2003\/02\/admin-ajax-3-24x16.jpg 24w, https:\/\/ctamega.pt\/wp-content\/uploads\/2003\/02\/admin-ajax-3-36x24.jpg 36w, https:\/\/ctamega.pt\/wp-content\/uploads\/2003\/02\/admin-ajax-3-48x32.jpg 48w\" sizes=\"auto, (max-width: 400px) 100vw, 400px\" \/>\n\t\t\t<\/a><div class=\"view align-center\">\n\t\t\t\t\t<div class=\"vertical-align-table\">\n\t\t\t\t\t\t<div class=\"vertical-align-cell\"><p class=\"description\"><div style=\"text-align:center; color:white;\"><div style=\"font-size:17px; \">Centro para Artes e Confer\u00eancia Casa das Mudas *<\/div><br>Cliente: Ponte do Oeste<br>Ano: 2001 &#8211; 2003<\/div><\/div>\n\t\t\t\t\t<\/div>\n\t\t\t\t<\/div><li>\n\t\t\t<a href=\"https:\/\/ctamega.pt\/index.php\/projects\/ponte-sobre-o-rio-douro-em-resende-1998\/\" title=\"&lt;div style=&quot;text-align:center; color:white;&quot;&gt;&lt;div style=&quot;font-size:17px; &quot;&gt;Ponte sobre o Rio Douro&lt;\/div&gt;&lt;br&gt;Cliente: C\u00e2maras Municipais de Bai\u00e3o e Resende&lt;br&gt;Ano: 1996 &#8211; 1998&lt;\/div&gt;\">\n\t\t\t\t<img loading=\"lazy\" decoding=\"async\" width=\"480\" height=\"320\" src=\"https:\/\/ctamega.pt\/wp-content\/uploads\/1998\/02\/23.PONTE-SOBRE-O-RIO-DOURO-480x320.jpg\" class=\"attachment-big-thumb size-big-thumb wp-post-image\" alt=\"&lt;div style=&quot;text-align:center; color:white;&quot;&gt;&lt;div style=&quot;font-size:17px; &quot;&gt;Ponte sobre o Rio Douro&lt;\/div&gt;&lt;br&gt;Cliente: C\u00e2maras Municipais de Bai\u00e3o e Resende&lt;br&gt;Ano: 1996 &#8211; 1998&lt;\/div&gt;\" title=\"\" srcset=\"https:\/\/ctamega.pt\/wp-content\/uploads\/1998\/02\/23.PONTE-SOBRE-O-RIO-DOURO-480x320.jpg 480w, https:\/\/ctamega.pt\/wp-content\/uploads\/1998\/02\/23.PONTE-SOBRE-O-RIO-DOURO-750x500.jpg 750w, https:\/\/ctamega.pt\/wp-content\/uploads\/1998\/02\/23.PONTE-SOBRE-O-RIO-DOURO-570x380.jpg 570w, https:\/\/ctamega.pt\/wp-content\/uploads\/1998\/02\/23.PONTE-SOBRE-O-RIO-DOURO-390x260.jpg 390w, https:\/\/ctamega.pt\/wp-content\/uploads\/1998\/02\/23.PONTE-SOBRE-O-RIO-DOURO-270x180.jpg 270w, https:\/\/ctamega.pt\/wp-content\/uploads\/1998\/02\/23.PONTE-SOBRE-O-RIO-DOURO-24x17.jpg 24w\" sizes=\"auto, (max-width: 480px) 100vw, 480px\" \/>\n\t\t\t<\/a><div class=\"view align-center\">\n\t\t\t\t\t<div class=\"vertical-align-table\">\n\t\t\t\t\t\t<div class=\"vertical-align-cell\"><p class=\"description\"><div style=\"text-align:center; color:white;\"><div style=\"font-size:17px; \">Ponte sobre o Rio Douro<\/div><br>Cliente: C\u00e2maras Municipais de Bai\u00e3o e Resende<br>Ano: 1996 &#8211; 1998<\/div><\/div>\n\t\t\t\t\t<\/div>\n\t\t\t\t<\/div><li>\n\t\t\t<a href=\"https:\/\/ctamega.pt\/index.php\/projects\/expo-98-pavilhao-de-portugal-1998\/\" title=\"&lt;div style=&quot;text-align:center; color:white;&quot;&gt;&lt;div style=&quot;font-size:17px; &quot;&gt;Pavilh\u00e3o de Portugal *&lt;\/div&gt;&lt;br&gt;Cliente: Parque Expo&lt;br&gt;Ano: 1997 &#8211; 1998&lt;\/div&gt;\">\n\t\t\t\t<img loading=\"lazy\" decoding=\"async\" width=\"400\" height=\"267\" src=\"https:\/\/ctamega.pt\/wp-content\/uploads\/1998\/02\/admin-ajax-7.jpg\" class=\"attachment-big-thumb size-big-thumb wp-post-image\" alt=\"&lt;div style=&quot;text-align:center; color:white;&quot;&gt;&lt;div style=&quot;font-size:17px; &quot;&gt;Pavilh\u00e3o de Portugal *&lt;\/div&gt;&lt;br&gt;Cliente: Parque Expo&lt;br&gt;Ano: 1997 &#8211; 1998&lt;\/div&gt;\" title=\"\" srcset=\"https:\/\/ctamega.pt\/wp-content\/uploads\/1998\/02\/admin-ajax-7.jpg 400w, https:\/\/ctamega.pt\/wp-content\/uploads\/1998\/02\/admin-ajax-7-300x200.jpg 300w, https:\/\/ctamega.pt\/wp-content\/uploads\/1998\/02\/admin-ajax-7-390x260.jpg 390w, https:\/\/ctamega.pt\/wp-content\/uploads\/1998\/02\/admin-ajax-7-270x180.jpg 270w, https:\/\/ctamega.pt\/wp-content\/uploads\/1998\/02\/admin-ajax-7-24x16.jpg 24w, https:\/\/ctamega.pt\/wp-content\/uploads\/1998\/02\/admin-ajax-7-36x24.jpg 36w, https:\/\/ctamega.pt\/wp-content\/uploads\/1998\/02\/admin-ajax-7-48x32.jpg 48w\" sizes=\"auto, (max-width: 400px) 100vw, 400px\" \/>\n\t\t\t<\/a><div class=\"view align-center\">\n\t\t\t\t\t<div class=\"vertical-align-table\">\n\t\t\t\t\t\t<div class=\"vertical-align-cell\"><p class=\"description\"><div style=\"text-align:center; color:white;\"><div style=\"font-size:17px; \">Pavilh\u00e3o de Portugal *<\/div><br>Cliente: Parque Expo<br>Ano: 1997 &#8211; 1998<\/div><\/div>\n\t\t\t\t\t<\/div>\n\t\t\t\t<\/div><\/ul>[\/vc_column][\/vc_row][vc_row type=&#8221;full-width&#8221; css=&#8221;.vc_custom_1432038677789{background-color: #f5f5f5 !important;}&#8221; el_class=&#8221;align-center padding-top-54 padding-bottom-61&#8243;][vc_column]<a class=\"more\" href=\"http:\/\/ctamega.pt\/index.php\/portfolio\/\" title=\"Explore o nosso portf\u00f3lio\">Explore o nosso portf\u00f3lio<\/a>[\/vc_column][\/vc_row][vc_row top_margin=&#8221;page-margin-top-section&#8221;][vc_column]<h2 class=\"box-header\">T\u00c2MEGA ENGINEERING<\/h2>[vc_column_text]<\/p>\n<p style=\"text-align: center;\">Fundada em Janeiro de 1946, a <strong>T\u00e2mega Engineering<\/strong>, antiga Construtora do T\u00e2mega, \u00e9 uma das empresas de refer\u00eancia em Portugal, no setor de Constru\u00e7\u00e3o Civil e das Obras P\u00fablicas.<\/p>\n<p>[\/vc_column_text][\/vc_column][\/vc_row][vc_row css=&#8221;.vc_custom_1454693612201{margin-top: 50px !important;margin-bottom: 50px !important;}&#8221;][vc_column width=&#8221;1\/3&#8243;]<div class=\"feature-item sl-large-list feature-item-big\"><div class=\"ornament\"><\/div><h4 class=\"box-header page-margin-top\">+ de 70 Anos de Experi\u00eancia<\/h4><p>Ao longo de mais de 7 d\u00e9cadas<strong>, <\/strong>a sua atividade tem vindo a diversificar-se, sendo respons\u00e1vel pela execu\u00e7\u00e3o de empreendimentos nas mais diversas \u00e1reas.<\/p><\/div>[\/vc_column][vc_column width=&#8221;1\/3&#8243;]<div class=\"feature-item sl-large-helmet feature-item-big\"><div class=\"ornament\"><\/div><h4 class=\"box-header page-margin-top\">Projetos Reconhecidos<\/h4><p>V\u00e1rias das obras realizadas, foram reconhecidas pela Ordem dos Engenheiros como expressivas do melhor que a engenharia produziu no s\u00e9culo XX.<\/p><\/div>[\/vc_column][vc_column width=&#8221;1\/3&#8243;]<div class=\"feature-item sl-large-globe feature-item-big\"><div class=\"ornament\"><\/div><h4 class=\"box-header page-margin-top\">T\u00e2mega no Mundo<\/h4><p>Projetos concretizados em v\u00e1rias partes do mundo, promovendo o desenvolvendo econ\u00f3mico e social das regi\u00f5es onde atua.<\/p><\/div>[\/vc_column][\/vc_row][vc_row type=&#8221;full-width&#8221; css=&#8221;.vc_custom_1432039625471{background-color: #f5f5f5 !important;}&#8221; el_class=&#8221;page-padding-top-section padding-bottom-66&#8243;][vc_column]<h2 class=\"box-header\">OS NOSSOS CLIENTES<\/h2>[vc_row_inner][vc_column_inner]<div class=\"our-clients-list-container page-margin-top\">\n\t\t\t\t\t<ul class=\"our-clients-list autoplay-0\"><li><img loading=\"lazy\" decoding=\"async\" width=\"170\" height=\"120\" src=\"https:\/\/ctamega.pt\/wp-content\/uploads\/2015\/05\/ana-1.png\" class=\"attachment-full size-full\" alt=\"\" \/><\/li><li><img loading=\"lazy\" decoding=\"async\" width=\"170\" height=\"120\" src=\"https:\/\/ctamega.pt\/wp-content\/uploads\/2015\/05\/Brisa-1.png\" class=\"attachment-full size-full\" alt=\"\" \/><\/li><li><img loading=\"lazy\" decoding=\"async\" width=\"170\" height=\"120\" src=\"https:\/\/ctamega.pt\/wp-content\/uploads\/2015\/05\/edia_designacao_complementar_c_cor-1.png\" class=\"attachment-full size-full\" alt=\"\" \/><\/li><li><img loading=\"lazy\" decoding=\"async\" width=\"170\" height=\"120\" src=\"https:\/\/ctamega.pt\/wp-content\/uploads\/2015\/05\/ep-1.png\" class=\"attachment-full size-full\" alt=\"\" \/><\/li><li><img loading=\"lazy\" decoding=\"async\" width=\"170\" height=\"120\" src=\"https:\/\/ctamega.pt\/wp-content\/uploads\/2015\/05\/epal-1.png\" class=\"attachment-full size-full\" alt=\"\" \/><\/li><li><img loading=\"lazy\" decoding=\"async\" width=\"170\" height=\"120\" src=\"https:\/\/ctamega.pt\/wp-content\/uploads\/2015\/05\/lisboa-1.png\" class=\"attachment-full size-full\" alt=\"\" \/><\/li><li><img loading=\"lazy\" decoding=\"async\" width=\"170\" height=\"120\" src=\"https:\/\/ctamega.pt\/wp-content\/uploads\/2015\/05\/refer-1.png\" class=\"attachment-full size-full\" alt=\"\" \/><\/li><li><img loading=\"lazy\" decoding=\"async\" width=\"170\" height=\"120\" src=\"https:\/\/ctamega.pt\/wp-content\/uploads\/2015\/05\/aguas_do_algarve.png\" class=\"attachment-full size-full\" alt=\"\" \/><\/li><li><img loading=\"lazy\" decoding=\"async\" width=\"170\" height=\"120\" src=\"https:\/\/ctamega.pt\/wp-content\/uploads\/2015\/05\/aguas_do_douro_paiva.png\" class=\"attachment-full size-full\" alt=\"\" \/><\/li><li><img loading=\"lazy\" decoding=\"async\" width=\"170\" height=\"120\" src=\"https:\/\/ctamega.pt\/wp-content\/uploads\/2015\/05\/autoesradas_do_atlantico.png\" class=\"attachment-full size-full\" alt=\"\" \/><\/li><li><img loading=\"lazy\" decoding=\"async\" width=\"170\" height=\"120\" src=\"https:\/\/ctamega.pt\/wp-content\/uploads\/2015\/05\/gov_regional_mad.png\" class=\"attachment-full size-full\" alt=\"\" \/><\/li><li><img loading=\"lazy\" decoding=\"async\" width=\"170\" height=\"120\" src=\"https:\/\/ctamega.pt\/wp-content\/uploads\/2015\/05\/metro_lisboa.png\" class=\"attachment-full size-full\" alt=\"\" \/><\/li><li><img loading=\"lazy\" decoding=\"async\" width=\"170\" height=\"120\" src=\"https:\/\/ctamega.pt\/wp-content\/uploads\/2015\/05\/parque_expo.png\" class=\"attachment-full size-full\" alt=\"\" \/><\/li><li><img loading=\"lazy\" decoding=\"async\" width=\"170\" height=\"120\" src=\"https:\/\/ctamega.pt\/wp-content\/uploads\/2015\/05\/edp.png\" class=\"attachment-full size-full\" alt=\"\" \/><\/li><li><img loading=\"lazy\" decoding=\"async\" width=\"170\" height=\"120\" src=\"https:\/\/ctamega.pt\/wp-content\/uploads\/2015\/05\/transgas.png\" class=\"attachment-full size-full\" alt=\"\" \/><\/li><\/ul><div class=\"re-carousel-pagination\"><\/div><\/div>[\/vc_column_inner][\/vc_row_inner][\/vc_column][\/vc_row]<\/p>\n","protected":false},"excerpt":{"rendered":"<p>[vc_row type=&#8221;full-width&#8221;][vc_column][\/vc_column][\/vc_row][vc_row top_margin=&#8221;page-margin-top-section&#8221;][vc_column][vc_column_text el_class=&#8221;description align-center&#8221;]A T\u00e2mega Engineering \u00e9 um\u00a0parceiro\u00a0privilegiado para conceber, construir e operar em todas as \u00e1reas de atividade, desde as infraestruturas, transportes, obras mar\u00edtimas e hidr\u00e1ulicas, constru\u00e7\u00e3o civil e industrial, barragens, centrais de energia e ambiente.[\/vc_column_text][\/vc_column][\/vc_row][vc_row][vc_column width=&#8221;1\/3&#8243;][vc_single_image image=&#8221;754&#8243; alignment=&#8221;center&#8221; css=&#8221;.vc_custom_1454523184867{margin-top: 30px !important;}&#8221;][vc_column_text css=&#8221;.vc_custom_1463994326714{margin-top: 30px !important;}&#8221;] Pontes e Viadutos [\/vc_column_text][vc_single_image image=&#8221;753&#8243; alignment=&#8221;center&#8221; css=&#8221;.vc_custom_1454523180248{margin-top: 30px<\/p>\n","protected":false},"author":7,"featured_media":0,"parent":0,"menu_order":0,"comment_status":"closed","ping_status":"closed","template":"template-default-without-breadcrumbs.php","meta":{"_exactmetrics_skip_tracking":false,"_exactmetrics_sitenote_active":false,"_exactmetrics_sitenote_note":"","_exactmetrics_sitenote_category":0,"footnotes":""},"class_list":["post-4","page","type-page","status-publish","hentry"],"yoast_head":"<!-- This site is optimized with the Yoast SEO plugin v24.7 - https:\/\/yoast.com\/wordpress\/plugins\/seo\/ -->\n<title>T\u00e2mega Engineering SITE OFICIAL - T\u00e2mega Engineering<\/title>\n<meta name=\"description\" content=\"H\u00e1 mais de 70 anos que a T\u00e2mega Engineering \u00e9 uma das empresas de refer\u00eancia no setor de Constru\u00e7\u00e3o Civil e das Obras P\u00fablicas em Portugal.\" \/>\n<meta name=\"robots\" content=\"index, follow, max-snippet:-1, max-image-preview:large, max-video-preview:-1\" \/>\n<link rel=\"canonical\" href=\"https:\/\/ctamega.pt\/\" \/>\n<meta property=\"og:locale\" content=\"pt_PT\" \/>\n<meta property=\"og:type\" content=\"article\" \/>\n<meta property=\"og:title\" content=\"T\u00e2mega Engineering SITE OFICIAL - T\u00e2mega Engineering\" \/>\n<meta property=\"og:description\" content=\"H\u00e1 mais de 70 anos que a T\u00e2mega Engineering \u00e9 uma das empresas de refer\u00eancia no setor de Constru\u00e7\u00e3o Civil e das Obras P\u00fablicas em Portugal.\" \/>\n<meta property=\"og:url\" content=\"https:\/\/ctamega.pt\/\" \/>\n<meta property=\"og:site_name\" content=\"T\u00e2mega Engineering\" \/>\n<meta property=\"article:modified_time\" content=\"2025-03-29T00:55:17+00:00\" \/>\n<meta name=\"twitter:card\" content=\"summary_large_image\" \/>\n<meta name=\"twitter:label1\" content=\"Tempo estimado de leitura\" \/>\n\t<meta name=\"twitter:data1\" content=\"2 minutos\" \/>\n<script type=\"application\/ld+json\" class=\"yoast-schema-graph\">{\"@context\":\"https:\/\/schema.org\",\"@graph\":[{\"@type\":\"WebPage\",\"@id\":\"https:\/\/ctamega.pt\/\",\"url\":\"https:\/\/ctamega.pt\/\",\"name\":\"T\u00e2mega Engineering SITE OFICIAL - T\u00e2mega Engineering\",\"isPartOf\":{\"@id\":\"https:\/\/ctamega.pt\/#website\"},\"datePublished\":\"2015-05-08T12:22:48+00:00\",\"dateModified\":\"2025-03-29T00:55:17+00:00\",\"description\":\"H\u00e1 mais de 70 anos que a T\u00e2mega Engineering \u00e9 uma das empresas de refer\u00eancia no setor de Constru\u00e7\u00e3o Civil e das Obras P\u00fablicas em Portugal.\",\"breadcrumb\":{\"@id\":\"https:\/\/ctamega.pt\/#breadcrumb\"},\"inLanguage\":\"pt-PT\",\"potentialAction\":[{\"@type\":\"ReadAction\",\"target\":[\"https:\/\/ctamega.pt\/\"]}]},{\"@type\":\"BreadcrumbList\",\"@id\":\"https:\/\/ctamega.pt\/#breadcrumb\",\"itemListElement\":[{\"@type\":\"ListItem\",\"position\":1,\"name\":\"Home\",\"item\":\"https:\/\/ctamega.pt\/\"},{\"@type\":\"ListItem\",\"position\":2,\"name\":\"T\u00e2mega Engineering SITE OFICIAL\"}]},{\"@type\":\"WebSite\",\"@id\":\"https:\/\/ctamega.pt\/#website\",\"url\":\"https:\/\/ctamega.pt\/\",\"name\":\"T\u00e2mega Engineering\",\"description\":\"Construction Renovation Theme\",\"publisher\":{\"@id\":\"https:\/\/ctamega.pt\/#organization\"},\"potentialAction\":[{\"@type\":\"SearchAction\",\"target\":{\"@type\":\"EntryPoint\",\"urlTemplate\":\"https:\/\/ctamega.pt\/?s={search_term_string}\"},\"query-input\":{\"@type\":\"PropertyValueSpecification\",\"valueRequired\":true,\"valueName\":\"search_term_string\"}}],\"inLanguage\":\"pt-PT\"},{\"@type\":\"Organization\",\"@id\":\"https:\/\/ctamega.pt\/#organization\",\"name\":\"Construtora do T\u00e2mega\",\"url\":\"https:\/\/ctamega.pt\/\",\"logo\":{\"@type\":\"ImageObject\",\"inLanguage\":\"pt-PT\",\"@id\":\"https:\/\/ctamega.pt\/#\/schema\/logo\/image\/\",\"url\":\"http:\/\/ctamega.pt\/wp-content\/uploads\/2016\/03\/Construtora-do-T\u00e2mega-Logo_Tamanho-pequeno.png\",\"contentUrl\":\"http:\/\/ctamega.pt\/wp-content\/uploads\/2016\/03\/Construtora-do-T\u00e2mega-Logo_Tamanho-pequeno.png\",\"width\":736,\"height\":297,\"caption\":\"Construtora do T\u00e2mega\"},\"image\":{\"@id\":\"https:\/\/ctamega.pt\/#\/schema\/logo\/image\/\"},\"sameAs\":[\"https:\/\/www.linkedin.com\/company\/construtora-do-tamega-s-a-?trk=company_logo\"]}]}<\/script>\n<!-- \/ Yoast SEO plugin. -->","yoast_head_json":{"title":"T\u00e2mega Engineering SITE OFICIAL - T\u00e2mega Engineering","description":"H\u00e1 mais de 70 anos que a T\u00e2mega Engineering \u00e9 uma das empresas de refer\u00eancia no setor de Constru\u00e7\u00e3o Civil e das Obras P\u00fablicas em Portugal.","robots":{"index":"index","follow":"follow","max-snippet":"max-snippet:-1","max-image-preview":"max-image-preview:large","max-video-preview":"max-video-preview:-1"},"canonical":"https:\/\/ctamega.pt\/","og_locale":"pt_PT","og_type":"article","og_title":"T\u00e2mega Engineering SITE OFICIAL - T\u00e2mega Engineering","og_description":"H\u00e1 mais de 70 anos que a T\u00e2mega Engineering \u00e9 uma das empresas de refer\u00eancia no setor de Constru\u00e7\u00e3o Civil e das Obras P\u00fablicas em Portugal.","og_url":"https:\/\/ctamega.pt\/","og_site_name":"T\u00e2mega Engineering","article_modified_time":"2025-03-29T00:55:17+00:00","twitter_card":"summary_large_image","twitter_misc":{"Tempo estimado de leitura":"2 minutos"},"schema":{"@context":"https:\/\/schema.org","@graph":[{"@type":"WebPage","@id":"https:\/\/ctamega.pt\/","url":"https:\/\/ctamega.pt\/","name":"T\u00e2mega Engineering SITE OFICIAL - T\u00e2mega Engineering","isPartOf":{"@id":"https:\/\/ctamega.pt\/#website"},"datePublished":"2015-05-08T12:22:48+00:00","dateModified":"2025-03-29T00:55:17+00:00","description":"H\u00e1 mais de 70 anos que a T\u00e2mega Engineering \u00e9 uma das empresas de refer\u00eancia no setor de Constru\u00e7\u00e3o Civil e das Obras P\u00fablicas em Portugal.","breadcrumb":{"@id":"https:\/\/ctamega.pt\/#breadcrumb"},"inLanguage":"pt-PT","potentialAction":[{"@type":"ReadAction","target":["https:\/\/ctamega.pt\/"]}]},{"@type":"BreadcrumbList","@id":"https:\/\/ctamega.pt\/#breadcrumb","itemListElement":[{"@type":"ListItem","position":1,"name":"Home","item":"https:\/\/ctamega.pt\/"},{"@type":"ListItem","position":2,"name":"T\u00e2mega Engineering SITE OFICIAL"}]},{"@type":"WebSite","@id":"https:\/\/ctamega.pt\/#website","url":"https:\/\/ctamega.pt\/","name":"T\u00e2mega Engineering","description":"Construction Renovation Theme","publisher":{"@id":"https:\/\/ctamega.pt\/#organization"},"potentialAction":[{"@type":"SearchAction","target":{"@type":"EntryPoint","urlTemplate":"https:\/\/ctamega.pt\/?s={search_term_string}"},"query-input":{"@type":"PropertyValueSpecification","valueRequired":true,"valueName":"search_term_string"}}],"inLanguage":"pt-PT"},{"@type":"Organization","@id":"https:\/\/ctamega.pt\/#organization","name":"Construtora do T\u00e2mega","url":"https:\/\/ctamega.pt\/","logo":{"@type":"ImageObject","inLanguage":"pt-PT","@id":"https:\/\/ctamega.pt\/#\/schema\/logo\/image\/","url":"http:\/\/ctamega.pt\/wp-content\/uploads\/2016\/03\/Construtora-do-T\u00e2mega-Logo_Tamanho-pequeno.png","contentUrl":"http:\/\/ctamega.pt\/wp-content\/uploads\/2016\/03\/Construtora-do-T\u00e2mega-Logo_Tamanho-pequeno.png","width":736,"height":297,"caption":"Construtora do T\u00e2mega"},"image":{"@id":"https:\/\/ctamega.pt\/#\/schema\/logo\/image\/"},"sameAs":["https:\/\/www.linkedin.com\/company\/construtora-do-tamega-s-a-?trk=company_logo"]}]}},"_links":{"self":[{"href":"https:\/\/ctamega.pt\/index.php\/wp-json\/wp\/v2\/pages\/4","targetHints":{"allow":["GET"]}}],"collection":[{"href":"https:\/\/ctamega.pt\/index.php\/wp-json\/wp\/v2\/pages"}],"about":[{"href":"https:\/\/ctamega.pt\/index.php\/wp-json\/wp\/v2\/types\/page"}],"author":[{"embeddable":true,"href":"https:\/\/ctamega.pt\/index.php\/wp-json\/wp\/v2\/users\/7"}],"replies":[{"embeddable":true,"href":"https:\/\/ctamega.pt\/index.php\/wp-json\/wp\/v2\/comments?post=4"}],"version-history":[{"count":8,"href":"https:\/\/ctamega.pt\/index.php\/wp-json\/wp\/v2\/pages\/4\/revisions"}],"predecessor-version":[{"id":2298,"href":"https:\/\/ctamega.pt\/index.php\/wp-json\/wp\/v2\/pages\/4\/revisions\/2298"}],"wp:attachment":[{"href":"https:\/\/ctamega.pt\/index.php\/wp-json\/wp\/v2\/media?parent=4"}],"curies":[{"name":"wp","href":"https:\/\/api.w.org\/{rel}","templated":true}]}}