{"id":297,"date":"2015-05-28T13:05:13","date_gmt":"2015-05-28T13:05:13","guid":{"rendered":"http:\/\/localhost\/wordpress\/renovate\/?page_id=297"},"modified":"2021-05-18T15:30:40","modified_gmt":"2021-05-18T14:30:40","slug":"contactos-tamega_engineering","status":"publish","type":"page","link":"https:\/\/ctamega.pt\/index.php\/contactos-tamega_engineering\/","title":{"rendered":"Contactos"},"content":{"rendered":"<p>[vc_row type=&#8221;full-width&#8221;][vc_column]<div id='map' style='width:100%;height:px;'><\/div>\n\t<script type='text\/javascript'>\n\tvar map_map = null;\n\tvar coordinate_map;\n\ttry\n    {\n        coordinate_map=new google.maps.LatLng(38.904370, -9.074681);\n        var mapOptions= \n        {\n            zoom:16,\n            center:coordinate_map,\n            mapTypeId:google.maps.MapTypeId.ROADMAP,\n\t\t\tstreetViewControl:false,\n\t\t\tmapTypeControl:false,\n\t\t\tscrollwheel: false,\n\t\t\tdraggable: false,\n\t\t\tstyles: [ { 'featureType': 'water', 'elementType': 'geometry', 'stylers': [ { 'color': '#8ccaf1' } ] },{ 'featureType': 'poi', 'stylers': [ { 'visibility': 'off' } ] },{ 'featureType': 'transit', 'stylers': [ { 'visibility': 'off' } ] },{ 'featureType': 'water', 'elementType': 'labels', 'stylers': [ { 'color': '#ffffff' }, { 'visibility': 'simplified' } ] } ]\n        };\n        var map_map = new google.maps.Map(document.getElementById('map'),mapOptions);\n\t\tvar marker_map = new google.maps.Marker({\n\t\t\tposition: new google.maps.LatLng(38.904370, -9.074681),\n\t\t\tmap: map_map, icon: new google.maps.MarkerImage('https:\/\/ctamega.pt\/wp-content\/themes\/renovate\/images\/map_pointer.png', new google.maps.Size(38, 48), null, new google.maps.Point(18, 48))\n\t\t});\n    }\n    catch(e) {};\n\tjQuery(document).ready(function($){\n\t\t$(window).resize(function(){\n\t\t\tif(map_map!=null)\n\t\t\t\tmap_map.setCenter(coordinate_map);\n\t\t});\n\t});\n\t<\/script>[\/vc_column][\/vc_row][vc_row top_margin=&#8221;page-margin-top&#8221;][vc_column width=&#8221;1\/3&#8243;]<div class=\"feature-item sl-small-location\"><p><strong>Sede<\/strong><br \/>\nCabe\u00e7o da Rosa<br \/>\n2670-662 Bucelas, Portugal<\/p><\/div>[\/vc_column][vc_column width=&#8221;1\/3&#8243;]<div class=\"feature-item sl-small-phone\"><p><strong>Telefone<\/strong><br \/>\n211 960 550<\/p><\/div>[\/vc_column][vc_column width=&#8221;1\/3&#8243;]<div class=\"feature-item sl-small-mail\"><p><strong>E-Mail<\/strong><br \/>\n<a href=\"mailto:tamega@ctamega.pt\">tamega@ctamega.pt<\/a><\/p><\/div>[\/vc_column][\/vc_row][vc_row top_margin=&#8221;page-margin-top&#8221; el_class=&#8221;padding-bottom-66&#8243;][vc_column]<form class=\"contact-form \" id=\"contact_form\" method=\"post\" action=\"#\">\n\t\t<div class=\"vc_row wpb_row vc_inner\">\n\t\t\t<fieldset class=\"vc_col-sm-6 wpb_column vc_column_container\">\n\t\t\t\t<div class=\"block\">\n\t\t\t\t\t<input class=\"text_input\" name=\"name\" type=\"text\" value=\"Seu Nome *\" placeholder=\"Seu Nome *\">\n\t\t\t\t<\/div>\n\t\t\t\t<div class=\"block\">\n\t\t\t\t\t<input class=\"text_input\" name=\"email\" type=\"text\" value=\"Seu Email *\" placeholder=\"Seu Email *\">\n\t\t\t\t<\/div>\n\t\t\t\t<div class=\"block\">\n\t\t\t\t\t<input class=\"text_input\" name=\"phone\" type=\"text\" value=\"N\u00ba Telefone\" placeholder=\"N\u00ba Telefone\">\n\t\t\t\t<\/div>\n\t\t\t<\/fieldset>\n\t\t\t<fieldset class=\"vc_col-sm-6 wpb_column vc_column_container\">\n\t\t\t\t<div class=\"block\">\n\t\t\t\t\t<textarea class=\"margin_top_10\" name=\"message\" placeholder=\"Mensagem *\">Mensagem *<\/textarea>\n\t\t\t\t<\/div>\n\t\t\t<\/fieldset>\n\t\t<\/div>\n\t\t<div class=\"vc_row wpb_row vc_inner margin-top-30\">\n\t\t\t<fieldset class=\"vc_col-sm-6 wpb_column vc_column_container align-right\">\n\t\t\t\t<input type=\"hidden\" name=\"action\" value=\"theme_contact_form\">\n\t\t\t\t<input type=\"hidden\" name=\"id\" value=\"contact_form\">\n\t\t\t\t<input type=\"submit\" name=\"submit\" value=\"ENVIAR MENSAGEM\" class=\"more\">\n\t\t\t<\/fieldset>\n\t\t<\/div>\n\t<\/form>[\/vc_column][\/vc_row]<\/p>\n","protected":false},"excerpt":{"rendered":"<p>[vc_row type=&#8221;full-width&#8221;][vc_column][\/vc_column][\/vc_row][vc_row top_margin=&#8221;page-margin-top&#8221;][vc_column width=&#8221;1\/3&#8243;][\/vc_column][vc_column width=&#8221;1\/3&#8243;][\/vc_column][vc_column width=&#8221;1\/3&#8243;][\/vc_column][\/vc_row][vc_row top_margin=&#8221;page-margin-top&#8221; el_class=&#8221;padding-bottom-66&#8243;][vc_column][\/vc_column][\/vc_row]<\/p>\n","protected":false},"author":7,"featured_media":0,"parent":0,"menu_order":0,"comment_status":"closed","ping_status":"open","template":"template-default-without-breadcrumbs.php","meta":{"_exactmetrics_skip_tracking":false,"_exactmetrics_sitenote_active":false,"_exactmetrics_sitenote_note":"","_exactmetrics_sitenote_category":0,"footnotes":""},"class_list":["post-297","page","type-page","status-publish","hentry"],"yoast_head":"<!-- This site is optimized with the Yoast SEO plugin v24.7 - https:\/\/yoast.com\/wordpress\/plugins\/seo\/ -->\n<title>Contactos - T\u00e2mega Engineering<\/title>\n<meta name=\"description\" content=\"Contactos T\u00e2mega Engineering | Cabe\u00e7o da Rosa. Apartado 759 2671-601 BUCELAS | Telefone 211 960 550 | e-mail tamega@ctamega.pt\" \/>\n<meta name=\"robots\" content=\"index, follow, max-snippet:-1, max-image-preview:large, max-video-preview:-1\" \/>\n<link rel=\"canonical\" href=\"https:\/\/ctamega.pt\/index.php\/contactos-tamega_engineering\/\" \/>\n<meta property=\"og:locale\" content=\"pt_PT\" \/>\n<meta property=\"og:type\" content=\"article\" \/>\n<meta property=\"og:title\" content=\"Contactos - T\u00e2mega Engineering\" \/>\n<meta property=\"og:description\" content=\"Contactos T\u00e2mega Engineering | Cabe\u00e7o da Rosa. Apartado 759 2671-601 BUCELAS | Telefone 211 960 550 | e-mail tamega@ctamega.pt\" \/>\n<meta property=\"og:url\" content=\"https:\/\/ctamega.pt\/index.php\/contactos-tamega_engineering\/\" \/>\n<meta property=\"og:site_name\" content=\"T\u00e2mega Engineering\" \/>\n<meta property=\"article:modified_time\" content=\"2021-05-18T14:30:40+00:00\" \/>\n<meta name=\"twitter:card\" content=\"summary_large_image\" \/>\n<meta name=\"twitter:label1\" content=\"Tempo estimado de leitura\" \/>\n\t<meta name=\"twitter:data1\" content=\"1 minuto\" \/>\n<script type=\"application\/ld+json\" class=\"yoast-schema-graph\">{\"@context\":\"https:\/\/schema.org\",\"@graph\":[{\"@type\":\"WebPage\",\"@id\":\"https:\/\/ctamega.pt\/index.php\/contactos-tamega_engineering\/\",\"url\":\"https:\/\/ctamega.pt\/index.php\/contactos-tamega_engineering\/\",\"name\":\"Contactos - T\u00e2mega Engineering\",\"isPartOf\":{\"@id\":\"https:\/\/ctamega.pt\/#website\"},\"datePublished\":\"2015-05-28T13:05:13+00:00\",\"dateModified\":\"2021-05-18T14:30:40+00:00\",\"description\":\"Contactos T\u00e2mega Engineering | Cabe\u00e7o da Rosa. Apartado 759 2671-601 BUCELAS | Telefone 211 960 550 | e-mail tamega@ctamega.pt\",\"breadcrumb\":{\"@id\":\"https:\/\/ctamega.pt\/index.php\/contactos-tamega_engineering\/#breadcrumb\"},\"inLanguage\":\"pt-PT\",\"potentialAction\":[{\"@type\":\"ReadAction\",\"target\":[\"https:\/\/ctamega.pt\/index.php\/contactos-tamega_engineering\/\"]}]},{\"@type\":\"BreadcrumbList\",\"@id\":\"https:\/\/ctamega.pt\/index.php\/contactos-tamega_engineering\/#breadcrumb\",\"itemListElement\":[{\"@type\":\"ListItem\",\"position\":1,\"name\":\"Home\",\"item\":\"https:\/\/ctamega.pt\/\"},{\"@type\":\"ListItem\",\"position\":2,\"name\":\"Contactos\"}]},{\"@type\":\"WebSite\",\"@id\":\"https:\/\/ctamega.pt\/#website\",\"url\":\"https:\/\/ctamega.pt\/\",\"name\":\"T\u00e2mega Engineering\",\"description\":\"Construction Renovation Theme\",\"publisher\":{\"@id\":\"https:\/\/ctamega.pt\/#organization\"},\"potentialAction\":[{\"@type\":\"SearchAction\",\"target\":{\"@type\":\"EntryPoint\",\"urlTemplate\":\"https:\/\/ctamega.pt\/?s={search_term_string}\"},\"query-input\":{\"@type\":\"PropertyValueSpecification\",\"valueRequired\":true,\"valueName\":\"search_term_string\"}}],\"inLanguage\":\"pt-PT\"},{\"@type\":\"Organization\",\"@id\":\"https:\/\/ctamega.pt\/#organization\",\"name\":\"Construtora do T\u00e2mega\",\"url\":\"https:\/\/ctamega.pt\/\",\"logo\":{\"@type\":\"ImageObject\",\"inLanguage\":\"pt-PT\",\"@id\":\"https:\/\/ctamega.pt\/#\/schema\/logo\/image\/\",\"url\":\"http:\/\/ctamega.pt\/wp-content\/uploads\/2016\/03\/Construtora-do-T\u00e2mega-Logo_Tamanho-pequeno.png\",\"contentUrl\":\"http:\/\/ctamega.pt\/wp-content\/uploads\/2016\/03\/Construtora-do-T\u00e2mega-Logo_Tamanho-pequeno.png\",\"width\":736,\"height\":297,\"caption\":\"Construtora do T\u00e2mega\"},\"image\":{\"@id\":\"https:\/\/ctamega.pt\/#\/schema\/logo\/image\/\"},\"sameAs\":[\"https:\/\/www.linkedin.com\/company\/construtora-do-tamega-s-a-?trk=company_logo\"]}]}<\/script>\n<!-- \/ Yoast SEO plugin. -->","yoast_head_json":{"title":"Contactos - T\u00e2mega Engineering","description":"Contactos T\u00e2mega Engineering | Cabe\u00e7o da Rosa. Apartado 759 2671-601 BUCELAS | Telefone 211 960 550 | e-mail tamega@ctamega.pt","robots":{"index":"index","follow":"follow","max-snippet":"max-snippet:-1","max-image-preview":"max-image-preview:large","max-video-preview":"max-video-preview:-1"},"canonical":"https:\/\/ctamega.pt\/index.php\/contactos-tamega_engineering\/","og_locale":"pt_PT","og_type":"article","og_title":"Contactos - T\u00e2mega Engineering","og_description":"Contactos T\u00e2mega Engineering | Cabe\u00e7o da Rosa. Apartado 759 2671-601 BUCELAS | Telefone 211 960 550 | e-mail tamega@ctamega.pt","og_url":"https:\/\/ctamega.pt\/index.php\/contactos-tamega_engineering\/","og_site_name":"T\u00e2mega Engineering","article_modified_time":"2021-05-18T14:30:40+00:00","twitter_card":"summary_large_image","twitter_misc":{"Tempo estimado de leitura":"1 minuto"},"schema":{"@context":"https:\/\/schema.org","@graph":[{"@type":"WebPage","@id":"https:\/\/ctamega.pt\/index.php\/contactos-tamega_engineering\/","url":"https:\/\/ctamega.pt\/index.php\/contactos-tamega_engineering\/","name":"Contactos - T\u00e2mega Engineering","isPartOf":{"@id":"https:\/\/ctamega.pt\/#website"},"datePublished":"2015-05-28T13:05:13+00:00","dateModified":"2021-05-18T14:30:40+00:00","description":"Contactos T\u00e2mega Engineering | Cabe\u00e7o da Rosa. Apartado 759 2671-601 BUCELAS | Telefone 211 960 550 | e-mail tamega@ctamega.pt","breadcrumb":{"@id":"https:\/\/ctamega.pt\/index.php\/contactos-tamega_engineering\/#breadcrumb"},"inLanguage":"pt-PT","potentialAction":[{"@type":"ReadAction","target":["https:\/\/ctamega.pt\/index.php\/contactos-tamega_engineering\/"]}]},{"@type":"BreadcrumbList","@id":"https:\/\/ctamega.pt\/index.php\/contactos-tamega_engineering\/#breadcrumb","itemListElement":[{"@type":"ListItem","position":1,"name":"Home","item":"https:\/\/ctamega.pt\/"},{"@type":"ListItem","position":2,"name":"Contactos"}]},{"@type":"WebSite","@id":"https:\/\/ctamega.pt\/#website","url":"https:\/\/ctamega.pt\/","name":"T\u00e2mega Engineering","description":"Construction Renovation Theme","publisher":{"@id":"https:\/\/ctamega.pt\/#organization"},"potentialAction":[{"@type":"SearchAction","target":{"@type":"EntryPoint","urlTemplate":"https:\/\/ctamega.pt\/?s={search_term_string}"},"query-input":{"@type":"PropertyValueSpecification","valueRequired":true,"valueName":"search_term_string"}}],"inLanguage":"pt-PT"},{"@type":"Organization","@id":"https:\/\/ctamega.pt\/#organization","name":"Construtora do T\u00e2mega","url":"https:\/\/ctamega.pt\/","logo":{"@type":"ImageObject","inLanguage":"pt-PT","@id":"https:\/\/ctamega.pt\/#\/schema\/logo\/image\/","url":"http:\/\/ctamega.pt\/wp-content\/uploads\/2016\/03\/Construtora-do-T\u00e2mega-Logo_Tamanho-pequeno.png","contentUrl":"http:\/\/ctamega.pt\/wp-content\/uploads\/2016\/03\/Construtora-do-T\u00e2mega-Logo_Tamanho-pequeno.png","width":736,"height":297,"caption":"Construtora do T\u00e2mega"},"image":{"@id":"https:\/\/ctamega.pt\/#\/schema\/logo\/image\/"},"sameAs":["https:\/\/www.linkedin.com\/company\/construtora-do-tamega-s-a-?trk=company_logo"]}]}},"_links":{"self":[{"href":"https:\/\/ctamega.pt\/index.php\/wp-json\/wp\/v2\/pages\/297","targetHints":{"allow":["GET"]}}],"collection":[{"href":"https:\/\/ctamega.pt\/index.php\/wp-json\/wp\/v2\/pages"}],"about":[{"href":"https:\/\/ctamega.pt\/index.php\/wp-json\/wp\/v2\/types\/page"}],"author":[{"embeddable":true,"href":"https:\/\/ctamega.pt\/index.php\/wp-json\/wp\/v2\/users\/7"}],"replies":[{"embeddable":true,"href":"https:\/\/ctamega.pt\/index.php\/wp-json\/wp\/v2\/comments?post=297"}],"version-history":[{"count":1,"href":"https:\/\/ctamega.pt\/index.php\/wp-json\/wp\/v2\/pages\/297\/revisions"}],"predecessor-version":[{"id":2234,"href":"https:\/\/ctamega.pt\/index.php\/wp-json\/wp\/v2\/pages\/297\/revisions\/2234"}],"wp:attachment":[{"href":"https:\/\/ctamega.pt\/index.php\/wp-json\/wp\/v2\/media?parent=297"}],"curies":[{"name":"wp","href":"https:\/\/api.w.org\/{rel}","templated":true}]}}