{"id":1410,"date":"2016-03-25T00:58:08","date_gmt":"2016-03-25T00:58:08","guid":{"rendered":"http:\/\/finertec.info\/ctamega\/?page_id=1410"},"modified":"2017-03-03T11:57:35","modified_gmt":"2017-03-03T11:57:35","slug":"iberinstal-2","status":"publish","type":"page","link":"https:\/\/ctamega.pt\/index.php\/iberinstal-2\/","title":{"rendered":"Iberinstal"},"content":{"rendered":"<p>[vc_row type=&#8221;full-width&#8221;][vc_column][rev_slider_vc alias=&#8221;iberinstal&#8221;][\/vc_column][\/vc_row][vc_row top_margin=&#8221;page-margin-top-section&#8221;][vc_column]<h2 class=\"box-header\">IBERINSTAL<\/h2>[\/vc_column][\/vc_row][vc_row][vc_column][vc_column_text]<\/p>\n<div style=\"text-align: justify;\">\n<p><strong><em><a href=\"http:\/\/www.iberinstal.pt\/\" target=\"_blank\">IBERINSTAL<\/a> \u00e9 uma empresa participada da Construtura do T\u00e2mega. <\/em><\/strong><\/p>\n<p><strong><em>Somos especialistas em instala\u00e7\u00f5es\u00a0t\u00e9cnicas<\/em><\/strong><\/p>\n<p>Fundada em 1995, a <strong>Iberinstal \u2013 Instala\u00e7\u00f5es T\u00e9cnicas<\/strong> \u00e9 um hoje um dos players de refer\u00eancia no sector, dispondo de um <em>curriculum\u00a0<\/em>de obras de grande dimens\u00e3o e complexidade e de uma equipa de especialistas com compet\u00eancias pr\u00f3prias e experi\u00eancia relevante em\u00a0Instala\u00e7\u00f5es El\u00e9tricas,\u00a0Comunica\u00e7\u00f5es,\u00a0Gest\u00e3o T\u00e9cnica e Transporte &amp;\u00a0Distribui\u00e7\u00e3o de Energia.<\/p>\n<p>A <strong><a href=\"http:\/\/www.iberinstal.pt\/\" target=\"_blank\">Iberinstal<\/a><\/strong> est\u00e1 tamb\u00e9m presente em mercados internacionais, com principal incid\u00eancia em Angola, onde atrav\u00e9s da sua participada <strong>Iberinstal Linhas e Equipamentos,<\/strong> atua quer ao n\u00edvel de Instala\u00e7\u00f5es T\u00e9cnicas, quer ao n\u00edvel de\u00a0Transporte e Distribui\u00e7\u00e3o de Eletricidade.<\/p>\n<\/div>\n<p>[\/vc_column_text][\/vc_column][\/vc_row][vc_row css=&#8221;.vc_custom_1457579408817{margin-top: 50px !important;}&#8221;][vc_column][vc_single_image image=&#8221;1376&#8243; img_size=&#8221;medium&#8221; alignment=&#8221;center&#8221; onclick=&#8221;custom_link&#8221; img_link_target=&#8221;_blank&#8221; link=&#8221;http:\/\/www.iberinstal.pt\/&#8221;][\/vc_column][\/vc_row]<\/p>\n","protected":false},"excerpt":{"rendered":"<p>[vc_row type=&#8221;full-width&#8221;][vc_column][rev_slider_vc alias=&#8221;iberinstal&#8221;][\/vc_column][\/vc_row][vc_row top_margin=&#8221;page-margin-top-section&#8221;][vc_column][\/vc_column][\/vc_row][vc_row][vc_column][vc_column_text] IBERINSTAL \u00e9 uma empresa participada da Construtura do T\u00e2mega. Somos especialistas em instala\u00e7\u00f5es\u00a0t\u00e9cnicas Fundada em 1995, a Iberinstal \u2013 Instala\u00e7\u00f5es T\u00e9cnicas \u00e9 um hoje um dos players de refer\u00eancia no sector, dispondo de um curriculum\u00a0de obras de grande dimens\u00e3o e complexidade e de uma equipa de especialistas com compet\u00eancias pr\u00f3prias e<\/p>\n","protected":false},"author":7,"featured_media":0,"parent":0,"menu_order":0,"comment_status":"closed","ping_status":"closed","template":"template-default-without-breadcrumbs.php","meta":{"_exactmetrics_skip_tracking":false,"_exactmetrics_sitenote_active":false,"_exactmetrics_sitenote_note":"","_exactmetrics_sitenote_category":0,"footnotes":""},"class_list":["post-1410","page","type-page","status-publish","hentry"],"yoast_head":"<!-- This site is optimized with the Yoast SEO plugin v24.7 - https:\/\/yoast.com\/wordpress\/plugins\/seo\/ -->\n<title>Iberinstal - T\u00e2mega Engineering<\/title>\n<meta name=\"description\" content=\"Iberinstal - Instala\u00e7\u00f5es T\u00e9cnicas disp\u00f4e de um curriculum de obras de grande dimens\u00e3o e de uma equipa de especialistas com experi\u00eancia relevante.\" \/>\n<meta name=\"robots\" content=\"index, follow, max-snippet:-1, max-image-preview:large, max-video-preview:-1\" \/>\n<link rel=\"canonical\" href=\"https:\/\/ctamega.pt\/index.php\/iberinstal-2\/\" \/>\n<meta property=\"og:locale\" content=\"pt_PT\" \/>\n<meta property=\"og:type\" content=\"article\" \/>\n<meta property=\"og:title\" content=\"Iberinstal - T\u00e2mega Engineering\" \/>\n<meta property=\"og:description\" content=\"Iberinstal - Instala\u00e7\u00f5es T\u00e9cnicas disp\u00f4e de um curriculum de obras de grande dimens\u00e3o e de uma equipa de especialistas com experi\u00eancia relevante.\" \/>\n<meta property=\"og:url\" content=\"https:\/\/ctamega.pt\/index.php\/iberinstal-2\/\" \/>\n<meta property=\"og:site_name\" content=\"T\u00e2mega Engineering\" \/>\n<meta property=\"article:modified_time\" content=\"2017-03-03T11:57:35+00:00\" \/>\n<meta name=\"twitter:card\" content=\"summary_large_image\" \/>\n<meta name=\"twitter:label1\" content=\"Tempo estimado de leitura\" \/>\n\t<meta name=\"twitter:data1\" content=\"1 minuto\" \/>\n<script type=\"application\/ld+json\" class=\"yoast-schema-graph\">{\"@context\":\"https:\/\/schema.org\",\"@graph\":[{\"@type\":\"WebPage\",\"@id\":\"https:\/\/ctamega.pt\/index.php\/iberinstal-2\/\",\"url\":\"https:\/\/ctamega.pt\/index.php\/iberinstal-2\/\",\"name\":\"Iberinstal - T\u00e2mega Engineering\",\"isPartOf\":{\"@id\":\"https:\/\/ctamega.pt\/#website\"},\"datePublished\":\"2016-03-25T00:58:08+00:00\",\"dateModified\":\"2017-03-03T11:57:35+00:00\",\"description\":\"Iberinstal - Instala\u00e7\u00f5es T\u00e9cnicas disp\u00f4e de um curriculum de obras de grande dimens\u00e3o e de uma equipa de especialistas com experi\u00eancia relevante.\",\"breadcrumb\":{\"@id\":\"https:\/\/ctamega.pt\/index.php\/iberinstal-2\/#breadcrumb\"},\"inLanguage\":\"pt-PT\",\"potentialAction\":[{\"@type\":\"ReadAction\",\"target\":[\"https:\/\/ctamega.pt\/index.php\/iberinstal-2\/\"]}]},{\"@type\":\"BreadcrumbList\",\"@id\":\"https:\/\/ctamega.pt\/index.php\/iberinstal-2\/#breadcrumb\",\"itemListElement\":[{\"@type\":\"ListItem\",\"position\":1,\"name\":\"Home\",\"item\":\"https:\/\/ctamega.pt\/\"},{\"@type\":\"ListItem\",\"position\":2,\"name\":\"Iberinstal\"}]},{\"@type\":\"WebSite\",\"@id\":\"https:\/\/ctamega.pt\/#website\",\"url\":\"https:\/\/ctamega.pt\/\",\"name\":\"T\u00e2mega Engineering\",\"description\":\"Construction Renovation Theme\",\"publisher\":{\"@id\":\"https:\/\/ctamega.pt\/#organization\"},\"potentialAction\":[{\"@type\":\"SearchAction\",\"target\":{\"@type\":\"EntryPoint\",\"urlTemplate\":\"https:\/\/ctamega.pt\/?s={search_term_string}\"},\"query-input\":{\"@type\":\"PropertyValueSpecification\",\"valueRequired\":true,\"valueName\":\"search_term_string\"}}],\"inLanguage\":\"pt-PT\"},{\"@type\":\"Organization\",\"@id\":\"https:\/\/ctamega.pt\/#organization\",\"name\":\"Construtora do T\u00e2mega\",\"url\":\"https:\/\/ctamega.pt\/\",\"logo\":{\"@type\":\"ImageObject\",\"inLanguage\":\"pt-PT\",\"@id\":\"https:\/\/ctamega.pt\/#\/schema\/logo\/image\/\",\"url\":\"http:\/\/ctamega.pt\/wp-content\/uploads\/2016\/03\/Construtora-do-T\u00e2mega-Logo_Tamanho-pequeno.png\",\"contentUrl\":\"http:\/\/ctamega.pt\/wp-content\/uploads\/2016\/03\/Construtora-do-T\u00e2mega-Logo_Tamanho-pequeno.png\",\"width\":736,\"height\":297,\"caption\":\"Construtora do T\u00e2mega\"},\"image\":{\"@id\":\"https:\/\/ctamega.pt\/#\/schema\/logo\/image\/\"},\"sameAs\":[\"https:\/\/www.linkedin.com\/company\/construtora-do-tamega-s-a-?trk=company_logo\"]}]}<\/script>\n<!-- \/ Yoast SEO plugin. -->","yoast_head_json":{"title":"Iberinstal - T\u00e2mega Engineering","description":"Iberinstal - Instala\u00e7\u00f5es T\u00e9cnicas disp\u00f4e de um curriculum de obras de grande dimens\u00e3o e de uma equipa de especialistas com experi\u00eancia relevante.","robots":{"index":"index","follow":"follow","max-snippet":"max-snippet:-1","max-image-preview":"max-image-preview:large","max-video-preview":"max-video-preview:-1"},"canonical":"https:\/\/ctamega.pt\/index.php\/iberinstal-2\/","og_locale":"pt_PT","og_type":"article","og_title":"Iberinstal - T\u00e2mega Engineering","og_description":"Iberinstal - Instala\u00e7\u00f5es T\u00e9cnicas disp\u00f4e de um curriculum de obras de grande dimens\u00e3o e de uma equipa de especialistas com experi\u00eancia relevante.","og_url":"https:\/\/ctamega.pt\/index.php\/iberinstal-2\/","og_site_name":"T\u00e2mega Engineering","article_modified_time":"2017-03-03T11:57:35+00:00","twitter_card":"summary_large_image","twitter_misc":{"Tempo estimado de leitura":"1 minuto"},"schema":{"@context":"https:\/\/schema.org","@graph":[{"@type":"WebPage","@id":"https:\/\/ctamega.pt\/index.php\/iberinstal-2\/","url":"https:\/\/ctamega.pt\/index.php\/iberinstal-2\/","name":"Iberinstal - T\u00e2mega Engineering","isPartOf":{"@id":"https:\/\/ctamega.pt\/#website"},"datePublished":"2016-03-25T00:58:08+00:00","dateModified":"2017-03-03T11:57:35+00:00","description":"Iberinstal - Instala\u00e7\u00f5es T\u00e9cnicas disp\u00f4e de um curriculum de obras de grande dimens\u00e3o e de uma equipa de especialistas com experi\u00eancia relevante.","breadcrumb":{"@id":"https:\/\/ctamega.pt\/index.php\/iberinstal-2\/#breadcrumb"},"inLanguage":"pt-PT","potentialAction":[{"@type":"ReadAction","target":["https:\/\/ctamega.pt\/index.php\/iberinstal-2\/"]}]},{"@type":"BreadcrumbList","@id":"https:\/\/ctamega.pt\/index.php\/iberinstal-2\/#breadcrumb","itemListElement":[{"@type":"ListItem","position":1,"name":"Home","item":"https:\/\/ctamega.pt\/"},{"@type":"ListItem","position":2,"name":"Iberinstal"}]},{"@type":"WebSite","@id":"https:\/\/ctamega.pt\/#website","url":"https:\/\/ctamega.pt\/","name":"T\u00e2mega Engineering","description":"Construction Renovation Theme","publisher":{"@id":"https:\/\/ctamega.pt\/#organization"},"potentialAction":[{"@type":"SearchAction","target":{"@type":"EntryPoint","urlTemplate":"https:\/\/ctamega.pt\/?s={search_term_string}"},"query-input":{"@type":"PropertyValueSpecification","valueRequired":true,"valueName":"search_term_string"}}],"inLanguage":"pt-PT"},{"@type":"Organization","@id":"https:\/\/ctamega.pt\/#organization","name":"Construtora do T\u00e2mega","url":"https:\/\/ctamega.pt\/","logo":{"@type":"ImageObject","inLanguage":"pt-PT","@id":"https:\/\/ctamega.pt\/#\/schema\/logo\/image\/","url":"http:\/\/ctamega.pt\/wp-content\/uploads\/2016\/03\/Construtora-do-T\u00e2mega-Logo_Tamanho-pequeno.png","contentUrl":"http:\/\/ctamega.pt\/wp-content\/uploads\/2016\/03\/Construtora-do-T\u00e2mega-Logo_Tamanho-pequeno.png","width":736,"height":297,"caption":"Construtora do T\u00e2mega"},"image":{"@id":"https:\/\/ctamega.pt\/#\/schema\/logo\/image\/"},"sameAs":["https:\/\/www.linkedin.com\/company\/construtora-do-tamega-s-a-?trk=company_logo"]}]}},"_links":{"self":[{"href":"https:\/\/ctamega.pt\/index.php\/wp-json\/wp\/v2\/pages\/1410","targetHints":{"allow":["GET"]}}],"collection":[{"href":"https:\/\/ctamega.pt\/index.php\/wp-json\/wp\/v2\/pages"}],"about":[{"href":"https:\/\/ctamega.pt\/index.php\/wp-json\/wp\/v2\/types\/page"}],"author":[{"embeddable":true,"href":"https:\/\/ctamega.pt\/index.php\/wp-json\/wp\/v2\/users\/7"}],"replies":[{"embeddable":true,"href":"https:\/\/ctamega.pt\/index.php\/wp-json\/wp\/v2\/comments?post=1410"}],"version-history":[{"count":0,"href":"https:\/\/ctamega.pt\/index.php\/wp-json\/wp\/v2\/pages\/1410\/revisions"}],"wp:attachment":[{"href":"https:\/\/ctamega.pt\/index.php\/wp-json\/wp\/v2\/media?parent=1410"}],"curies":[{"name":"wp","href":"https:\/\/api.w.org\/{rel}","templated":true}]}}