{"id":714,"date":"2016-02-03T16:57:13","date_gmt":"2016-02-03T16:57:13","guid":{"rendered":"http:\/\/localhost\/ctamega\/?page_id=714"},"modified":"2021-05-20T17:46:49","modified_gmt":"2021-05-20T16:46:49","slug":"groupe-finertec","status":"publish","type":"page","link":"https:\/\/ctamega.pt\/fr\/index.php\/groupe-finertec\/","title":{"rendered":"T\u00e2mega Group"},"content":{"rendered":"<p>[vc_row type=&#8221;full-width&#8221;][vc_column][rev_slider_vc alias=&#8221;grupo_finertec&#8221;][\/vc_column][\/vc_row][vc_row top_margin=&#8221;page-margin-top-section&#8221;][vc_column]<h2 class=\"box-header\">T\u00c2MEGA GROUP<\/h2>[\/vc_column][\/vc_row][vc_row][vc_column][vc_column_text]<\/p>\n<div style=\"text-align: justify;\">\n<p><strong><em>T\u00e2mega Engineering est une soci\u00e9t\u00e9 qui fait partie du groupe T\u00e2mega Group.<\/em><\/strong><\/p>\n<p>Cr\u00e9e en 2005, <a href=\"http:\/\/tamegagroup.com\">T\u00e2mega Group<\/a> est un groupe \u00e0 caract\u00e8re familial, qui est actif dans quatre domaines d&#8217;activit\u00e9 &#8211; Energie, Environnement, Ing\u00e9nierie, Construction et infrastructures. B\u00e9n\u00e9ficiant d\u2019une vaste exp\u00e9rience et d\u2019un palmar\u00e8s \u00e9tabli dans diff\u00e9rents secteurs d&#8217;activit\u00e9, alli\u00e9s \u00e0 sa pr\u00e9sence et projets r\u00e9alis\u00e9s dans divers pays \u00e0 travers le monde.<\/p>\n<p>L&#8217;expertise du <strong>T\u00e2mega Group<\/strong> transcende les fronti\u00e8res, fond\u00e9e sur un mod\u00e8le cibl\u00e9 pour le transfert de savoir-faire et la cr\u00e9ation de partenariats strat\u00e9giques avec des partenaires et autorit\u00e9s locales.<\/p>\n<\/div>\n<p>[\/vc_column_text][\/vc_column][\/vc_row][vc_row][vc_column]<div class=\"announcement clearfix\">\r\n\t\t\t\t\t<div class=\"vc_row wpb_row vc_row-fluid\">\r\n\t\t\t\t\t\t<div class=\"vc_col-sm-9 wpb_column vc_column_container\">\r\n\t\t\t\t\t\t\t<div class=\"vertical-align\">\r\n\t\t\t\t\t\t\t\t<div class=\"vertical-align-cell sl-small-tick\">\r\n\t\t\t\t\t\t\t\t\t<h3>NOUS CR\u00c9ONS DES SOLUTIONS<\/h3>\r\n\t\t\t\t\t\t\t\t<\/div>\r\n\t\t\t\t\t\t\t<\/div>\r\n\t\t\t\t\t\t<\/div><\/div>\r\n\t\t\t<\/div>[\/vc_column][\/vc_row][vc_row][vc_column][vc_column_text]<\/p>\n<div style=\"text-align: justify:;\">\n<p>L\u2019\u00e9tendue des activit\u00e9s entreprises par nos soci\u00e9t\u00e9s nous permet de d\u00e9velopper des solutions adapt\u00e9es aux besoins sp\u00e9cifiques de nos clients.<\/p>\n<p>Allant de la simple conception et construction (Design &amp; Build) \u00e0 des mod\u00e8les plus complexes de montage financier (DBO, DBFO, Project Finance, Concessions), nous mettons tout en \u0153uvre pour d\u00e9velopper et proposer des solutions techniques et financi\u00e8res taill\u00e9es sur mesure, afin de mieux r\u00e9pondre aux besoins de nos clients.<\/p>\n<p>Notre vaste exp\u00e9rience au sein des pays africains nous apporte une valeur ajout\u00e9e, dont la recherche et la mise en \u0153uvre de solutions adapt\u00e9es et personnalis\u00e9es, refl\u00e9tant les besoins et les priorit\u00e9s exprim\u00e9s par nos clients, repr\u00e9sentent notre trait distinctif.<\/p>\n<\/div>\n<p>[\/vc_column_text][\/vc_column][\/vc_row]<\/p>\n","protected":false},"excerpt":{"rendered":"<p>[vc_row type=&#8221;full-width&#8221;][vc_column][rev_slider_vc alias=&#8221;grupo_finertec&#8221;][\/vc_column][\/vc_row][vc_row top_margin=&#8221;page-margin-top-section&#8221;][vc_column][\/vc_column][\/vc_row][vc_row][vc_column][vc_column_text] T\u00e2mega Engineering est une soci\u00e9t\u00e9 qui fait partie du groupe T\u00e2mega Group. Cr\u00e9e en 2005, T\u00e2mega Group est un groupe \u00e0 caract\u00e8re familial, qui est actif dans quatre domaines d&#8217;activit\u00e9 &#8211; Energie, Environnement, Ing\u00e9nierie, Construction et infrastructures. B\u00e9n\u00e9ficiant d\u2019une vaste exp\u00e9rience et d\u2019un palmar\u00e8s \u00e9tabli dans diff\u00e9rents secteurs d&#8217;activit\u00e9, alli\u00e9s \u00e0<\/p>\n","protected":false},"author":3,"featured_media":0,"parent":0,"menu_order":0,"comment_status":"closed","ping_status":"closed","template":"template-default-without-breadcrumbs.php","meta":[],"yoast_head":"<!-- This site is optimized with the Yoast SEO plugin v16.3 - https:\/\/yoast.com\/wordpress\/plugins\/seo\/ -->\n<title>T\u00e2mega Group - Construtora do Tamega<\/title>\n<meta name=\"description\" content=\"A Construtora do T\u00e2mega \u00e9 uma empresa que faz parte do grupo FINERTEC.\" \/>\n<meta name=\"robots\" content=\"index, follow, max-snippet:-1, max-image-preview:large, max-video-preview:-1\" \/>\n<link rel=\"canonical\" href=\"http:\/\/ctamega.pt\/fr\/index.php\/groupe-finertec\/\" \/>\n<meta property=\"og:locale\" content=\"en_US\" \/>\n<meta property=\"og:type\" content=\"article\" \/>\n<meta property=\"og:title\" content=\"T\u00e2mega Group - Construtora do Tamega\" \/>\n<meta property=\"og:description\" content=\"A Construtora do T\u00e2mega \u00e9 uma empresa que faz parte do grupo FINERTEC.\" \/>\n<meta property=\"og:url\" content=\"http:\/\/ctamega.pt\/fr\/index.php\/groupe-finertec\/\" \/>\n<meta property=\"og:site_name\" content=\"Construtora do Tamega\" \/>\n<meta property=\"article:modified_time\" content=\"2021-05-20T16:46:49+00:00\" \/>\n<meta name=\"twitter:card\" content=\"summary\" \/>\n<meta name=\"twitter:label1\" content=\"Est. reading time\">\n\t<meta name=\"twitter:data1\" content=\"1 minute\">\n<script type=\"application\/ld+json\" class=\"yoast-schema-graph\">{\"@context\":\"https:\/\/schema.org\",\"@graph\":[{\"@type\":\"WebSite\",\"@id\":\"https:\/\/ctamega.pt\/fr\/#website\",\"url\":\"https:\/\/ctamega.pt\/fr\/\",\"name\":\"Construtora do Tamega\",\"description\":\"My WordPress Blog\",\"potentialAction\":[{\"@type\":\"SearchAction\",\"target\":\"https:\/\/ctamega.pt\/fr\/?s={search_term_string}\",\"query-input\":\"required name=search_term_string\"}],\"inLanguage\":\"en-US\"},{\"@type\":\"WebPage\",\"@id\":\"http:\/\/ctamega.pt\/fr\/index.php\/groupe-finertec\/#webpage\",\"url\":\"http:\/\/ctamega.pt\/fr\/index.php\/groupe-finertec\/\",\"name\":\"T\\u00e2mega Group - Construtora do Tamega\",\"isPartOf\":{\"@id\":\"https:\/\/ctamega.pt\/fr\/#website\"},\"datePublished\":\"2016-02-03T16:57:13+00:00\",\"dateModified\":\"2021-05-20T16:46:49+00:00\",\"description\":\"A Construtora do T\\u00e2mega \\u00e9 uma empresa que faz parte do grupo FINERTEC.\",\"breadcrumb\":{\"@id\":\"http:\/\/ctamega.pt\/fr\/index.php\/groupe-finertec\/#breadcrumb\"},\"inLanguage\":\"en-US\",\"potentialAction\":[{\"@type\":\"ReadAction\",\"target\":[\"http:\/\/ctamega.pt\/fr\/index.php\/groupe-finertec\/\"]}]},{\"@type\":\"BreadcrumbList\",\"@id\":\"http:\/\/ctamega.pt\/fr\/index.php\/groupe-finertec\/#breadcrumb\",\"itemListElement\":[{\"@type\":\"ListItem\",\"position\":1,\"item\":{\"@type\":\"WebPage\",\"@id\":\"https:\/\/ctamega.pt\/fr\/\",\"url\":\"https:\/\/ctamega.pt\/fr\/\",\"name\":\"Home\"}},{\"@type\":\"ListItem\",\"position\":2,\"item\":{\"@id\":\"http:\/\/ctamega.pt\/fr\/index.php\/groupe-finertec\/#webpage\"}}]}]}<\/script>\n<!-- \/ Yoast SEO plugin. -->","_links":{"self":[{"href":"https:\/\/ctamega.pt\/fr\/index.php\/wp-json\/wp\/v2\/pages\/714"}],"collection":[{"href":"https:\/\/ctamega.pt\/fr\/index.php\/wp-json\/wp\/v2\/pages"}],"about":[{"href":"https:\/\/ctamega.pt\/fr\/index.php\/wp-json\/wp\/v2\/types\/page"}],"author":[{"embeddable":true,"href":"https:\/\/ctamega.pt\/fr\/index.php\/wp-json\/wp\/v2\/users\/3"}],"replies":[{"embeddable":true,"href":"https:\/\/ctamega.pt\/fr\/index.php\/wp-json\/wp\/v2\/comments?post=714"}],"version-history":[{"count":1,"href":"https:\/\/ctamega.pt\/fr\/index.php\/wp-json\/wp\/v2\/pages\/714\/revisions"}],"predecessor-version":[{"id":2579,"href":"https:\/\/ctamega.pt\/fr\/index.php\/wp-json\/wp\/v2\/pages\/714\/revisions\/2579"}],"wp:attachment":[{"href":"https:\/\/ctamega.pt\/fr\/index.php\/wp-json\/wp\/v2\/media?parent=714"}],"curies":[{"name":"wp","href":"https:\/\/api.w.org\/{rel}","templated":true}]}}