{"id":712,"date":"2016-02-03T16:57:03","date_gmt":"2016-02-03T16:57:03","guid":{"rendered":"http:\/\/localhost\/ctamega\/?page_id=712"},"modified":"2021-05-20T17:51:48","modified_gmt":"2021-05-20T16:51:48","slug":"tamega-dans-le-monde","status":"publish","type":"page","link":"https:\/\/ctamega.pt\/fr\/index.php\/tamega-dans-le-monde\/","title":{"rendered":"INTERNATIONAL"},"content":{"rendered":"<p>[vc_row type=&#8221;full-width&#8221;][vc_column][rev_slider_vc alias=&#8221;tamega_mundo&#8221;][\/vc_column][\/vc_row][vc_row top_margin=&#8221;page-margin-top-section&#8221;][vc_column]<h2 class=\"box-header\">T\u00c2MEGA DANS LE MONDE<\/h2>[\/vc_column][\/vc_row][vc_row][vc_column][vc_column_text]Disposant d\u2019une forte pr\u00e9sence internationale, <strong>T\u00e2mega Engineering<\/strong> a d\u00e9j\u00e0 men\u00e9 \u00e0 bien des nombreux projets \u00e0 travers le monde, en favorisant le d\u00e9veloppement \u00e9conomique et social dans les r\u00e9gions o\u00f9 elle op\u00e8re. Son exp\u00e9rience solide, acquise au Portugal et en Espagne, a servi de rampe de lancement pour poursuivre son expansion international depuis 1950, en particulier sur le continent africain, ouvrant ainsi la voie \u00e0 de nouveaux march\u00e9s, notamment Angola, Mozambique, Cap-Vert, C\u00f4te-d&#8217;Ivoire, S\u00e9n\u00e9gal, Congo Brazzaville, Nigeria, Ghana, Afrique du Sud et Mauritanie, ainsi que pays du Moyen-Orient, comme l&#8217;Arabie Saoudite et la Jordanie. R\u00e9cemment, <strong>T\u00e2mega Engineering<\/strong> a commenc\u00e9 son activit\u00e9 en Am\u00e9rique centrale, en particulier au Panama.[\/vc_column_text][\/vc_column][\/vc_row][vc_row][vc_column][vc_column_text]<\/p>\n<table class=\"wp-list-table widefat fixed striped maps\">\n<tbody id=\"the-list\" data-wp-lists=\"list:map\">\n<tr>\n<td class=\"shortcode column-shortcode\" data-colname=\"Shortcode\"><div id=\"mapplic1\"><\/div><\/td>\n<\/tr>\n<\/tbody>\n<\/table>\n<p>[\/vc_column_text][\/vc_column][\/vc_row]<\/p>\n","protected":false},"excerpt":{"rendered":"<p>[vc_row type=&#8221;full-width&#8221;][vc_column][rev_slider_vc alias=&#8221;tamega_mundo&#8221;][\/vc_column][\/vc_row][vc_row top_margin=&#8221;page-margin-top-section&#8221;][vc_column][\/vc_column][\/vc_row][vc_row][vc_column][vc_column_text]Disposant d\u2019une forte pr\u00e9sence internationale, T\u00e2mega Engineering a d\u00e9j\u00e0 men\u00e9 \u00e0 bien des nombreux projets \u00e0 travers le monde, en favorisant le d\u00e9veloppement \u00e9conomique et social dans les r\u00e9gions o\u00f9 elle op\u00e8re. Son exp\u00e9rience solide, acquise au Portugal et en Espagne, a servi de rampe de lancement pour poursuivre son expansion international<\/p>\n","protected":false},"author":3,"featured_media":0,"parent":0,"menu_order":0,"comment_status":"closed","ping_status":"closed","template":"template-default-without-breadcrumbs.php","meta":[],"yoast_head":"<!-- This site is optimized with the Yoast SEO plugin v16.3 - https:\/\/yoast.com\/wordpress\/plugins\/seo\/ -->\n<title>INTERNATIONAL - Construtora do Tamega<\/title>\n<meta name=\"description\" content=\"T\u00e2mega no mundo | Com uma forte presen\u00e7a internacional, a Construtura do T\u00e2mega, j\u00e1 concretizou projetos em v\u00e1rias partes do mundo.\" \/>\n<meta name=\"robots\" content=\"index, follow, max-snippet:-1, max-image-preview:large, max-video-preview:-1\" \/>\n<link rel=\"canonical\" href=\"http:\/\/ctamega.pt\/fr\/index.php\/tamega-dans-le-monde\/\" \/>\n<meta property=\"og:locale\" content=\"en_US\" \/>\n<meta property=\"og:type\" content=\"article\" \/>\n<meta property=\"og:title\" content=\"INTERNATIONAL - Construtora do Tamega\" \/>\n<meta property=\"og:description\" content=\"T\u00e2mega no mundo | Com uma forte presen\u00e7a internacional, a Construtura do T\u00e2mega, j\u00e1 concretizou projetos em v\u00e1rias partes do mundo.\" \/>\n<meta property=\"og:url\" content=\"http:\/\/ctamega.pt\/fr\/index.php\/tamega-dans-le-monde\/\" \/>\n<meta property=\"og:site_name\" content=\"Construtora do Tamega\" \/>\n<meta property=\"article:modified_time\" content=\"2021-05-20T16:51:48+00:00\" \/>\n<meta name=\"twitter:card\" content=\"summary\" \/>\n<meta name=\"twitter:label1\" content=\"Est. reading time\">\n\t<meta name=\"twitter:data1\" content=\"1 minute\">\n<script type=\"application\/ld+json\" class=\"yoast-schema-graph\">{\"@context\":\"https:\/\/schema.org\",\"@graph\":[{\"@type\":\"WebSite\",\"@id\":\"https:\/\/ctamega.pt\/fr\/#website\",\"url\":\"https:\/\/ctamega.pt\/fr\/\",\"name\":\"Construtora do Tamega\",\"description\":\"My WordPress Blog\",\"potentialAction\":[{\"@type\":\"SearchAction\",\"target\":\"https:\/\/ctamega.pt\/fr\/?s={search_term_string}\",\"query-input\":\"required name=search_term_string\"}],\"inLanguage\":\"en-US\"},{\"@type\":\"WebPage\",\"@id\":\"http:\/\/ctamega.pt\/fr\/index.php\/tamega-dans-le-monde\/#webpage\",\"url\":\"http:\/\/ctamega.pt\/fr\/index.php\/tamega-dans-le-monde\/\",\"name\":\"INTERNATIONAL - Construtora do Tamega\",\"isPartOf\":{\"@id\":\"https:\/\/ctamega.pt\/fr\/#website\"},\"datePublished\":\"2016-02-03T16:57:03+00:00\",\"dateModified\":\"2021-05-20T16:51:48+00:00\",\"description\":\"T\\u00e2mega no mundo | Com uma forte presen\\u00e7a internacional, a Construtura do T\\u00e2mega, j\\u00e1 concretizou projetos em v\\u00e1rias partes do mundo.\",\"breadcrumb\":{\"@id\":\"http:\/\/ctamega.pt\/fr\/index.php\/tamega-dans-le-monde\/#breadcrumb\"},\"inLanguage\":\"en-US\",\"potentialAction\":[{\"@type\":\"ReadAction\",\"target\":[\"http:\/\/ctamega.pt\/fr\/index.php\/tamega-dans-le-monde\/\"]}]},{\"@type\":\"BreadcrumbList\",\"@id\":\"http:\/\/ctamega.pt\/fr\/index.php\/tamega-dans-le-monde\/#breadcrumb\",\"itemListElement\":[{\"@type\":\"ListItem\",\"position\":1,\"item\":{\"@type\":\"WebPage\",\"@id\":\"https:\/\/ctamega.pt\/fr\/\",\"url\":\"https:\/\/ctamega.pt\/fr\/\",\"name\":\"Home\"}},{\"@type\":\"ListItem\",\"position\":2,\"item\":{\"@id\":\"http:\/\/ctamega.pt\/fr\/index.php\/tamega-dans-le-monde\/#webpage\"}}]}]}<\/script>\n<!-- \/ Yoast SEO plugin. -->","_links":{"self":[{"href":"https:\/\/ctamega.pt\/fr\/index.php\/wp-json\/wp\/v2\/pages\/712"}],"collection":[{"href":"https:\/\/ctamega.pt\/fr\/index.php\/wp-json\/wp\/v2\/pages"}],"about":[{"href":"https:\/\/ctamega.pt\/fr\/index.php\/wp-json\/wp\/v2\/types\/page"}],"author":[{"embeddable":true,"href":"https:\/\/ctamega.pt\/fr\/index.php\/wp-json\/wp\/v2\/users\/3"}],"replies":[{"embeddable":true,"href":"https:\/\/ctamega.pt\/fr\/index.php\/wp-json\/wp\/v2\/comments?post=712"}],"version-history":[{"count":2,"href":"https:\/\/ctamega.pt\/fr\/index.php\/wp-json\/wp\/v2\/pages\/712\/revisions"}],"predecessor-version":[{"id":2585,"href":"https:\/\/ctamega.pt\/fr\/index.php\/wp-json\/wp\/v2\/pages\/712\/revisions\/2585"}],"wp:attachment":[{"href":"https:\/\/ctamega.pt\/fr\/index.php\/wp-json\/wp\/v2\/media?parent=712"}],"curies":[{"name":"wp","href":"https:\/\/api.w.org\/{rel}","templated":true}]}}