{"id":710,"date":"2016-02-03T16:56:53","date_gmt":"2016-02-03T16:56:53","guid":{"rendered":"http:\/\/localhost\/ctamega\/?page_id=710"},"modified":"2017-03-03T11:57:55","modified_gmt":"2017-03-03T11:57:55","slug":"vision-mission-et-valeurs","status":"publish","type":"page","link":"https:\/\/ctamega.pt\/fr\/index.php\/vision-mission-et-valeurs\/","title":{"rendered":"Vision, Mission et Valeurs"},"content":{"rendered":"<p>[vc_row type=&#8221;full-width re-parallax&#8221; css=&#8221;.vc_custom_1432041687155{background-image: url(http:\/\/ctamega.pt\/wp-content\/uploads\/2015\/01\/missao.jpg) !important;}&#8221; el_class=&#8221;padding-top-70 padding-bottom-66&#8243;][vc_column][vc_row_inner][vc_column_inner]<div class=\"testimonials-container type-big\"><a href=\"#\" class=\"slider-control left template-arrow-left-1\"><\/a><ul class=\"testimonials-list autoplay-0 pause_on_hover-1 scroll-1 effect-scroll easing-easeInOutQuint duration-500\"><li>\r\n\t\t\t\t\t\r\n\t\t\t\t\t<p><\/p>\n<h2>Notre Mission<\/h2>\n<p><em>Construire efficacemente, mettre l\u00b4accent sur l\u00b4innovation et contribuer au d\u00e9veloppement \u00e9conomique et social des march\u00e9s sur lesquels nous sommes actifs.\u201d<\/em><\/p>\r\n\t\t\t\t\t\r\n\t\t\t\t\t\r\n\t\t\t\t\t\r\n\t\t\t\t\t\r\n\t\t\t\t\t\r\n\t\t\t\t<\/li><\/ul><a href=\"#\" class=\"slider-control right template-arrow-left-1\"><\/a><\/div>[\/vc_column_inner][\/vc_row_inner][\/vc_column][\/vc_row][vc_row][vc_column][vc_column_text css=&#8221;.vc_custom_1459259794872{margin-top: 40px !important;margin-right: 50px !important;margin-left: 50px !important;}&#8221;]<\/p>\n<h2 style=\"text-align: center;\">Notre Vision<\/h2>\n<p style=\"text-align: center;\">\u00catre reconnue comme um acteur de r\u00e9f\u00e9rence, en consolidant notre pr\u00e9sence au niveau national et international, assurer une croissance continue, incarn\u00e9e dans un mod\u00e8le op\u00e9rationnel durable, afin de procurer de la valeur \u00e0 notre organisation et du progr\u00e8s \u00e9conomique, social et environnemental.<\/p>\n<p>[\/vc_column_text][\/vc_column][\/vc_row][vc_row type=&#8221;full-width&#8221; top_margin=&#8221;page-margin-top-section&#8221; css=&#8221;.vc_custom_1454951093729{margin-bottom: 50px !important;background-color: #f5f5f5 !important;}&#8221; el_class=&#8221; page-padding-top-section padding-bottom-66&#8243;][vc_column][vc_column_text css=&#8221;.vc_custom_1459259779702{margin-bottom: 40px !important;}&#8221;]<\/p>\n<h2 style=\"text-align: center;\">Nos Valeurs<\/h2>\n<p style=\"text-align: center;\">La recherche constante de solutions novatrices aux d\u00e9fis les plus exigeants est guid\u00e9e par des valeurs uniques qui refl\u00e8tent notre engagement envers la croissance de\u00a0Construtora do T\u00e2mega et de tous les acteurs concern\u00e9s::<\/p>\n<p>[\/vc_column_text][vc_tabs][vc_tab icon=&#8221;sl-small-bubble-check&#8221; title=&#8221;Qualit\u00e9&#8221; tab_id=&#8221;qualit\u00e9&#8221;][vc_row_inner][vc_column_inner]<h4 class=\"box-header\">QUALIT\u00c9<\/h4>[vc_column_text]Nous envisageons l\u00b4am\u00e9lioration en permanence et la mise en \u0153uvre\u00a0de notre Syst\u00e8me de Gestion de la Qualit\u00e9, soumis \u00e0 des crit\u00e8res d\u2019efficacit\u00e9 et de contr\u00f4le les plus rigoureux, gr\u00e2ce \u00e0 la participation active de tous les actionnaires et employ\u00e9s, reposant sur les piliers de l&#8217;\u00e9thique, l&#8217;innovation et la poursuite de l&#8217;excellence.[\/vc_column_text][\/vc_column_inner][\/vc_row_inner][\/vc_tab][vc_tab icon=&#8221;sl-small-shield&#8221; title=&#8221;Confiance&#8221; tab_id=&#8221;confiance&#8221;][vc_row_inner][vc_column_inner]<h4 class=\"box-header\">CONFIANCE<\/h4>[vc_column_text]Vou\u00e9e \u00e0 la poursuite incessante de l\u2019excellence, visant \u00e0 \u00e9lever la satisfaction de nos clients, actionnaires et employ\u00e9s, soutenue par les standards de performance les plus exigeants, aussi bien en termes de qualit\u00e9 qu\u2019en termes de co\u00fbts et d\u00e9lais.[\/vc_column_text][\/vc_column_inner][\/vc_row_inner][\/vc_tab][vc_tab icon=&#8221;sl-small-lightbulb&#8221; title=&#8221;Innovation&#8221; tab_id=&#8221;innovation&#8221;][vc_row_inner][vc_column_inner]<h4 class=\"box-header\">INNOVATION<\/h4>[vc_column_text]L&#8217;innovation comme une force motrice pour chaque projet et la consolidation de notre identit\u00e9 unique. La cr\u00e9ativit\u00e9 et la coop\u00e9ration scientifique et technologique sont des engagements fondamentaux chez nous, afin de parvenir \u00e0 des solutions optimales, tout en assurant des r\u00e9sultats sup\u00e9rieurs, et d\u00e9passer les attentes de nos clients.[\/vc_column_text][\/vc_column_inner][\/vc_row_inner][\/vc_tab][vc_tab icon=&#8221;sl-small-eco&#8221; title=&#8221;Int\u00e9grit\u00e9&#8221; tab_id=&#8221;int\u00e9grit\u00e9&#8221;]<h4 class=\"box-header\">INT\u00c9GRIT\u00c9<\/h4>[vc_column_text]L\u2019\u00e9thique, la rigueur et la transparence constituent un d\u00e9nominateur commun de toutes nos activit\u00e9s, respectant \u00e0 la foi nos engagements, nos employ\u00e9s, l&#8217;environnement et l\u2019ensemble de la soci\u00e9t\u00e9 et en contribuant ainsi au d\u00e9veloppement durable.[\/vc_column_text][\/vc_tab][\/vc_tabs][\/vc_column][\/vc_row]<\/p>\n","protected":false},"excerpt":{"rendered":"<p>[vc_row type=&#8221;full-width re-parallax&#8221; css=&#8221;.vc_custom_1432041687155{background-image: url(http:\/\/ctamega.pt\/wp-content\/uploads\/2015\/01\/missao.jpg) !important;}&#8221; el_class=&#8221;padding-top-70 padding-bottom-66&#8243;][vc_column][vc_row_inner][vc_column_inner][\/vc_column_inner][\/vc_row_inner][\/vc_column][\/vc_row][vc_row][vc_column][vc_column_text css=&#8221;.vc_custom_1459259794872{margin-top: 40px !important;margin-right: 50px !important;margin-left: 50px !important;}&#8221;] Notre Vision \u00catre reconnue comme um acteur de r\u00e9f\u00e9rence, en consolidant notre pr\u00e9sence au niveau national et international, assurer une croissance continue, incarn\u00e9e dans un mod\u00e8le op\u00e9rationnel durable, afin de procurer de la valeur \u00e0 notre organisation et du progr\u00e8s<\/p>\n","protected":false},"author":3,"featured_media":0,"parent":0,"menu_order":0,"comment_status":"closed","ping_status":"closed","template":"template-default-without-breadcrumbs.php","meta":[],"yoast_head":"<!-- This site is optimized with the Yoast SEO plugin v16.3 - https:\/\/yoast.com\/wordpress\/plugins\/seo\/ -->\n<title>Vision, Mission et Valeurs - Construtora do Tamega<\/title>\n<meta name=\"description\" content=\"H\u00e1 70 anos que a Construtora do T\u00e2mega \u00e9 uma das empresas de refer\u00eancia no setor de Constru\u00e7\u00e3o Civil e das Obras P\u00fablicas em Portugal.\" \/>\n<meta name=\"robots\" content=\"index, follow, max-snippet:-1, max-image-preview:large, max-video-preview:-1\" \/>\n<link rel=\"canonical\" href=\"http:\/\/ctamega.pt\/fr\/index.php\/vision-mission-et-valeurs\/\" \/>\n<meta property=\"og:locale\" content=\"en_US\" \/>\n<meta property=\"og:type\" content=\"article\" \/>\n<meta property=\"og:title\" content=\"Vision, Mission et Valeurs - Construtora do Tamega\" \/>\n<meta property=\"og:description\" content=\"H\u00e1 70 anos que a Construtora do T\u00e2mega \u00e9 uma das empresas de refer\u00eancia no setor de Constru\u00e7\u00e3o Civil e das Obras P\u00fablicas em Portugal.\" \/>\n<meta property=\"og:url\" content=\"http:\/\/ctamega.pt\/fr\/index.php\/vision-mission-et-valeurs\/\" \/>\n<meta property=\"og:site_name\" content=\"Construtora do Tamega\" \/>\n<meta property=\"article:modified_time\" content=\"2017-03-03T11:57:55+00:00\" \/>\n<meta name=\"twitter:card\" content=\"summary\" \/>\n<meta name=\"twitter:label1\" content=\"Est. reading time\">\n\t<meta name=\"twitter:data1\" content=\"6 minutes\">\n<script type=\"application\/ld+json\" class=\"yoast-schema-graph\">{\"@context\":\"https:\/\/schema.org\",\"@graph\":[{\"@type\":\"WebSite\",\"@id\":\"https:\/\/ctamega.pt\/fr\/#website\",\"url\":\"https:\/\/ctamega.pt\/fr\/\",\"name\":\"Construtora do Tamega\",\"description\":\"My WordPress Blog\",\"potentialAction\":[{\"@type\":\"SearchAction\",\"target\":\"https:\/\/ctamega.pt\/fr\/?s={search_term_string}\",\"query-input\":\"required name=search_term_string\"}],\"inLanguage\":\"en-US\"},{\"@type\":\"WebPage\",\"@id\":\"http:\/\/ctamega.pt\/fr\/index.php\/vision-mission-et-valeurs\/#webpage\",\"url\":\"http:\/\/ctamega.pt\/fr\/index.php\/vision-mission-et-valeurs\/\",\"name\":\"Vision, Mission et Valeurs - Construtora do Tamega\",\"isPartOf\":{\"@id\":\"https:\/\/ctamega.pt\/fr\/#website\"},\"datePublished\":\"2016-02-03T16:56:53+00:00\",\"dateModified\":\"2017-03-03T11:57:55+00:00\",\"description\":\"H\\u00e1 70 anos que a Construtora do T\\u00e2mega \\u00e9 uma das empresas de refer\\u00eancia no setor de Constru\\u00e7\\u00e3o Civil e das Obras P\\u00fablicas em Portugal.\",\"breadcrumb\":{\"@id\":\"http:\/\/ctamega.pt\/fr\/index.php\/vision-mission-et-valeurs\/#breadcrumb\"},\"inLanguage\":\"en-US\",\"potentialAction\":[{\"@type\":\"ReadAction\",\"target\":[\"http:\/\/ctamega.pt\/fr\/index.php\/vision-mission-et-valeurs\/\"]}]},{\"@type\":\"BreadcrumbList\",\"@id\":\"http:\/\/ctamega.pt\/fr\/index.php\/vision-mission-et-valeurs\/#breadcrumb\",\"itemListElement\":[{\"@type\":\"ListItem\",\"position\":1,\"item\":{\"@type\":\"WebPage\",\"@id\":\"https:\/\/ctamega.pt\/fr\/\",\"url\":\"https:\/\/ctamega.pt\/fr\/\",\"name\":\"Home\"}},{\"@type\":\"ListItem\",\"position\":2,\"item\":{\"@id\":\"http:\/\/ctamega.pt\/fr\/index.php\/vision-mission-et-valeurs\/#webpage\"}}]}]}<\/script>\n<!-- \/ Yoast SEO plugin. -->","_links":{"self":[{"href":"https:\/\/ctamega.pt\/fr\/index.php\/wp-json\/wp\/v2\/pages\/710"}],"collection":[{"href":"https:\/\/ctamega.pt\/fr\/index.php\/wp-json\/wp\/v2\/pages"}],"about":[{"href":"https:\/\/ctamega.pt\/fr\/index.php\/wp-json\/wp\/v2\/types\/page"}],"author":[{"embeddable":true,"href":"https:\/\/ctamega.pt\/fr\/index.php\/wp-json\/wp\/v2\/users\/3"}],"replies":[{"embeddable":true,"href":"https:\/\/ctamega.pt\/fr\/index.php\/wp-json\/wp\/v2\/comments?post=710"}],"version-history":[{"count":0,"href":"https:\/\/ctamega.pt\/fr\/index.php\/wp-json\/wp\/v2\/pages\/710\/revisions"}],"wp:attachment":[{"href":"https:\/\/ctamega.pt\/fr\/index.php\/wp-json\/wp\/v2\/media?parent=710"}],"curies":[{"name":"wp","href":"https:\/\/api.w.org\/{rel}","templated":true}]}}