{"id":706,"date":"2016-02-03T16:56:26","date_gmt":"2016-02-03T16:56:26","guid":{"rendered":"http:\/\/localhost\/ctamega\/?page_id=706"},"modified":"2021-05-20T18:06:48","modified_gmt":"2021-05-20T17:06:48","slug":"construtora-do-tamega","status":"publish","type":"page","link":"https:\/\/ctamega.pt\/fr\/index.php\/construtora-do-tamega\/","title":{"rendered":"Pr\u00e9sentation"},"content":{"rendered":"<p>[vc_row type=&#8221;full-width&#8221;][vc_column][rev_slider_vc alias=&#8221;apresenta\u00e7\u00e3o&#8221;][\/vc_column][\/vc_row][vc_row top_margin=&#8221;page-margin-top-section&#8221;][vc_column]<h2 class=\"box-header\">T\u00c2MEGA ENGINEERING<\/h2>[\/vc_column][\/vc_row][vc_row top_margin=&#8221;page-margin-top&#8221;][vc_column css=&#8221;.vc_custom_1431078135839{margin-top: 40px !important;}&#8221;]<div class=\"feature-item no-icon\"><p><\/p>\n<div style=\"text-align: justify;\">\n<p>Fond\u00e9e en janvier 1946, \u00e0 Amarante, district de Porto,<strong> T\u00e2mega Engineering <\/strong>est devenue l\u2019une des soci\u00e9t\u00e9s de r\u00e9f\u00e9rence dans le secteur du G\u00e9nie Civil et des Travaux Publics au Portugal, comptant en effet \u00e0 son actif une longue liste de projets men\u00e9s \u00e0 bien dans diff\u00e9rentes parties du monde.<\/p>\n<p>Au fil de son histoire de plus de 70 ann\u00e9es, la diversification a \u00e9t\u00e9 et reste encore un objectif strat\u00e9gique de la soci\u00e9t\u00e9, permettant son implication en tant que responsable de la mise en \u0153uvre de projets dans les domaines les plus divers, allant du transport au logement, commerce, sport, industrie et tourisme. Plusieurs de ces projets ont gagn\u00e9 la reconnaissance de la Soci\u00e9t\u00e9 des Ing\u00e9nieurs comme des exemples frappants du meilleur que le g\u00e9nie a produit au XXe si\u00e8cle. En 2007, le groupe <b>T\u00e2mega <\/b>\u00a0a acquis<strong> T\u00e2mega Engineering<\/strong>, d\u00e9ployant ses activit\u00e9s aujourd\u2019hui, notamment au Portugal, Cap-Vert, Angola, Mozambique et Congo Brazzaville.<\/p>\n<p><strong>T\u00e2mega Engineering<\/strong> est le partenaire id\u00e9al pour concevoir, construire, mettre en place et exploiter des projets dans tous les domaines d&#8217;activit\u00e9, des infrastructures, transports et travaux maritimes, en passant par projets de g\u00e9nie civil et industriel, barrages et centrales \u00e9lectriques, jusqu\u2019\u00e0 l&#8217;environnement et syst\u00e8mes de gestion de l&#8217;eau.<\/p>\n<p>Sa filiale <strong>Iberinstal &#8211; Instala\u00e7\u00f5es T\u00e9cnicas<\/strong> est l&#8217;un des meilleurs exemples attestant du fait que <strong>T\u00e2mega Group<\/strong> est un groupe constitu\u00e9 d&#8217;entreprises d\u00e9di\u00e9e \u00e0 ajouter de la valeur \u00e0 ses clients.<\/p>\n<p><strong>Iberinstal<\/strong> est aujourd\u2019hui l&#8217;un des acteurs majeurs de r\u00e9f\u00e9rence dans le secteur des Installations \u00c9lectriques, Communications, S\u00e9curit\u00e9 et Gestion Technique, en disposant d\u2019un vaste spectre de projets de grande envergure et complexit\u00e9, ainsi que d\u2019une \u00e9quipe de sp\u00e9cialistes hautement comp\u00e9tents, qualifi\u00e9s et exp\u00e9riment\u00e9s.<\/p>\n<\/div>\n<p><\/p><\/div>[\/vc_column][\/vc_row]<\/p>\n","protected":false},"excerpt":{"rendered":"<p>[vc_row type=&#8221;full-width&#8221;][vc_column][rev_slider_vc alias=&#8221;apresenta\u00e7\u00e3o&#8221;][\/vc_column][\/vc_row][vc_row top_margin=&#8221;page-margin-top-section&#8221;][vc_column][\/vc_column][\/vc_row][vc_row top_margin=&#8221;page-margin-top&#8221;][vc_column css=&#8221;.vc_custom_1431078135839{margin-top: 40px !important;}&#8221;][\/vc_column][\/vc_row]<\/p>\n","protected":false},"author":3,"featured_media":0,"parent":0,"menu_order":0,"comment_status":"closed","ping_status":"closed","template":"template-default-without-breadcrumbs.php","meta":[],"yoast_head":"<!-- This site is optimized with the Yoast SEO plugin v16.3 - https:\/\/yoast.com\/wordpress\/plugins\/seo\/ -->\n<title>Pr\u00e9sentation - Construtora do Tamega<\/title>\n<meta name=\"description\" content=\"H\u00e1 70 anos que a Construtora do T\u00e2mega \u00e9 uma das empresas de refer\u00eancia no setor de Constru\u00e7\u00e3o Civil e das Obras P\u00fablicas em Portugal.\" \/>\n<meta name=\"robots\" content=\"index, follow, max-snippet:-1, max-image-preview:large, max-video-preview:-1\" \/>\n<link rel=\"canonical\" href=\"https:\/\/ctamega.pt\/fr\/index.php\/construtora-do-tamega\/\" \/>\n<meta property=\"og:locale\" content=\"en_US\" \/>\n<meta property=\"og:type\" content=\"article\" \/>\n<meta property=\"og:title\" content=\"Pr\u00e9sentation - Construtora do Tamega\" \/>\n<meta property=\"og:description\" content=\"H\u00e1 70 anos que a Construtora do T\u00e2mega \u00e9 uma das empresas de refer\u00eancia no setor de Constru\u00e7\u00e3o Civil e das Obras P\u00fablicas em Portugal.\" \/>\n<meta property=\"og:url\" content=\"https:\/\/ctamega.pt\/fr\/index.php\/construtora-do-tamega\/\" \/>\n<meta property=\"og:site_name\" content=\"Construtora do Tamega\" \/>\n<meta property=\"article:modified_time\" content=\"2021-05-20T17:06:48+00:00\" \/>\n<meta name=\"twitter:card\" content=\"summary\" \/>\n<meta name=\"twitter:label1\" content=\"Est. reading time\">\n\t<meta name=\"twitter:data1\" content=\"2 minutes\">\n<script type=\"application\/ld+json\" class=\"yoast-schema-graph\">{\"@context\":\"https:\/\/schema.org\",\"@graph\":[{\"@type\":\"WebSite\",\"@id\":\"https:\/\/ctamega.pt\/fr\/#website\",\"url\":\"https:\/\/ctamega.pt\/fr\/\",\"name\":\"Construtora do Tamega\",\"description\":\"My WordPress Blog\",\"potentialAction\":[{\"@type\":\"SearchAction\",\"target\":\"https:\/\/ctamega.pt\/fr\/?s={search_term_string}\",\"query-input\":\"required name=search_term_string\"}],\"inLanguage\":\"en-US\"},{\"@type\":\"WebPage\",\"@id\":\"https:\/\/ctamega.pt\/fr\/index.php\/construtora-do-tamega\/#webpage\",\"url\":\"https:\/\/ctamega.pt\/fr\/index.php\/construtora-do-tamega\/\",\"name\":\"Pr\\u00e9sentation - Construtora do Tamega\",\"isPartOf\":{\"@id\":\"https:\/\/ctamega.pt\/fr\/#website\"},\"datePublished\":\"2016-02-03T16:56:26+00:00\",\"dateModified\":\"2021-05-20T17:06:48+00:00\",\"description\":\"H\\u00e1 70 anos que a Construtora do T\\u00e2mega \\u00e9 uma das empresas de refer\\u00eancia no setor de Constru\\u00e7\\u00e3o Civil e das Obras P\\u00fablicas em Portugal.\",\"breadcrumb\":{\"@id\":\"https:\/\/ctamega.pt\/fr\/index.php\/construtora-do-tamega\/#breadcrumb\"},\"inLanguage\":\"en-US\",\"potentialAction\":[{\"@type\":\"ReadAction\",\"target\":[\"https:\/\/ctamega.pt\/fr\/index.php\/construtora-do-tamega\/\"]}]},{\"@type\":\"BreadcrumbList\",\"@id\":\"https:\/\/ctamega.pt\/fr\/index.php\/construtora-do-tamega\/#breadcrumb\",\"itemListElement\":[{\"@type\":\"ListItem\",\"position\":1,\"item\":{\"@type\":\"WebPage\",\"@id\":\"https:\/\/ctamega.pt\/fr\/\",\"url\":\"https:\/\/ctamega.pt\/fr\/\",\"name\":\"Home\"}},{\"@type\":\"ListItem\",\"position\":2,\"item\":{\"@id\":\"https:\/\/ctamega.pt\/fr\/index.php\/construtora-do-tamega\/#webpage\"}}]}]}<\/script>\n<!-- \/ Yoast SEO plugin. -->","_links":{"self":[{"href":"https:\/\/ctamega.pt\/fr\/index.php\/wp-json\/wp\/v2\/pages\/706"}],"collection":[{"href":"https:\/\/ctamega.pt\/fr\/index.php\/wp-json\/wp\/v2\/pages"}],"about":[{"href":"https:\/\/ctamega.pt\/fr\/index.php\/wp-json\/wp\/v2\/types\/page"}],"author":[{"embeddable":true,"href":"https:\/\/ctamega.pt\/fr\/index.php\/wp-json\/wp\/v2\/users\/3"}],"replies":[{"embeddable":true,"href":"https:\/\/ctamega.pt\/fr\/index.php\/wp-json\/wp\/v2\/comments?post=706"}],"version-history":[{"count":1,"href":"https:\/\/ctamega.pt\/fr\/index.php\/wp-json\/wp\/v2\/pages\/706\/revisions"}],"predecessor-version":[{"id":2587,"href":"https:\/\/ctamega.pt\/fr\/index.php\/wp-json\/wp\/v2\/pages\/706\/revisions\/2587"}],"wp:attachment":[{"href":"https:\/\/ctamega.pt\/fr\/index.php\/wp-json\/wp\/v2\/media?parent=706"}],"curies":[{"name":"wp","href":"https:\/\/api.w.org\/{rel}","templated":true}]}}