{"id":236,"date":"2015-05-26T10:02:04","date_gmt":"2015-05-26T10:02:04","guid":{"rendered":"http:\/\/localhost\/wordpress\/renovate\/?page_id=236"},"modified":"2021-05-20T17:17:42","modified_gmt":"2021-05-20T16:17:42","slug":"actualites","status":"publish","type":"page","link":"https:\/\/ctamega.pt\/fr\/index.php\/actualites\/","title":{"rendered":"ACTUALIT\u00c9S"},"content":{"rendered":"<p>[vc_row type=&#8221;full-width&#8221;][vc_column][rev_slider_vc alias=&#8221;noticias&#8221;][\/vc_column][\/vc_row][vc_row el_class=&#8221;margin-top-70&#8243;][vc_column width=&#8221;3\/4&#8243;]<div class=\"vc_row wpb_row vc_row-fluid\"><ul class=\"blog clearfix\"><li class=\" post post-2246 type-post status-publish format-standard has-post-thumbnail hentry category-actualites tag-actualites\"><ul class=\"post-details\"><li class=\"date template-calendar\">June<h2>8<\/h2>2016<\/li><li class=\"template-eye\">3153<\/li><\/ul><div class=\"post-content\"><a class=\"post-image\" href=\"https:\/\/ctamega.pt\/fr\/index.php\/2016\/06\/08\/le-gouvernement-approuve-un-accord-pour-lachevement-de-la-variante-au-centre-de-canico-a-madere\/\" title=\"Le Gouvernement approuve un accord pour l&#8217;ach\u00e8vement de la variante au centre de Cani\u00e7o \u00e0 Mad\u00e8re\"><img width=\"550\" height=\"414\" src=\"https:\/\/ctamega.pt\/fr\/wp-content\/uploads\/2016\/03\/Foto-variante-ao-centro-do-Cani\u00e7o.jpg\" class=\"attachment-blog-post-thumb size-blog-post-thumb wp-post-image\" alt=\"Le Gouvernement approuve un accord pour l&#8217;ach\u00e8vement de la variante au centre de Cani\u00e7o \u00e0 Mad\u00e8re\" loading=\"lazy\" title=\"\" srcset=\"https:\/\/ctamega.pt\/fr\/wp-content\/uploads\/2016\/03\/Foto-variante-ao-centro-do-Cani\u00e7o.jpg 550w, https:\/\/ctamega.pt\/fr\/wp-content\/uploads\/2016\/03\/Foto-variante-ao-centro-do-Cani\u00e7o-300x226.jpg 300w\" sizes=\"(max-width: 550px) 100vw, 550px\" \/><\/a><h2 class=\"box-header align-left\"><a href=\"https:\/\/ctamega.pt\/fr\/index.php\/2016\/06\/08\/le-gouvernement-approuve-un-accord-pour-lachevement-de-la-variante-au-centre-de-canico-a-madere\/\" title=\"Le Gouvernement approuve un accord pour l&#8217;ach\u00e8vement de la variante au centre de Cani\u00e7o \u00e0 Mad\u00e8re\">Le Gouvernement approuve un accord pour l&#8217;ach\u00e8vement de la variante au centre de Cani\u00e7o \u00e0 Mad\u00e8re<\/a><\/h2><p>L\u2019avant-projet de l\u2019accord pour l\u2019ach\u00e8vement des travaux concernant la \u201cConstruction de la Variante au Centre de Cani\u00e7o\u201d a \u00e9t\u00e9 approuv\u00e9 en F\u00e9vrier 2016, lors de la r\u00e9union du Conseil de Gouvernement, tel que publi\u00e9 au Journal Officiel de la R\u00e9gion Autonome de Mad\u00e8re. L\u2019accord sera conclu entre la R\u00e9gion Autonome de Mad\u00e8re, en tant que<\/p>\n<div class=\"vc_row wpb_row vc_row-fluid padding-top-54 padding-bottom-17\"><a title=\"READ MORE\" href=\"https:\/\/ctamega.pt\/fr\/index.php\/2016\/06\/08\/le-gouvernement-approuve-un-accord-pour-lachevement-de-la-variante-au-centre-de-canico-a-madere\/\" class=\"more\">READ MORE<\/a><\/div><\/div><\/li><\/ul><\/div>[\/vc_column][vc_column type=&#8221;re-smart-column&#8221; width=&#8221;1\/4&#8243;][vc_widget_sidebar title=&#8221;Newsletter&#8221; sidebar_id=&#8221;newsletter&#8221;][\/vc_column][\/vc_row]<\/p>\n","protected":false},"excerpt":{"rendered":"<p>[vc_row type=&#8221;full-width&#8221;][vc_column][rev_slider_vc alias=&#8221;noticias&#8221;][\/vc_column][\/vc_row][vc_row el_class=&#8221;margin-top-70&#8243;][vc_column width=&#8221;3\/4&#8243;][\/vc_column][vc_column type=&#8221;re-smart-column&#8221; width=&#8221;1\/4&#8243;][vc_widget_sidebar title=&#8221;Newsletter&#8221; sidebar_id=&#8221;newsletter&#8221;][\/vc_column][\/vc_row]<\/p>\n","protected":false},"author":3,"featured_media":0,"parent":0,"menu_order":0,"comment_status":"closed","ping_status":"open","template":"template-default-without-breadcrumbs.php","meta":[],"yoast_head":"<!-- This site is optimized with the Yoast SEO plugin v16.3 - https:\/\/yoast.com\/wordpress\/plugins\/seo\/ -->\n<title>ACTUALIT\u00c9S - Construtora do Tamega<\/title>\n<meta name=\"description\" content=\"H\u00e1 70 anos que a Construtora do T\u00e2mega \u00e9 uma das empresas de refer\u00eancia no setor de Constru\u00e7\u00e3o Civil e das Obras P\u00fablicas em Portugal.\" \/>\n<meta name=\"robots\" content=\"index, follow, max-snippet:-1, max-image-preview:large, max-video-preview:-1\" \/>\n<link rel=\"canonical\" href=\"http:\/\/ctamega.pt\/fr\/index.php\/actualites\/\" \/>\n<meta property=\"og:locale\" content=\"en_US\" \/>\n<meta property=\"og:type\" content=\"article\" \/>\n<meta property=\"og:title\" content=\"ACTUALIT\u00c9S - Construtora do Tamega\" \/>\n<meta property=\"og:description\" content=\"H\u00e1 70 anos que a Construtora do T\u00e2mega \u00e9 uma das empresas de refer\u00eancia no setor de Constru\u00e7\u00e3o Civil e das Obras P\u00fablicas em Portugal.\" \/>\n<meta property=\"og:url\" content=\"http:\/\/ctamega.pt\/fr\/index.php\/actualites\/\" \/>\n<meta property=\"og:site_name\" content=\"Construtora do Tamega\" \/>\n<meta property=\"article:modified_time\" content=\"2021-05-20T16:17:42+00:00\" \/>\n<meta name=\"twitter:card\" content=\"summary\" \/>\n<meta name=\"twitter:label1\" content=\"Est. reading time\">\n\t<meta name=\"twitter:data1\" content=\"1 minute\">\n<script type=\"application\/ld+json\" class=\"yoast-schema-graph\">{\"@context\":\"https:\/\/schema.org\",\"@graph\":[{\"@type\":\"WebSite\",\"@id\":\"https:\/\/ctamega.pt\/fr\/#website\",\"url\":\"https:\/\/ctamega.pt\/fr\/\",\"name\":\"Construtora do Tamega\",\"description\":\"My WordPress Blog\",\"potentialAction\":[{\"@type\":\"SearchAction\",\"target\":\"https:\/\/ctamega.pt\/fr\/?s={search_term_string}\",\"query-input\":\"required name=search_term_string\"}],\"inLanguage\":\"en-US\"},{\"@type\":\"WebPage\",\"@id\":\"http:\/\/ctamega.pt\/fr\/index.php\/actualites\/#webpage\",\"url\":\"http:\/\/ctamega.pt\/fr\/index.php\/actualites\/\",\"name\":\"ACTUALIT\\u00c9S - Construtora do Tamega\",\"isPartOf\":{\"@id\":\"https:\/\/ctamega.pt\/fr\/#website\"},\"datePublished\":\"2015-05-26T10:02:04+00:00\",\"dateModified\":\"2021-05-20T16:17:42+00:00\",\"description\":\"H\\u00e1 70 anos que a Construtora do T\\u00e2mega \\u00e9 uma das empresas de refer\\u00eancia no setor de Constru\\u00e7\\u00e3o Civil e das Obras P\\u00fablicas em Portugal.\",\"breadcrumb\":{\"@id\":\"http:\/\/ctamega.pt\/fr\/index.php\/actualites\/#breadcrumb\"},\"inLanguage\":\"en-US\",\"potentialAction\":[{\"@type\":\"ReadAction\",\"target\":[\"http:\/\/ctamega.pt\/fr\/index.php\/actualites\/\"]}]},{\"@type\":\"BreadcrumbList\",\"@id\":\"http:\/\/ctamega.pt\/fr\/index.php\/actualites\/#breadcrumb\",\"itemListElement\":[{\"@type\":\"ListItem\",\"position\":1,\"item\":{\"@type\":\"WebPage\",\"@id\":\"https:\/\/ctamega.pt\/fr\/\",\"url\":\"https:\/\/ctamega.pt\/fr\/\",\"name\":\"Home\"}},{\"@type\":\"ListItem\",\"position\":2,\"item\":{\"@id\":\"http:\/\/ctamega.pt\/fr\/index.php\/actualites\/#webpage\"}}]}]}<\/script>\n<!-- \/ Yoast SEO plugin. -->","_links":{"self":[{"href":"https:\/\/ctamega.pt\/fr\/index.php\/wp-json\/wp\/v2\/pages\/236"}],"collection":[{"href":"https:\/\/ctamega.pt\/fr\/index.php\/wp-json\/wp\/v2\/pages"}],"about":[{"href":"https:\/\/ctamega.pt\/fr\/index.php\/wp-json\/wp\/v2\/types\/page"}],"author":[{"embeddable":true,"href":"https:\/\/ctamega.pt\/fr\/index.php\/wp-json\/wp\/v2\/users\/3"}],"replies":[{"embeddable":true,"href":"https:\/\/ctamega.pt\/fr\/index.php\/wp-json\/wp\/v2\/comments?post=236"}],"version-history":[{"count":1,"href":"https:\/\/ctamega.pt\/fr\/index.php\/wp-json\/wp\/v2\/pages\/236\/revisions"}],"predecessor-version":[{"id":2571,"href":"https:\/\/ctamega.pt\/fr\/index.php\/wp-json\/wp\/v2\/pages\/236\/revisions\/2571"}],"wp:attachment":[{"href":"https:\/\/ctamega.pt\/fr\/index.php\/wp-json\/wp\/v2\/media?parent=236"}],"curies":[{"name":"wp","href":"https:\/\/api.w.org\/{rel}","templated":true}]}}