{"id":2026,"date":"2015-05-08T13:22:48","date_gmt":"2015-05-08T13:22:48","guid":{"rendered":"http:\/\/localhost\/wordpress\/renovate\/?page_id=4"},"modified":"2021-05-20T17:25:40","modified_gmt":"2021-05-20T16:25:40","slug":"tamega-engineering-site-oficial","status":"publish","type":"page","link":"https:\/\/ctamega.pt\/fr\/","title":{"rendered":"T\u00e2mega Engineering"},"content":{"rendered":"<p>[vc_row type=&#8221;full-width&#8221;][vc_column][rev_slider_vc alias=&#8221;Slide_Teste&#8221;][\/vc_column][\/vc_row][vc_row top_margin=&#8221;page-margin-top-section&#8221;][vc_column]<h2 class=\"box-header\">DOMAINES D\u2019ACTIVIT\u00c9<\/h2>[vc_column_text el_class=&#8221;description align-center&#8221;]<strong>T\u00e2mega<\/strong> <strong>Engineering<\/strong> est le partenaire id\u00e9al pour concevoir, construire, mettre en place et exploiter des projets dans tous les domaines d&#8217;activit\u00e9, des infrastructures, transports, travaux maritimes, g\u00e9nie civil et industriel, barrages et centrales \u00e9lectriques, jusqu\u2019\u00e0 l&#8217;environnement et syst\u00e8mes de gestion de l&#8217;eau.[\/vc_column_text][\/vc_column][\/vc_row][vc_row][vc_column width=&#8221;1\/3&#8243;][vc_single_image image=&#8221;754&#8243; alignment=&#8221;center&#8221; css=&#8221;.vc_custom_1454523184867{margin-top: 30px !important;}&#8221;][vc_column_text css=&#8221;.vc_custom_1465293207900{margin-top: 30px !important;}&#8221;]<\/p>\n<h4 style=\"text-align: center;\">Ponts et Viaducs<\/h4>\n<p>[\/vc_column_text][vc_single_image image=&#8221;753&#8243; alignment=&#8221;center&#8221; css=&#8221;.vc_custom_1454523180248{margin-top: 30px !important;}&#8221;][vc_column_text css=&#8221;.vc_custom_1465292865760{margin-top: 30px !important;}&#8221;]<\/p>\n<h4 style=\"text-align: center;\">Autoroutes, Routes et Rues<\/h4>\n<p>[\/vc_column_text][\/vc_column][vc_column width=&#8221;1\/3&#8243;][vc_single_image image=&#8221;756&#8243; alignment=&#8221;center&#8221; css=&#8221;.vc_custom_1454523193582{margin-top: 30px !important;}&#8221;][vc_column_text css=&#8221;.vc_custom_1465293257219{margin-top: 30px !important;}&#8221;]<\/p>\n<h4 style=\"text-align: center;\">B\u00e2timent, G\u00e9nie Civil et Industrielle<\/h4>\n<p>[\/vc_column_text][vc_single_image image=&#8221;757&#8243; alignment=&#8221;center&#8221; css=&#8221;.vc_custom_1454523198607{margin-top: 30px !important;}&#8221;][vc_column_text css=&#8221;.vc_custom_1465293403985{margin-top: 30px !important;}&#8221;]<\/p>\n<h4 style=\"text-align: center;\">Hydro\u00e9lectriques et Barrages<\/h4>\n<p>[\/vc_column_text][\/vc_column][vc_column width=&#8221;1\/3&#8243;][vc_single_image image=&#8221;755&#8243; alignment=&#8221;center&#8221; css=&#8221;.vc_custom_1454523189357{margin-top: 30px !important;}&#8221;][vc_column_text css=&#8221;.vc_custom_1465293448686{margin-top: 30px !important;}&#8221;]<\/p>\n<h4 style=\"text-align: center;\">Chemins de Fer et M\u00e9tros<\/h4>\n<p>[\/vc_column_text][vc_single_image image=&#8221;759&#8243; alignment=&#8221;center&#8221; css=&#8221;.vc_custom_1454523203337{margin-top: 30px !important;}&#8221;][vc_column_text css=&#8221;.vc_custom_1465293464264{margin-top: 30px !important;margin-bottom: 20px !important;}&#8221;]<\/p>\n<h4 style=\"text-align: center;\">A\u00e9roports, A\u00e9rodromes et Bases A\u00e9riennes<\/h4>\n<p>[\/vc_column_text][\/vc_column][\/vc_row][vc_row type=&#8221;full-width&#8221; css=&#8221;.vc_custom_1432038677789{background-color: #f5f5f5 !important;}&#8221; el_class=&#8221;align-center padding-top-54 padding-bottom-61&#8243;][vc_column]<a class=\"more\" href=\"http:\/\/ctamega.pt\/fr\/index.php\/domaines-d-activite\/\" title=\"Tous les Domaines d\u2019Activit\u00e9\">Tous les Domaines d\u2019Activit\u00e9<\/a>[\/vc_column][\/vc_row][vc_row top_margin=&#8221;page-margin-top-section&#8221;][vc_column]<h2 class=\"box-header\">PORTEFEUILLE<\/h2>[\/vc_column][\/vc_row][vc_row type=&#8221;full-width&#8221;][vc_column]<ul class=\"projects-list clearfix page-margin-top\"><li>\r\n\t\t\t<a href=\"https:\/\/ctamega.pt\/fr\/index.php\/projects\/centro-para-artes-e-conferencia-casa-das-mudas-2004\/\" title=\"&lt;div style=&quot;text-align:center; color:white;&quot;&gt;&lt;div style=&quot;font-size:17px; &quot;&gt;Centre pour les Arts et Conf\u00e9rences Casa das Mudas*&lt;\/div&gt;&lt;br&gt;Client: Ponte do Oeste&lt;br&gt;Ann\u00e9es: 2001 &#8211; 2003&lt;\/div&gt;\">\r\n\t\t\t\t<img width=\"400\" height=\"267\" src=\"https:\/\/ctamega.pt\/fr\/wp-content\/uploads\/2003\/02\/admin-ajax-3.jpg\" class=\"attachment-big-thumb size-big-thumb wp-post-image\" alt=\"&lt;div style=&quot;text-align:center; color:white;&quot;&gt;&lt;div style=&quot;font-size:17px; &quot;&gt;Centre pour les Arts et Conf\u00e9rences Casa das Mudas*&lt;\/div&gt;&lt;br&gt;Client: Ponte do Oeste&lt;br&gt;Ann\u00e9es: 2001 &#8211; 2003&lt;\/div&gt;\" loading=\"lazy\" title=\"\" srcset=\"https:\/\/ctamega.pt\/fr\/wp-content\/uploads\/2003\/02\/admin-ajax-3.jpg 400w, https:\/\/ctamega.pt\/fr\/wp-content\/uploads\/2003\/02\/admin-ajax-3-300x200.jpg 300w, https:\/\/ctamega.pt\/fr\/wp-content\/uploads\/2003\/02\/admin-ajax-3-390x260.jpg 390w, https:\/\/ctamega.pt\/fr\/wp-content\/uploads\/2003\/02\/admin-ajax-3-270x180.jpg 270w\" sizes=\"(max-width: 400px) 100vw, 400px\" \/>\r\n\t\t\t<\/a><div class=\"view align-center\">\r\n\t\t\t\t\t<div class=\"vertical-align-table\">\r\n\t\t\t\t\t\t<div class=\"vertical-align-cell\"><p class=\"description\"><div style=\"text-align:center; color:white;\"><div style=\"font-size:17px; \">Centre pour les Arts et Conf\u00e9rences Casa das Mudas*<\/div><br>Client: Ponte do Oeste<br>Ann\u00e9es: 2001 &#8211; 2003<\/div><\/div>\r\n\t\t\t\t\t<\/div>\r\n\t\t\t\t<\/div><li>\r\n\t\t\t<a href=\"https:\/\/ctamega.pt\/fr\/index.php\/projects\/ponte-sobre-o-rio-douro-em-resende-1998\/\" title=\"&lt;div style=&quot;text-align:center; color:white;&quot;&gt;&lt;div style=&quot;font-size:17px; &quot;&gt;Pont sur le Douro \u00e0 Resende&lt;\/div&gt;&lt;br&gt;Client: C\u00e2maras Municipais de Bai\u00e3o e Resende&lt;br&gt;Ann\u00e9e: 1996 &#8211; 1998&lt;\/div&gt;\">\r\n\t\t\t\t<img width=\"480\" height=\"320\" src=\"https:\/\/ctamega.pt\/fr\/wp-content\/uploads\/1998\/02\/23.PONTE-SOBRE-O-RIO-DOURO-480x320.jpg\" class=\"attachment-big-thumb size-big-thumb wp-post-image\" alt=\"&lt;div style=&quot;text-align:center; color:white;&quot;&gt;&lt;div style=&quot;font-size:17px; &quot;&gt;Pont sur le Douro \u00e0 Resende&lt;\/div&gt;&lt;br&gt;Client: C\u00e2maras Municipais de Bai\u00e3o e Resende&lt;br&gt;Ann\u00e9e: 1996 &#8211; 1998&lt;\/div&gt;\" loading=\"lazy\" title=\"\" srcset=\"https:\/\/ctamega.pt\/fr\/wp-content\/uploads\/1998\/02\/23.PONTE-SOBRE-O-RIO-DOURO-480x320.jpg 480w, https:\/\/ctamega.pt\/fr\/wp-content\/uploads\/1998\/02\/23.PONTE-SOBRE-O-RIO-DOURO-750x500.jpg 750w, https:\/\/ctamega.pt\/fr\/wp-content\/uploads\/1998\/02\/23.PONTE-SOBRE-O-RIO-DOURO-570x380.jpg 570w, https:\/\/ctamega.pt\/fr\/wp-content\/uploads\/1998\/02\/23.PONTE-SOBRE-O-RIO-DOURO-390x260.jpg 390w, https:\/\/ctamega.pt\/fr\/wp-content\/uploads\/1998\/02\/23.PONTE-SOBRE-O-RIO-DOURO-270x180.jpg 270w\" sizes=\"(max-width: 480px) 100vw, 480px\" \/>\r\n\t\t\t<\/a><div class=\"view align-center\">\r\n\t\t\t\t\t<div class=\"vertical-align-table\">\r\n\t\t\t\t\t\t<div class=\"vertical-align-cell\"><p class=\"description\"><div style=\"text-align:center; color:white;\"><div style=\"font-size:17px; \">Pont sur le Douro \u00e0 Resende<\/div><br>Client: C\u00e2maras Municipais de Bai\u00e3o e Resende<br>Ann\u00e9e: 1996 &#8211; 1998<\/div><\/div>\r\n\t\t\t\t\t<\/div>\r\n\t\t\t\t<\/div><li>\r\n\t\t\t<a href=\"https:\/\/ctamega.pt\/fr\/index.php\/projects\/expo-98-pavilhao-de-portugal-1998\/\" title=\"&lt;div style=&quot;text-align:center; color:white;&quot;&gt;&lt;div style=&quot;font-size:17px; &quot;&gt;Pavillon du Portugal*&lt;\/div&gt;&lt;br&gt;Client: Parque Expo&lt;br&gt;Ann\u00e9e: 1997 &#8211; 1998&lt;\/div&gt;\">\r\n\t\t\t\t<img width=\"400\" height=\"267\" src=\"https:\/\/ctamega.pt\/fr\/wp-content\/uploads\/1998\/02\/admin-ajax-7.jpg\" class=\"attachment-big-thumb size-big-thumb wp-post-image\" alt=\"&lt;div style=&quot;text-align:center; color:white;&quot;&gt;&lt;div style=&quot;font-size:17px; &quot;&gt;Pavillon du Portugal*&lt;\/div&gt;&lt;br&gt;Client: Parque Expo&lt;br&gt;Ann\u00e9e: 1997 &#8211; 1998&lt;\/div&gt;\" loading=\"lazy\" title=\"\" srcset=\"https:\/\/ctamega.pt\/fr\/wp-content\/uploads\/1998\/02\/admin-ajax-7.jpg 400w, https:\/\/ctamega.pt\/fr\/wp-content\/uploads\/1998\/02\/admin-ajax-7-300x200.jpg 300w, https:\/\/ctamega.pt\/fr\/wp-content\/uploads\/1998\/02\/admin-ajax-7-390x260.jpg 390w, https:\/\/ctamega.pt\/fr\/wp-content\/uploads\/1998\/02\/admin-ajax-7-270x180.jpg 270w\" sizes=\"(max-width: 400px) 100vw, 400px\" \/>\r\n\t\t\t<\/a><div class=\"view align-center\">\r\n\t\t\t\t\t<div class=\"vertical-align-table\">\r\n\t\t\t\t\t\t<div class=\"vertical-align-cell\"><p class=\"description\"><div style=\"text-align:center; color:white;\"><div style=\"font-size:17px; \">Pavillon du Portugal*<\/div><br>Client: Parque Expo<br>Ann\u00e9e: 1997 &#8211; 1998<\/div><\/div>\r\n\t\t\t\t\t<\/div>\r\n\t\t\t\t<\/div><\/ul>[\/vc_column][\/vc_row][vc_row type=&#8221;full-width&#8221; css=&#8221;.vc_custom_1432038677789{background-color: #f5f5f5 !important;}&#8221; el_class=&#8221;align-center padding-top-54 padding-bottom-61&#8243;][vc_column]<a class=\"more\" href=\"http:\/\/ctamega.pt\/fr\/index.php\/portefeuille\/\" title=\"Explorez Notre Portefeuille\">Explorez Notre Portefeuille<\/a>[\/vc_column][\/vc_row][vc_row top_margin=&#8221;page-margin-top-section&#8221;][vc_column]<h2 class=\"box-header\">T\u00c2MEGA ENGINEERING<\/h2>[vc_column_text]<\/p>\n<p style=\"text-align: center;\">Fond\u00e9e en janvier 1946, <strong>T\u00e2mega Engineering <\/strong>est devenue l\u2019une des soci\u00e9t\u00e9s de r\u00e9f\u00e9rence dans le secteur du G\u00e9nie Civil et des Travaux Publics au Portugal.<\/p>\n<p>[\/vc_column_text][\/vc_column][\/vc_row][vc_row css=&#8221;.vc_custom_1454693612201{margin-top: 50px !important;margin-bottom: 50px !important;}&#8221;][vc_column width=&#8221;1\/3&#8243;]<div class=\"feature-item sl-large-list feature-item-big\"><div class=\"ornament\"><\/div><h4 class=\"box-header page-margin-top\">plus de 70 ann\u00e9es d\u2019exp\u00e9rience<\/h4><p>Au fil de son histoire de\u00a0 plus de 7 d\u00e9cennies, la soci\u00e9t\u00e9 a r\u00e9ussi \u00e0 diversifier ses activit\u00e9s, permettant son implication en tant que responsable de la mise en \u0153uvre de projets dans les domaines les plus divers.<\/p><\/div>[\/vc_column][vc_column width=&#8221;1\/3&#8243;]<div class=\"feature-item sl-large-helmet feature-item-big\"><div class=\"ornament\"><\/div><h4 class=\"box-header page-margin-top\">Projets reconnus<\/h4><p>Plusieurs de nos projets ont gagn\u00e9 la reconnaissance de la Soci\u00e9t\u00e9 des Ing\u00e9nieurs comme des exemples frappants du meilleur que le g\u00e9nie a produit au XXe si\u00e8cle.<\/p><\/div>[\/vc_column][vc_column width=&#8221;1\/3&#8243;]<div class=\"feature-item sl-large-globe feature-item-big\"><div class=\"ornament\"><\/div><h4 class=\"box-header page-margin-top\">T\u00e2mega dans le monde <\/h4><p>Nous avons d\u00e9j\u00e0 men\u00e9 \u00e0 bien des nombreux projets \u00e0 travers le monde, en favorisant le d\u00e9veloppement \u00e9conomique et social dans les r\u00e9gions o\u00f9 nous op\u00e9rons.<\/p><\/div>[\/vc_column][\/vc_row][vc_row type=&#8221;full-width&#8221; css=&#8221;.vc_custom_1432039625471{background-color: #f5f5f5 !important;}&#8221; el_class=&#8221;page-padding-top-section padding-bottom-66&#8243;][vc_column]<h2 class=\"box-header\">NOS CLIENTS<\/h2>[vc_row_inner][vc_column_inner]<div class=\"our-clients-list-container page-margin-top type-carousel\">\r\n\t\t\t\t\t<ul class=\"our-clients-list autoplay-0 type-carousel\"><li><img width=\"170\" height=\"120\" src=\"https:\/\/ctamega.pt\/fr\/wp-content\/uploads\/2015\/05\/ana-1.png\" class=\"attachment-full size-full\" alt=\"\" loading=\"lazy\" \/><\/li><li><img width=\"170\" height=\"120\" src=\"https:\/\/ctamega.pt\/fr\/wp-content\/uploads\/2015\/05\/Brisa-1.png\" class=\"attachment-full size-full\" alt=\"\" loading=\"lazy\" \/><\/li><li><img width=\"170\" height=\"120\" src=\"https:\/\/ctamega.pt\/fr\/wp-content\/uploads\/2015\/05\/edia_designacao_complementar_c_cor-1.png\" class=\"attachment-full size-full\" alt=\"\" loading=\"lazy\" \/><\/li><li><img width=\"170\" height=\"120\" src=\"https:\/\/ctamega.pt\/fr\/wp-content\/uploads\/2015\/05\/ep-1.png\" class=\"attachment-full size-full\" alt=\"\" loading=\"lazy\" \/><\/li><li><img width=\"170\" height=\"120\" src=\"https:\/\/ctamega.pt\/fr\/wp-content\/uploads\/2015\/05\/epal-1.png\" class=\"attachment-full size-full\" alt=\"\" loading=\"lazy\" \/><\/li><li><img width=\"170\" height=\"120\" src=\"https:\/\/ctamega.pt\/fr\/wp-content\/uploads\/2015\/05\/lisboa-1.png\" class=\"attachment-full size-full\" alt=\"\" loading=\"lazy\" \/><\/li><li><img width=\"170\" height=\"120\" src=\"https:\/\/ctamega.pt\/fr\/wp-content\/uploads\/2015\/05\/refer-1.png\" class=\"attachment-full size-full\" alt=\"\" loading=\"lazy\" \/><\/li><li><img width=\"170\" height=\"120\" src=\"https:\/\/ctamega.pt\/fr\/wp-content\/uploads\/2015\/05\/aguas_do_algarve.png\" class=\"attachment-full size-full\" alt=\"\" loading=\"lazy\" \/><\/li><li><img width=\"170\" height=\"120\" src=\"https:\/\/ctamega.pt\/fr\/wp-content\/uploads\/2015\/05\/aguas_do_douro_paiva.png\" class=\"attachment-full size-full\" alt=\"\" loading=\"lazy\" \/><\/li><li><img width=\"170\" height=\"120\" src=\"https:\/\/ctamega.pt\/fr\/wp-content\/uploads\/2015\/05\/autoesradas_do_atlantico.png\" class=\"attachment-full size-full\" alt=\"\" loading=\"lazy\" \/><\/li><li><img width=\"170\" height=\"120\" src=\"https:\/\/ctamega.pt\/fr\/wp-content\/uploads\/2015\/05\/gov_regional_mad.png\" class=\"attachment-full size-full\" alt=\"\" loading=\"lazy\" \/><\/li><li><img width=\"170\" height=\"120\" src=\"https:\/\/ctamega.pt\/fr\/wp-content\/uploads\/2015\/05\/metro_lisboa.png\" class=\"attachment-full size-full\" alt=\"\" loading=\"lazy\" \/><\/li><li><img width=\"170\" height=\"120\" src=\"https:\/\/ctamega.pt\/fr\/wp-content\/uploads\/2015\/05\/parque_expo.png\" class=\"attachment-full size-full\" alt=\"\" loading=\"lazy\" \/><\/li><li><img width=\"170\" height=\"120\" src=\"https:\/\/ctamega.pt\/fr\/wp-content\/uploads\/2015\/05\/edp.png\" class=\"attachment-full size-full\" alt=\"\" loading=\"lazy\" \/><\/li><li><img width=\"170\" height=\"120\" src=\"https:\/\/ctamega.pt\/fr\/wp-content\/uploads\/2015\/05\/transgas.png\" class=\"attachment-full size-full\" alt=\"\" loading=\"lazy\" \/><\/li><\/ul><div class=\"re-carousel-pagination\"><\/div><\/div>[\/vc_column_inner][\/vc_row_inner][\/vc_column][\/vc_row]<\/p>\n","protected":false},"excerpt":{"rendered":"<p>[vc_row type=&#8221;full-width&#8221;][vc_column][rev_slider_vc alias=&#8221;Slide_Teste&#8221;][\/vc_column][\/vc_row][vc_row top_margin=&#8221;page-margin-top-section&#8221;][vc_column][vc_column_text el_class=&#8221;description align-center&#8221;]T\u00e2mega Engineering est le partenaire id\u00e9al pour concevoir, construire, mettre en place et exploiter des projets dans tous les domaines d&#8217;activit\u00e9, des infrastructures, transports, travaux maritimes, g\u00e9nie civil et industriel, barrages et centrales \u00e9lectriques, jusqu\u2019\u00e0 l&#8217;environnement et syst\u00e8mes de gestion de l&#8217;eau.[\/vc_column_text][\/vc_column][\/vc_row][vc_row][vc_column width=&#8221;1\/3&#8243;][vc_single_image image=&#8221;754&#8243; alignment=&#8221;center&#8221; css=&#8221;.vc_custom_1454523184867{margin-top: 30px !important;}&#8221;][vc_column_text css=&#8221;.vc_custom_1465293207900{margin-top: 30px<\/p>\n","protected":false},"author":3,"featured_media":0,"parent":0,"menu_order":0,"comment_status":"closed","ping_status":"open","template":"template-default-without-breadcrumbs.php","meta":[],"yoast_head":"<!-- This site is optimized with the Yoast SEO plugin v16.3 - https:\/\/yoast.com\/wordpress\/plugins\/seo\/ -->\n<title>T\u00e2mega Engineering - Construtora do Tamega<\/title>\n<meta name=\"description\" content=\"H\u00e1 70 anos que a Construtora do T\u00e2mega \u00e9 uma das empresas de refer\u00eancia no setor de Constru\u00e7\u00e3o Civil e das Obras P\u00fablicas em Portugal.\" \/>\n<meta name=\"robots\" content=\"index, follow, max-snippet:-1, max-image-preview:large, max-video-preview:-1\" \/>\n<link rel=\"canonical\" href=\"https:\/\/ctamega.pt\/fr\/\" \/>\n<meta property=\"og:locale\" content=\"en_US\" \/>\n<meta property=\"og:type\" content=\"article\" \/>\n<meta property=\"og:title\" content=\"T\u00e2mega Engineering - Construtora do Tamega\" \/>\n<meta property=\"og:description\" content=\"H\u00e1 70 anos que a Construtora do T\u00e2mega \u00e9 uma das empresas de refer\u00eancia no setor de Constru\u00e7\u00e3o Civil e das Obras P\u00fablicas em Portugal.\" \/>\n<meta property=\"og:url\" content=\"https:\/\/ctamega.pt\/fr\/\" \/>\n<meta property=\"og:site_name\" content=\"Construtora do Tamega\" \/>\n<meta property=\"article:modified_time\" content=\"2021-05-20T16:25:40+00:00\" \/>\n<meta name=\"twitter:card\" content=\"summary\" \/>\n<meta name=\"twitter:label1\" content=\"Est. reading time\">\n\t<meta name=\"twitter:data1\" content=\"2 minutes\">\n<script type=\"application\/ld+json\" class=\"yoast-schema-graph\">{\"@context\":\"https:\/\/schema.org\",\"@graph\":[{\"@type\":\"WebSite\",\"@id\":\"https:\/\/ctamega.pt\/fr\/#website\",\"url\":\"https:\/\/ctamega.pt\/fr\/\",\"name\":\"Construtora do Tamega\",\"description\":\"My WordPress Blog\",\"potentialAction\":[{\"@type\":\"SearchAction\",\"target\":\"https:\/\/ctamega.pt\/fr\/?s={search_term_string}\",\"query-input\":\"required name=search_term_string\"}],\"inLanguage\":\"en-US\"},{\"@type\":\"WebPage\",\"@id\":\"https:\/\/ctamega.pt\/fr\/#webpage\",\"url\":\"https:\/\/ctamega.pt\/fr\/\",\"name\":\"T\\u00e2mega Engineering - Construtora do Tamega\",\"isPartOf\":{\"@id\":\"https:\/\/ctamega.pt\/fr\/#website\"},\"datePublished\":\"2015-05-08T13:22:48+00:00\",\"dateModified\":\"2021-05-20T16:25:40+00:00\",\"description\":\"H\\u00e1 70 anos que a Construtora do T\\u00e2mega \\u00e9 uma das empresas de refer\\u00eancia no setor de Constru\\u00e7\\u00e3o Civil e das Obras P\\u00fablicas em Portugal.\",\"breadcrumb\":{\"@id\":\"https:\/\/ctamega.pt\/fr\/#breadcrumb\"},\"inLanguage\":\"en-US\",\"potentialAction\":[{\"@type\":\"ReadAction\",\"target\":[\"https:\/\/ctamega.pt\/fr\/\"]}]},{\"@type\":\"BreadcrumbList\",\"@id\":\"https:\/\/ctamega.pt\/fr\/#breadcrumb\",\"itemListElement\":[{\"@type\":\"ListItem\",\"position\":1,\"item\":{\"@type\":\"WebPage\",\"@id\":\"https:\/\/ctamega.pt\/fr\/\",\"url\":\"https:\/\/ctamega.pt\/fr\/\",\"name\":\"Home\"}},{\"@type\":\"ListItem\",\"position\":2,\"item\":{\"@id\":\"https:\/\/ctamega.pt\/fr\/#webpage\"}}]}]}<\/script>\n<!-- \/ Yoast SEO plugin. -->","_links":{"self":[{"href":"https:\/\/ctamega.pt\/fr\/index.php\/wp-json\/wp\/v2\/pages\/2026"}],"collection":[{"href":"https:\/\/ctamega.pt\/fr\/index.php\/wp-json\/wp\/v2\/pages"}],"about":[{"href":"https:\/\/ctamega.pt\/fr\/index.php\/wp-json\/wp\/v2\/types\/page"}],"author":[{"embeddable":true,"href":"https:\/\/ctamega.pt\/fr\/index.php\/wp-json\/wp\/v2\/users\/3"}],"replies":[{"embeddable":true,"href":"https:\/\/ctamega.pt\/fr\/index.php\/wp-json\/wp\/v2\/comments?post=2026"}],"version-history":[{"count":1,"href":"https:\/\/ctamega.pt\/fr\/index.php\/wp-json\/wp\/v2\/pages\/2026\/revisions"}],"predecessor-version":[{"id":2573,"href":"https:\/\/ctamega.pt\/fr\/index.php\/wp-json\/wp\/v2\/pages\/2026\/revisions\/2573"}],"wp:attachment":[{"href":"https:\/\/ctamega.pt\/fr\/index.php\/wp-json\/wp\/v2\/media?parent=2026"}],"curies":[{"name":"wp","href":"https:\/\/api.w.org\/{rel}","templated":true}]}}