{"id":1505,"date":"2015-05-26T10:02:04","date_gmt":"2015-05-26T10:02:04","guid":{"rendered":"http:\/\/localhost\/wordpress\/renovate\/?page_id=236"},"modified":"2017-03-03T11:57:55","modified_gmt":"2017-03-03T11:57:55","slug":"blog","status":"publish","type":"page","link":"https:\/\/ctamega.pt\/fr\/index.php\/blog\/","title":{"rendered":"Blog Template"},"content":{"rendered":"<p>[vc_row top_margin=&#8221;none&#8221; el_class=&#8221;margin-top-70&#8243;][vc_column type=&#8221;&#8221; top_margin=&#8221;none&#8221; width=&#8221;3\/4&#8243;]<div class=\"vc_row wpb_row vc_row-fluid\"><ul class=\"blog clearfix\"><li class=\" post post-2246 type-post status-publish format-standard has-post-thumbnail hentry category-actualites tag-actualites\"><ul class=\"post-details\"><li class=\"date template-calendar\">June<h2>8<\/h2>2016<\/li><li class=\"template-eye\">3154<\/li><li class=\"template-bubble\"><a href=\"https:\/\/ctamega.pt\/fr\/index.php\/2016\/06\/08\/le-gouvernement-approuve-un-accord-pour-lachevement-de-la-variante-au-centre-de-canico-a-madere\/#respond\" title=\"0 comments\">0<\/a><\/li><\/ul><div class=\"post-content\"><a class=\"post-image\" href=\"https:\/\/ctamega.pt\/fr\/index.php\/2016\/06\/08\/le-gouvernement-approuve-un-accord-pour-lachevement-de-la-variante-au-centre-de-canico-a-madere\/\" title=\"Le Gouvernement approuve un accord pour l&#8217;ach\u00e8vement de la variante au centre de Cani\u00e7o \u00e0 Mad\u00e8re\"><img width=\"550\" height=\"414\" src=\"https:\/\/ctamega.pt\/fr\/wp-content\/uploads\/2016\/03\/Foto-variante-ao-centro-do-Cani\u00e7o.jpg\" class=\"attachment-blog-post-thumb size-blog-post-thumb wp-post-image\" alt=\"Le Gouvernement approuve un accord pour l&#8217;ach\u00e8vement de la variante au centre de Cani\u00e7o \u00e0 Mad\u00e8re\" loading=\"lazy\" title=\"\" srcset=\"https:\/\/ctamega.pt\/fr\/wp-content\/uploads\/2016\/03\/Foto-variante-ao-centro-do-Cani\u00e7o.jpg 550w, https:\/\/ctamega.pt\/fr\/wp-content\/uploads\/2016\/03\/Foto-variante-ao-centro-do-Cani\u00e7o-300x226.jpg 300w\" sizes=\"(max-width: 550px) 100vw, 550px\" \/><\/a><ul class=\"post-content-details clearfix\"><li>By <a href=\"https:\/\/ctamega.pt\/fr\/index.php\/author\/ctamega\/\" title=\"CONSTRUTORA DO T\u00c2MEGA\">CONSTRUTORA DO T\u00c2MEGA<\/a><\/li><li>In <a class=\"category-52\" href=\"https:\/\/ctamega.pt\/fr\/index.php\/category\/actualites\/\" title=\"View all posts filed under Actualit\u00e9s\">Actualit\u00e9s<\/a><\/li><\/ul><h2 class=\"box-header align-left\"><a href=\"https:\/\/ctamega.pt\/fr\/index.php\/2016\/06\/08\/le-gouvernement-approuve-un-accord-pour-lachevement-de-la-variante-au-centre-de-canico-a-madere\/\" title=\"Le Gouvernement approuve un accord pour l&#8217;ach\u00e8vement de la variante au centre de Cani\u00e7o \u00e0 Mad\u00e8re\">Le Gouvernement approuve un accord pour l&#8217;ach\u00e8vement de la variante au centre de Cani\u00e7o \u00e0 Mad\u00e8re<\/a><\/h2><p>L\u2019avant-projet de l\u2019accord pour l\u2019ach\u00e8vement des travaux concernant la \u201cConstruction de la Variante au Centre de Cani\u00e7o\u201d a \u00e9t\u00e9 approuv\u00e9 en F\u00e9vrier 2016, lors de la r\u00e9union du Conseil de Gouvernement, tel que publi\u00e9 au Journal Officiel de la R\u00e9gion Autonome de Mad\u00e8re. L\u2019accord sera conclu entre la R\u00e9gion Autonome de Mad\u00e8re, en tant que<\/p>\n<div class=\"vc_row wpb_row vc_row-fluid padding-top-54 padding-bottom-17\"><a title=\"READ MORE\" href=\"https:\/\/ctamega.pt\/fr\/index.php\/2016\/06\/08\/le-gouvernement-approuve-un-accord-pour-lachevement-de-la-variante-au-centre-de-canico-a-madere\/\" class=\"more\">READ MORE<\/a><\/div><\/div><\/li><\/ul><\/div>[\/vc_column][vc_column type=&#8221;re-smart-column&#8221; top_margin=&#8221;none&#8221; width=&#8221;1\/4&#8243;]<div class=\"call-to-action sl-small-wallet\"><h4>COST CALCULATOR<\/h4><p>Use our form to estimate the initial cost of renovation or installation.<\/p><a class=\"more\" href=\"#\" title=\"REQUEST A QUOTE\">REQUEST A QUOTE<\/a><\/div><h6 class=\"box-header page-margin-top\">Latest Posts<\/h6><div class=\"vc_row wpb_row vc_row-fluid\"><ul class=\"blog clearfix small margin-top-30\"><li class=\"small post post-2246 type-post status-publish format-standard has-post-thumbnail hentry category-actualites tag-actualites\"><a class=\"post-image\" href=\"https:\/\/ctamega.pt\/fr\/index.php\/2016\/06\/08\/le-gouvernement-approuve-un-accord-pour-lachevement-de-la-variante-au-centre-de-canico-a-madere\/\" title=\"Le Gouvernement approuve un accord pour l&#8217;ach\u00e8vement de la variante au centre de Cani\u00e7o \u00e0 Mad\u00e8re\"><img width=\"90\" height=\"90\" src=\"https:\/\/ctamega.pt\/fr\/wp-content\/uploads\/2016\/03\/Foto-variante-ao-centro-do-Cani\u00e7o-90x90.jpg\" class=\"attachment-tiny-thumb size-tiny-thumb wp-post-image\" alt=\"Le Gouvernement approuve un accord pour l&#8217;ach\u00e8vement de la variante au centre de Cani\u00e7o \u00e0 Mad\u00e8re\" loading=\"lazy\" title=\"\" srcset=\"https:\/\/ctamega.pt\/fr\/wp-content\/uploads\/2016\/03\/Foto-variante-ao-centro-do-Cani\u00e7o-90x90.jpg 90w, https:\/\/ctamega.pt\/fr\/wp-content\/uploads\/2016\/03\/Foto-variante-ao-centro-do-Cani\u00e7o-150x150.jpg 150w\" sizes=\"(max-width: 90px) 100vw, 90px\" \/><\/a><div class=\"post-content\"><a href=\"https:\/\/ctamega.pt\/fr\/index.php\/2016\/06\/08\/le-gouvernement-approuve-un-accord-pour-lachevement-de-la-variante-au-centre-de-canico-a-madere\/\" title=\"Le Gouvernement approuve un accord pour l&#8217;ach\u00e8vement de la variante au centre de Cani\u00e7o \u00e0 Mad\u00e8re\">Le Gouvernement approuve un accord pour l&#8217;ach\u00e8vement de la variante au centre de Cani\u00e7o \u00e0 Mad\u00e8re<\/a><ul class=\"post-details\"><li class=\"date\">June 8, 2016<\/li><\/ul><\/div><\/li><\/ul><\/div><h6 class=\"box-header page-margin-top\">Most Viewed<\/h6><div class=\"vc_row wpb_row vc_row-fluid\"><ul class=\"blog clearfix small margin-top-30\"><li class=\"small post post-2246 type-post status-publish format-standard has-post-thumbnail hentry category-actualites tag-actualites\"><a class=\"post-image\" href=\"https:\/\/ctamega.pt\/fr\/index.php\/2016\/06\/08\/le-gouvernement-approuve-un-accord-pour-lachevement-de-la-variante-au-centre-de-canico-a-madere\/\" title=\"Le Gouvernement approuve un accord pour l&#8217;ach\u00e8vement de la variante au centre de Cani\u00e7o \u00e0 Mad\u00e8re\"><img width=\"90\" height=\"90\" src=\"https:\/\/ctamega.pt\/fr\/wp-content\/uploads\/2016\/03\/Foto-variante-ao-centro-do-Cani\u00e7o-90x90.jpg\" class=\"attachment-tiny-thumb size-tiny-thumb wp-post-image\" alt=\"Le Gouvernement approuve un accord pour l&#8217;ach\u00e8vement de la variante au centre de Cani\u00e7o \u00e0 Mad\u00e8re\" loading=\"lazy\" title=\"\" srcset=\"https:\/\/ctamega.pt\/fr\/wp-content\/uploads\/2016\/03\/Foto-variante-ao-centro-do-Cani\u00e7o-90x90.jpg 90w, https:\/\/ctamega.pt\/fr\/wp-content\/uploads\/2016\/03\/Foto-variante-ao-centro-do-Cani\u00e7o-150x150.jpg 150w\" sizes=\"(max-width: 90px) 100vw, 90px\" \/><\/a><div class=\"post-content\"><a href=\"https:\/\/ctamega.pt\/fr\/index.php\/2016\/06\/08\/le-gouvernement-approuve-un-accord-pour-lachevement-de-la-variante-au-centre-de-canico-a-madere\/\" title=\"Le Gouvernement approuve un accord pour l&#8217;ach\u00e8vement de la variante au centre de Cani\u00e7o \u00e0 Mad\u00e8re\">Le Gouvernement approuve un accord pour l&#8217;ach\u00e8vement de la variante au centre de Cani\u00e7o \u00e0 Mad\u00e8re<\/a><ul class=\"post-details\"><li>3154 views<\/li><\/ul><\/div><\/li><\/ul><\/div><h6 class=\"box-header page-margin-top\">Text Widget<\/h6>[vc_wp_text el_class=&#8221;margin-top-24&#8243;]Here is a text widget settings ipsum lore tora dolor sit amet velum. Maecenas est velum, gravida <a href=\"#\">Vehicula Dolor<\/a>[\/vc_wp_text][vc_wp_categories options=&#8221;&#8221; el_class=&#8221;page-margin-top clearfix&#8221; title=&#8221;Categories&#8221;][vc_wp_archives options=&#8221;count&#8221; title=&#8221;Archives&#8221; el_class=&#8221;page-margin-top full-width clearfix&#8221;][vc_wp_tagcloud taxonomy=&#8221;post_tag&#8221; title=&#8221;Tags&#8221; el_class=&#8221;page-margin-top clearfix&#8221;][\/vc_column][\/vc_row]<\/p>\n","protected":false},"excerpt":{"rendered":"<p>[vc_row top_margin=&#8221;none&#8221; el_class=&#8221;margin-top-70&#8243;][vc_column type=&#8221;&#8221; top_margin=&#8221;none&#8221; width=&#8221;3\/4&#8243;][\/vc_column][vc_column type=&#8221;re-smart-column&#8221; top_margin=&#8221;none&#8221; width=&#8221;1\/4&#8243;][vc_wp_text el_class=&#8221;margin-top-24&#8243;]Here is a text widget settings ipsum lore tora dolor sit amet velum. Maecenas est velum, gravida Vehicula Dolor[\/vc_wp_text][vc_wp_categories options=&#8221;&#8221; el_class=&#8221;page-margin-top clearfix&#8221; title=&#8221;Categories&#8221;][vc_wp_archives options=&#8221;count&#8221; title=&#8221;Archives&#8221; el_class=&#8221;page-margin-top full-width clearfix&#8221;][vc_wp_tagcloud taxonomy=&#8221;post_tag&#8221; title=&#8221;Tags&#8221; el_class=&#8221;page-margin-top clearfix&#8221;][\/vc_column][\/vc_row]<\/p>\n","protected":false},"author":3,"featured_media":0,"parent":0,"menu_order":0,"comment_status":"closed","ping_status":"open","template":"template-blog.php","meta":[],"yoast_head":"<!-- This site is optimized with the Yoast SEO plugin v16.3 - https:\/\/yoast.com\/wordpress\/plugins\/seo\/ -->\n<title>Blog Template - Construtora do Tamega<\/title>\n<meta name=\"robots\" content=\"index, follow, max-snippet:-1, max-image-preview:large, max-video-preview:-1\" \/>\n<link rel=\"canonical\" href=\"https:\/\/ctamega.pt\/fr\/index.php\/blog\/\" \/>\n<meta property=\"og:locale\" content=\"en_US\" \/>\n<meta property=\"og:type\" content=\"article\" \/>\n<meta property=\"og:title\" content=\"Blog Template - Construtora do Tamega\" \/>\n<meta property=\"og:description\" content=\"[vc_row top_margin=&#8221;none&#8221; el_class=&#8221;margin-top-70&#8243;][vc_column type=&#8221;&#8221; top_margin=&#8221;none&#8221; width=&#8221;3\/4&#8243;][\/vc_column][vc_column type=&#8221;re-smart-column&#8221; top_margin=&#8221;none&#8221; width=&#8221;1\/4&#8243;][vc_wp_text el_class=&#8221;margin-top-24&#8243;]Here is a text widget settings ipsum lore tora dolor sit amet velum. Maecenas est velum, gravida Vehicula Dolor[\/vc_wp_text][vc_wp_categories options=&#8221;&#8221; el_class=&#8221;page-margin-top clearfix&#8221; title=&#8221;Categories&#8221;][vc_wp_archives options=&#8221;count&#8221; title=&#8221;Archives&#8221; el_class=&#8221;page-margin-top full-width clearfix&#8221;][vc_wp_tagcloud taxonomy=&#8221;post_tag&#8221; title=&#8221;Tags&#8221; el_class=&#8221;page-margin-top clearfix&#8221;][\/vc_column][\/vc_row]\" \/>\n<meta property=\"og:url\" content=\"https:\/\/ctamega.pt\/fr\/index.php\/blog\/\" \/>\n<meta property=\"og:site_name\" content=\"Construtora do Tamega\" \/>\n<meta property=\"article:modified_time\" content=\"2017-03-03T11:57:55+00:00\" \/>\n<meta name=\"twitter:card\" content=\"summary\" \/>\n<meta name=\"twitter:label1\" content=\"Est. reading time\">\n\t<meta name=\"twitter:data1\" content=\"1 minute\">\n<script type=\"application\/ld+json\" class=\"yoast-schema-graph\">{\"@context\":\"https:\/\/schema.org\",\"@graph\":[{\"@type\":\"WebSite\",\"@id\":\"https:\/\/ctamega.pt\/fr\/#website\",\"url\":\"https:\/\/ctamega.pt\/fr\/\",\"name\":\"Construtora do Tamega\",\"description\":\"My WordPress Blog\",\"potentialAction\":[{\"@type\":\"SearchAction\",\"target\":\"https:\/\/ctamega.pt\/fr\/?s={search_term_string}\",\"query-input\":\"required name=search_term_string\"}],\"inLanguage\":\"en-US\"},{\"@type\":\"WebPage\",\"@id\":\"https:\/\/ctamega.pt\/fr\/index.php\/blog\/#webpage\",\"url\":\"https:\/\/ctamega.pt\/fr\/index.php\/blog\/\",\"name\":\"Blog Template - Construtora do Tamega\",\"isPartOf\":{\"@id\":\"https:\/\/ctamega.pt\/fr\/#website\"},\"datePublished\":\"2015-05-26T10:02:04+00:00\",\"dateModified\":\"2017-03-03T11:57:55+00:00\",\"breadcrumb\":{\"@id\":\"https:\/\/ctamega.pt\/fr\/index.php\/blog\/#breadcrumb\"},\"inLanguage\":\"en-US\",\"potentialAction\":[{\"@type\":\"ReadAction\",\"target\":[\"https:\/\/ctamega.pt\/fr\/index.php\/blog\/\"]}]},{\"@type\":\"BreadcrumbList\",\"@id\":\"https:\/\/ctamega.pt\/fr\/index.php\/blog\/#breadcrumb\",\"itemListElement\":[{\"@type\":\"ListItem\",\"position\":1,\"item\":{\"@type\":\"WebPage\",\"@id\":\"https:\/\/ctamega.pt\/fr\/\",\"url\":\"https:\/\/ctamega.pt\/fr\/\",\"name\":\"Home\"}},{\"@type\":\"ListItem\",\"position\":2,\"item\":{\"@id\":\"https:\/\/ctamega.pt\/fr\/index.php\/blog\/#webpage\"}}]}]}<\/script>\n<!-- \/ Yoast SEO plugin. -->","_links":{"self":[{"href":"https:\/\/ctamega.pt\/fr\/index.php\/wp-json\/wp\/v2\/pages\/1505"}],"collection":[{"href":"https:\/\/ctamega.pt\/fr\/index.php\/wp-json\/wp\/v2\/pages"}],"about":[{"href":"https:\/\/ctamega.pt\/fr\/index.php\/wp-json\/wp\/v2\/types\/page"}],"author":[{"embeddable":true,"href":"https:\/\/ctamega.pt\/fr\/index.php\/wp-json\/wp\/v2\/users\/3"}],"replies":[{"embeddable":true,"href":"https:\/\/ctamega.pt\/fr\/index.php\/wp-json\/wp\/v2\/comments?post=1505"}],"version-history":[{"count":0,"href":"https:\/\/ctamega.pt\/fr\/index.php\/wp-json\/wp\/v2\/pages\/1505\/revisions"}],"wp:attachment":[{"href":"https:\/\/ctamega.pt\/fr\/index.php\/wp-json\/wp\/v2\/media?parent=1505"}],"curies":[{"name":"wp","href":"https:\/\/api.w.org\/{rel}","templated":true}]}}