{"id":137,"date":"2015-05-20T11:09:20","date_gmt":"2015-05-20T11:09:20","guid":{"rendered":"http:\/\/localhost\/wordpress\/renovate\/?page_id=137"},"modified":"2021-05-20T17:29:33","modified_gmt":"2021-05-20T16:29:33","slug":"domaines-d-activite","status":"publish","type":"page","link":"https:\/\/ctamega.pt\/fr\/index.php\/domaines-d-activite\/","title":{"rendered":"DOMAINES D\u00b4ACTIV\u00c9"},"content":{"rendered":"<p>[vc_row type=&#8221;full-width&#8221;][vc_column][rev_slider_vc alias=&#8221;areas_negocio&#8221;][\/vc_column][\/vc_row][vc_row top_margin=&#8221;page-margin-top-section&#8221;][vc_column]<h2 class=\"box-header\">DOMAINES D\u00b4ACTIVIT\u00c9<\/h2>[vc_column_text el_class=&#8221;description align-center&#8221;]<strong>T\u00e2mega Engineering<\/strong> est le partenaire id\u00e9al pour concevoir, construire, mettre en place et exploiter des projets dans tous les domaines d&#8217;activit\u00e9, des infrastructures, transports, travaux maritimes, g\u00e9nie civil et industriel, barrages et centrales \u00e9lectriques, jusqu\u2019\u00e0 l&#8217;environnement et syst\u00e8mes de gestion de l&#8217;eau.[\/vc_column_text][\/vc_column][\/vc_row][vc_row][vc_column width=&#8221;1\/3&#8243;][vc_single_image image=&#8221;754&#8243; alignment=&#8221;center&#8221; onclick=&#8221;custom_link&#8221; css=&#8221;.vc_custom_1466072268338{margin-top: 30px !important;}&#8221; link=&#8221;http:\/\/ctamega.pt\/fr\/index.php\/portefeuille\/#filter-ponts-et-viaducs&#8221;][vc_column_text css=&#8221;.vc_custom_1465317470083{margin-top: 30px !important;}&#8221;]<\/p>\n<h4 style=\"text-align: center;\">Ponts et Viaducs<\/h4>\n<p>[\/vc_column_text][vc_single_image image=&#8221;753&#8243; alignment=&#8221;center&#8221; onclick=&#8221;custom_link&#8221; css=&#8221;.vc_custom_1466072456347{margin-top: 30px !important;}&#8221; link=&#8221;http:\/\/ctamega.pt\/fr\/index.php\/portefeuille\/#filter-autoroutes&#8221;][vc_column_text css=&#8221;.vc_custom_1465317452461{margin-top: 30px !important;}&#8221;]<\/p>\n<h4 style=\"text-align: center;\">Autoroutes, Routes et Rues<\/h4>\n<p>[\/vc_column_text][vc_single_image image=&#8221;793&#8243; alignment=&#8221;center&#8221; onclick=&#8221;custom_link&#8221; css=&#8221;.vc_custom_1466072590731{margin-top: 30px !important;}&#8221; link=&#8221;http:\/\/ctamega.pt\/fr\/index.php\/portefeuille\/#filter-tunnels&#8221;][vc_column_text css=&#8221;.vc_custom_1465317482819{margin-top: 30px !important;}&#8221;]<\/p>\n<h4 style=\"text-align: center;\">Tunnels<\/h4>\n<p>[\/vc_column_text][\/vc_column][vc_column width=&#8221;1\/3&#8243;][vc_single_image image=&#8221;756&#8243; alignment=&#8221;center&#8221; onclick=&#8221;custom_link&#8221; css=&#8221;.vc_custom_1466072249833{margin-top: 30px !important;}&#8221; link=&#8221;http:\/\/ctamega.pt\/fr\/index.php\/portefeuille\/#filter-batiment-et-industrielle&#8221;][vc_column_text css=&#8221;.vc_custom_1465317530637{margin-top: 30px !important;}&#8221;]<\/p>\n<h4 style=\"text-align: center;\">B\u00e2timent, G\u00e9nie Civil et Industrielle<\/h4>\n<p>[\/vc_column_text][vc_single_image image=&#8221;757&#8243; alignment=&#8221;center&#8221; onclick=&#8221;custom_link&#8221; css=&#8221;.vc_custom_1466072551533{margin-top: 30px !important;}&#8221; link=&#8221;http:\/\/ctamega.pt\/fr\/index.php\/portefeuille\/#filter-hydroelectriques-et-barrages&#8221;][vc_column_text css=&#8221;.vc_custom_1465317540409{margin-top: 30px !important;}&#8221;]<\/p>\n<h4 style=\"text-align: center;\">Hydro\u00e9lectriques et Barrages<\/h4>\n<p>[\/vc_column_text][\/vc_column][vc_column width=&#8221;1\/3&#8243;][vc_single_image image=&#8221;755&#8243; alignment=&#8221;center&#8221; onclick=&#8221;custom_link&#8221; css=&#8221;.vc_custom_1466072416462{margin-top: 30px !important;}&#8221; link=&#8221;http:\/\/ctamega.pt\/fr\/index.php\/portefeuille\/#filter-chemins-de-fer-et-metros&#8221;][vc_column_text css=&#8221;.vc_custom_1465317563511{margin-top: 30px !important;}&#8221;]<\/p>\n<h4 style=\"text-align: center;\">Chemins de Fer et M\u00e9tros<\/h4>\n<p>[\/vc_column_text][vc_single_image image=&#8221;759&#8243; alignment=&#8221;center&#8221; onclick=&#8221;custom_link&#8221; css=&#8221;.vc_custom_1466072576271{margin-top: 30px !important;}&#8221; link=&#8221;http:\/\/ctamega.pt\/fr\/index.php\/portefeuille\/#filter-aeroports&#8221;][vc_column_text css=&#8221;.vc_custom_1465317552113{margin-top: 30px !important;margin-bottom: 20px !important;}&#8221;]<\/p>\n<h4 style=\"text-align: center;\">A\u00e9roports, A\u00e9rodromes et Bases A\u00e9riennes<\/h4>\n<p>[\/vc_column_text][\/vc_column][\/vc_row][vc_row][vc_column]<h2 class=\"box-header\">AUTRES DOMAINES D\u00b4ACTIVIT\u00c9<\/h2>[\/vc_column][\/vc_row][vc_row][vc_column width=&#8221;1\/3&#8243;][vc_single_image image=&#8221;799&#8243; alignment=&#8221;center&#8221; onclick=&#8221;custom_link&#8221; css=&#8221;.vc_custom_1466072611700{margin-top: 30px !important;}&#8221; link=&#8221;http:\/\/ctamega.pt\/fr\/index.php\/portefeuille\/#filter-telepheriques&#8221;][vc_column_text css=&#8221;.vc_custom_1465317669395{margin-top: 30px !important;}&#8221;]<\/p>\n<h4 style=\"text-align: center;\">T\u00e9l\u00e9ph\u00e9riques<\/h4>\n<p>[\/vc_column_text][vc_single_image image=&#8221;798&#8243; alignment=&#8221;center&#8221; onclick=&#8221;custom_link&#8221; css=&#8221;.vc_custom_1466072668281{margin-top: 30px !important;}&#8221; link=&#8221;http:\/\/ctamega.pt\/fr\/index.php\/portefeuille\/#filter-rehabilitation-et-reparation-de-structures&#8221;][vc_column_text css=&#8221;.vc_custom_1465489067073{margin-top: 30px !important;}&#8221;]<\/p>\n<h4 style=\"text-align: center;\">R\u00e9habilitation et R\u00e9paration de Structures<\/h4>\n<p>[\/vc_column_text][\/vc_column][vc_column width=&#8221;1\/3&#8243;][vc_single_image image=&#8221;796&#8243; alignment=&#8221;center&#8221; onclick=&#8221;custom_link&#8221; css=&#8221;.vc_custom_1466072628967{margin-top: 30px !important;}&#8221; link=&#8221;http:\/\/ctamega.pt\/fr\/index.php\/portefeuille\/#filter-travaux-maritimes&#8221;][vc_column_text css=&#8221;.vc_custom_1465317632315{margin-top: 30px !important;}&#8221;]<\/p>\n<h4 style=\"text-align: center;\">Travaux Maritimes<\/h4>\n<p>[\/vc_column_text][vc_single_image image=&#8221;795&#8243; alignment=&#8221;center&#8221; onclick=&#8221;custom_link&#8221; css=&#8221;.vc_custom_1466072690352{margin-top: 30px !important;}&#8221; link=&#8221;http:\/\/ctamega.pt\/fr\/index.php\/portefeuille\/#filter-assainissement-et-approvisionnement&#8221;][vc_column_text css=&#8221;.vc_custom_1465317621580{margin-top: 30px !important;}&#8221;]<\/p>\n<h4 style=\"text-align: center;\">Assainissement et Approvisionnement<\/h4>\n<p>[\/vc_column_text][\/vc_column][vc_column width=&#8221;1\/3&#8243;][vc_single_image image=&#8221;797&#8243; alignment=&#8221;center&#8221; onclick=&#8221;custom_link&#8221; css=&#8221;.vc_custom_1466072646627{margin-top: 30px !important;}&#8221; link=&#8221;http:\/\/ctamega.pt\/fr\/index.php\/portefeuille\/#filter-reseaux-de-gaz&#8221;][vc_column_text css=&#8221;.vc_custom_1465317642221{margin-top: 30px !important;}&#8221;]<\/p>\n<h4 style=\"text-align: center;\">R\u00e9seaux de Gaz<\/h4>\n<p>[\/vc_column_text][vc_single_image image=&#8221;1355&#8243; alignment=&#8221;center&#8221; onclick=&#8221;custom_link&#8221; css=&#8221;.vc_custom_1466072708051{margin-top: 30px !important;}&#8221; link=&#8221;http:\/\/ctamega.pt\/fr\/index.php\/portefeuille\/#filter-traitement-des-dechets-solides&#8221;][vc_column_text css=&#8221;.vc_custom_1465317655514{margin-top: 30px !important;}&#8221;]<\/p>\n<h4 style=\"text-align: center;\">Traitement des D\u00e9chets Solides<\/h4>\n<p>[\/vc_column_text][\/vc_column][\/vc_row]<\/p>\n","protected":false},"excerpt":{"rendered":"<p>[vc_row type=&#8221;full-width&#8221;][vc_column][rev_slider_vc alias=&#8221;areas_negocio&#8221;][\/vc_column][\/vc_row][vc_row top_margin=&#8221;page-margin-top-section&#8221;][vc_column][vc_column_text el_class=&#8221;description align-center&#8221;]T\u00e2mega Engineering est le partenaire id\u00e9al pour concevoir, construire, mettre en place et exploiter des projets dans tous les domaines d&#8217;activit\u00e9, des infrastructures, transports, travaux maritimes, g\u00e9nie civil et industriel, barrages et centrales \u00e9lectriques, jusqu\u2019\u00e0 l&#8217;environnement et syst\u00e8mes de gestion de l&#8217;eau.[\/vc_column_text][\/vc_column][\/vc_row][vc_row][vc_column width=&#8221;1\/3&#8243;][vc_single_image image=&#8221;754&#8243; alignment=&#8221;center&#8221; onclick=&#8221;custom_link&#8221; css=&#8221;.vc_custom_1466072268338{margin-top: 30px !important;}&#8221; link=&#8221;http:\/\/ctamega.pt\/fr\/index.php\/portefeuille\/#filter-ponts-et-viaducs&#8221;][vc_column_text<\/p>\n","protected":false},"author":3,"featured_media":0,"parent":0,"menu_order":0,"comment_status":"closed","ping_status":"open","template":"template-default-without-breadcrumbs.php","meta":[],"yoast_head":"<!-- This site is optimized with the Yoast SEO plugin v16.3 - https:\/\/yoast.com\/wordpress\/plugins\/seo\/ -->\n<title>DOMAINES D\u00b4ACTIV\u00c9 - Construtora do Tamega<\/title>\n<meta name=\"description\" content=\"A Construtora do T\u00e2mega \u00e9 o parceiro ideal para conceber, construir e operar em todas as \u00e1reas de neg\u00f3cios onde exerce atividade.\" \/>\n<meta name=\"robots\" content=\"index, follow, max-snippet:-1, max-image-preview:large, max-video-preview:-1\" \/>\n<link rel=\"canonical\" href=\"http:\/\/ctamega.pt\/fr\/index.php\/domaines-d-activite\/\" \/>\n<meta property=\"og:locale\" content=\"en_US\" \/>\n<meta property=\"og:type\" content=\"article\" \/>\n<meta property=\"og:title\" content=\"DOMAINES D\u00b4ACTIV\u00c9 - Construtora do Tamega\" \/>\n<meta property=\"og:description\" content=\"A Construtora do T\u00e2mega \u00e9 o parceiro ideal para conceber, construir e operar em todas as \u00e1reas de neg\u00f3cios onde exerce atividade.\" \/>\n<meta property=\"og:url\" content=\"http:\/\/ctamega.pt\/fr\/index.php\/domaines-d-activite\/\" \/>\n<meta property=\"og:site_name\" content=\"Construtora do Tamega\" \/>\n<meta property=\"article:modified_time\" content=\"2021-05-20T16:29:33+00:00\" \/>\n<meta name=\"twitter:card\" content=\"summary\" \/>\n<meta name=\"twitter:label1\" content=\"Est. reading time\">\n\t<meta name=\"twitter:data1\" content=\"2 minutes\">\n<script type=\"application\/ld+json\" class=\"yoast-schema-graph\">{\"@context\":\"https:\/\/schema.org\",\"@graph\":[{\"@type\":\"WebSite\",\"@id\":\"https:\/\/ctamega.pt\/fr\/#website\",\"url\":\"https:\/\/ctamega.pt\/fr\/\",\"name\":\"Construtora do Tamega\",\"description\":\"My WordPress Blog\",\"potentialAction\":[{\"@type\":\"SearchAction\",\"target\":\"https:\/\/ctamega.pt\/fr\/?s={search_term_string}\",\"query-input\":\"required name=search_term_string\"}],\"inLanguage\":\"en-US\"},{\"@type\":\"WebPage\",\"@id\":\"http:\/\/ctamega.pt\/fr\/index.php\/domaines-d-activite\/#webpage\",\"url\":\"http:\/\/ctamega.pt\/fr\/index.php\/domaines-d-activite\/\",\"name\":\"DOMAINES D\\u00b4ACTIV\\u00c9 - Construtora do Tamega\",\"isPartOf\":{\"@id\":\"https:\/\/ctamega.pt\/fr\/#website\"},\"datePublished\":\"2015-05-20T11:09:20+00:00\",\"dateModified\":\"2021-05-20T16:29:33+00:00\",\"description\":\"A Construtora do T\\u00e2mega \\u00e9 o parceiro ideal para conceber, construir e operar em todas as \\u00e1reas de neg\\u00f3cios onde exerce atividade.\",\"breadcrumb\":{\"@id\":\"http:\/\/ctamega.pt\/fr\/index.php\/domaines-d-activite\/#breadcrumb\"},\"inLanguage\":\"en-US\",\"potentialAction\":[{\"@type\":\"ReadAction\",\"target\":[\"http:\/\/ctamega.pt\/fr\/index.php\/domaines-d-activite\/\"]}]},{\"@type\":\"BreadcrumbList\",\"@id\":\"http:\/\/ctamega.pt\/fr\/index.php\/domaines-d-activite\/#breadcrumb\",\"itemListElement\":[{\"@type\":\"ListItem\",\"position\":1,\"item\":{\"@type\":\"WebPage\",\"@id\":\"https:\/\/ctamega.pt\/fr\/\",\"url\":\"https:\/\/ctamega.pt\/fr\/\",\"name\":\"Home\"}},{\"@type\":\"ListItem\",\"position\":2,\"item\":{\"@id\":\"http:\/\/ctamega.pt\/fr\/index.php\/domaines-d-activite\/#webpage\"}}]}]}<\/script>\n<!-- \/ Yoast SEO plugin. -->","_links":{"self":[{"href":"https:\/\/ctamega.pt\/fr\/index.php\/wp-json\/wp\/v2\/pages\/137"}],"collection":[{"href":"https:\/\/ctamega.pt\/fr\/index.php\/wp-json\/wp\/v2\/pages"}],"about":[{"href":"https:\/\/ctamega.pt\/fr\/index.php\/wp-json\/wp\/v2\/types\/page"}],"author":[{"embeddable":true,"href":"https:\/\/ctamega.pt\/fr\/index.php\/wp-json\/wp\/v2\/users\/3"}],"replies":[{"embeddable":true,"href":"https:\/\/ctamega.pt\/fr\/index.php\/wp-json\/wp\/v2\/comments?post=137"}],"version-history":[{"count":1,"href":"https:\/\/ctamega.pt\/fr\/index.php\/wp-json\/wp\/v2\/pages\/137\/revisions"}],"predecessor-version":[{"id":2576,"href":"https:\/\/ctamega.pt\/fr\/index.php\/wp-json\/wp\/v2\/pages\/137\/revisions\/2576"}],"wp:attachment":[{"href":"https:\/\/ctamega.pt\/fr\/index.php\/wp-json\/wp\/v2\/media?parent=137"}],"curies":[{"name":"wp","href":"https:\/\/api.w.org\/{rel}","templated":true}]}}