{"id":1369,"date":"2016-03-10T03:04:52","date_gmt":"2016-03-10T03:04:52","guid":{"rendered":"http:\/\/visionwebsolutions.pt\/ctamega\/?page_id=1369"},"modified":"2021-05-20T17:30:19","modified_gmt":"2021-05-20T16:30:19","slug":"subsidiarias","status":"publish","type":"page","link":"https:\/\/ctamega.pt\/fr\/index.php\/subsidiarias\/","title":{"rendered":"Filiales"},"content":{"rendered":"<p>[vc_row type=&#8221;full-width&#8221;][vc_column][rev_slider_vc alias=&#8221;iberinstal&#8221;][\/vc_column][\/vc_row][vc_row top_margin=&#8221;page-margin-top-section&#8221;][vc_column]<h2 class=\"box-header\">FILIALES<\/h2>[\/vc_column][\/vc_row][vc_row][vc_column][vc_column_text]<\/p>\n<div style=\"text-align: justify;\">\n<p>Les principales filiales op\u00e9rationnelles de T\u00e2mega Engineering sont les suivantes:<\/p>\n<p><strong>&#8211;<a href=\"http:\/\/ctamega.pt\/index.php\/iberinstal-2\/\">Iberinstal<\/a><\/strong><\/p>\n<\/div>\n<p>[\/vc_column_text][\/vc_column][\/vc_row]<\/p>\n","protected":false},"excerpt":{"rendered":"<p>[vc_row type=&#8221;full-width&#8221;][vc_column][rev_slider_vc alias=&#8221;iberinstal&#8221;][\/vc_column][\/vc_row][vc_row top_margin=&#8221;page-margin-top-section&#8221;][vc_column][\/vc_column][\/vc_row][vc_row][vc_column][vc_column_text] Les principales filiales op\u00e9rationnelles de T\u00e2mega Engineering sont les suivantes: &#8211;Iberinstal [\/vc_column_text][\/vc_column][\/vc_row]<\/p>\n","protected":false},"author":3,"featured_media":0,"parent":0,"menu_order":0,"comment_status":"closed","ping_status":"closed","template":"template-default-without-breadcrumbs.php","meta":[],"yoast_head":"<!-- This site is optimized with the Yoast SEO plugin v16.3 - https:\/\/yoast.com\/wordpress\/plugins\/seo\/ -->\n<title>Filiales - Construtora do Tamega<\/title>\n<meta name=\"description\" content=\"H\u00e1 70 anos que a Construtora do T\u00e2mega \u00e9 uma das empresas de refer\u00eancia no setor de Constru\u00e7\u00e3o Civil e das Obras P\u00fablicas em Portugal.\" \/>\n<meta name=\"robots\" content=\"index, follow, max-snippet:-1, max-image-preview:large, max-video-preview:-1\" \/>\n<link rel=\"canonical\" href=\"https:\/\/ctamega.pt\/fr\/index.php\/subsidiarias\/\" \/>\n<meta property=\"og:locale\" content=\"en_US\" \/>\n<meta property=\"og:type\" content=\"article\" \/>\n<meta property=\"og:title\" content=\"Filiales - Construtora do Tamega\" \/>\n<meta property=\"og:description\" content=\"H\u00e1 70 anos que a Construtora do T\u00e2mega \u00e9 uma das empresas de refer\u00eancia no setor de Constru\u00e7\u00e3o Civil e das Obras P\u00fablicas em Portugal.\" \/>\n<meta property=\"og:url\" content=\"https:\/\/ctamega.pt\/fr\/index.php\/subsidiarias\/\" \/>\n<meta property=\"og:site_name\" content=\"Construtora do Tamega\" \/>\n<meta property=\"article:modified_time\" content=\"2021-05-20T16:30:19+00:00\" \/>\n<meta name=\"twitter:card\" content=\"summary\" \/>\n<meta name=\"twitter:label1\" content=\"Est. reading time\">\n\t<meta name=\"twitter:data1\" content=\"1 minute\">\n<script type=\"application\/ld+json\" class=\"yoast-schema-graph\">{\"@context\":\"https:\/\/schema.org\",\"@graph\":[{\"@type\":\"WebSite\",\"@id\":\"https:\/\/ctamega.pt\/fr\/#website\",\"url\":\"https:\/\/ctamega.pt\/fr\/\",\"name\":\"Construtora do Tamega\",\"description\":\"My WordPress Blog\",\"potentialAction\":[{\"@type\":\"SearchAction\",\"target\":\"https:\/\/ctamega.pt\/fr\/?s={search_term_string}\",\"query-input\":\"required name=search_term_string\"}],\"inLanguage\":\"en-US\"},{\"@type\":\"WebPage\",\"@id\":\"https:\/\/ctamega.pt\/fr\/index.php\/subsidiarias\/#webpage\",\"url\":\"https:\/\/ctamega.pt\/fr\/index.php\/subsidiarias\/\",\"name\":\"Filiales - Construtora do Tamega\",\"isPartOf\":{\"@id\":\"https:\/\/ctamega.pt\/fr\/#website\"},\"datePublished\":\"2016-03-10T03:04:52+00:00\",\"dateModified\":\"2021-05-20T16:30:19+00:00\",\"description\":\"H\\u00e1 70 anos que a Construtora do T\\u00e2mega \\u00e9 uma das empresas de refer\\u00eancia no setor de Constru\\u00e7\\u00e3o Civil e das Obras P\\u00fablicas em Portugal.\",\"breadcrumb\":{\"@id\":\"https:\/\/ctamega.pt\/fr\/index.php\/subsidiarias\/#breadcrumb\"},\"inLanguage\":\"en-US\",\"potentialAction\":[{\"@type\":\"ReadAction\",\"target\":[\"https:\/\/ctamega.pt\/fr\/index.php\/subsidiarias\/\"]}]},{\"@type\":\"BreadcrumbList\",\"@id\":\"https:\/\/ctamega.pt\/fr\/index.php\/subsidiarias\/#breadcrumb\",\"itemListElement\":[{\"@type\":\"ListItem\",\"position\":1,\"item\":{\"@type\":\"WebPage\",\"@id\":\"https:\/\/ctamega.pt\/fr\/\",\"url\":\"https:\/\/ctamega.pt\/fr\/\",\"name\":\"Home\"}},{\"@type\":\"ListItem\",\"position\":2,\"item\":{\"@id\":\"https:\/\/ctamega.pt\/fr\/index.php\/subsidiarias\/#webpage\"}}]}]}<\/script>\n<!-- \/ Yoast SEO plugin. -->","_links":{"self":[{"href":"https:\/\/ctamega.pt\/fr\/index.php\/wp-json\/wp\/v2\/pages\/1369"}],"collection":[{"href":"https:\/\/ctamega.pt\/fr\/index.php\/wp-json\/wp\/v2\/pages"}],"about":[{"href":"https:\/\/ctamega.pt\/fr\/index.php\/wp-json\/wp\/v2\/types\/page"}],"author":[{"embeddable":true,"href":"https:\/\/ctamega.pt\/fr\/index.php\/wp-json\/wp\/v2\/users\/3"}],"replies":[{"embeddable":true,"href":"https:\/\/ctamega.pt\/fr\/index.php\/wp-json\/wp\/v2\/comments?post=1369"}],"version-history":[{"count":1,"href":"https:\/\/ctamega.pt\/fr\/index.php\/wp-json\/wp\/v2\/pages\/1369\/revisions"}],"predecessor-version":[{"id":2577,"href":"https:\/\/ctamega.pt\/fr\/index.php\/wp-json\/wp\/v2\/pages\/1369\/revisions\/2577"}],"wp:attachment":[{"href":"https:\/\/ctamega.pt\/fr\/index.php\/wp-json\/wp\/v2\/media?parent=1369"}],"curies":[{"name":"wp","href":"https:\/\/api.w.org\/{rel}","templated":true}]}}