{"id":714,"date":"2016-02-03T16:57:13","date_gmt":"2016-02-03T16:57:13","guid":{"rendered":"http:\/\/localhost\/ctamega\/?page_id=714"},"modified":"2021-05-18T17:42:04","modified_gmt":"2021-05-18T16:42:04","slug":"grupo-finertec","status":"publish","type":"page","link":"https:\/\/ctamega.pt\/en\/grupo-finertec\/","title":{"rendered":"T\u00e2mega Group"},"content":{"rendered":"<p>[vc_row type=&#8221;full-width&#8221;][vc_column][rev_slider_vc alias=&#8221;grupo_finertec&#8221;][\/vc_column][\/vc_row][vc_row top_margin=&#8221;page-margin-top-section&#8221;][vc_column]<h2 class=\"box-header\">T\u00c2MEGA GROUP<\/h2>[\/vc_column][\/vc_row][vc_row][vc_column][vc_column_text]<\/p>\n<div style=\"text-align: justify;\">\n<p><strong>T\u00e2mega Engineering<\/strong> is part of the T\u00e2mega Group.<\/p>\n<p>Established in 2005, T\u00e2mega group\u00a0 operates in four business areas &#8211; Energy, Environment, Engineering, Construction and Infrastructure. Its extensive experience and an established track record across different fields of activity, its presence and projects carried out in various countries around the globe.<\/p>\n<p><strong>T\u00e2mega Group<\/strong>\u2019s expertise extends beyond borders, operating under a highly focused model of transfer of know-how, and strategic partnerships with partners and local authorities.<\/p>\n<\/div>\n<p>[\/vc_column_text][\/vc_column][\/vc_row][vc_row][vc_column]<div class=\"announcement clearfix\">\n\t\t\t\t\t<div class=\"vc_row wpb_row vc_row-fluid\">\n\t\t\t\t\t\t<div class=\"vc_col-sm-9 wpb_column vc_column_container\">\n\t\t\t\t\t\t\t<div class=\"vertical-align\">\n\t\t\t\t\t\t\t\t<div class=\"vertical-align-cell sl-small-tick\">\n\t\t\t\t\t\t\t\t\t<h3>WE CREATE SOLUTIONS<\/h3>\n\t\t\t\t\t\t\t\t<\/div>\n\t\t\t\t\t\t\t<\/div>\n\t\t\t\t\t\t<\/div><\/div>\n\t\t\t<\/div>[\/vc_column][\/vc_row][vc_row][vc_column][vc_column_text]<\/p>\n<div style=\"text-align: justify:;\">\n<p>The wide scope of the activities undertaken by our companies enables us to develop customized, bespoke solutions, to meet the specific needs of our customers.<\/p>\n<p>Ranging from simple Design and Build to more complex structured finance models (DBO, DBFO, Project Finance, Concessions), we strive to engineer the best technical and financial solutions, tailor-made to our customers\u2019 requirements.<\/p>\n<p>Our extensive expertise and track record in African countries lends us an added value, in which the search for and implementation of solutions tailored to our customers\u2019 priorities and needs is the distinguishing feature.<\/p>\n<\/div>\n<p>[\/vc_column_text][\/vc_column][\/vc_row]<\/p>\n","protected":false},"excerpt":{"rendered":"<p>[vc_row type=&#8221;full-width&#8221;][vc_column][rev_slider_vc alias=&#8221;grupo_finertec&#8221;][\/vc_column][\/vc_row][vc_row top_margin=&#8221;page-margin-top-section&#8221;][vc_column][\/vc_column][\/vc_row][vc_row][vc_column][vc_column_text] T\u00e2mega Engineering is part of the T\u00e2mega Group. Established in 2005, T\u00e2mega group\u00a0 operates in four business areas &#8211; Energy, Environment, Engineering, Construction and Infrastructure. Its extensive experience and an established track record across different fields of activity, its presence and projects carried out in various countries around the globe. T\u00e2mega<\/p>\n","protected":false},"author":6,"featured_media":0,"parent":0,"menu_order":0,"comment_status":"closed","ping_status":"closed","template":"template-default-without-breadcrumbs.php","meta":[],"yoast_head":"<!-- This site is optimized with the Yoast SEO plugin v15.5 - https:\/\/yoast.com\/wordpress\/plugins\/seo\/ -->\n<title>T\u00e2mega Group - T\u00e2mega Engineering<\/title>\n<meta name=\"description\" content=\"Construtora do T\u00e2mega | H\u00e1 70 anos que a Construtora do T\u00e2mega \u00e9 uma das empresas de refer\u00eancia no setor de Constru\u00e7\u00e3o Civil e das Obras P\u00fablicas em Portugal.\" \/>\n<meta name=\"robots\" content=\"index, follow, max-snippet:-1, max-image-preview:large, max-video-preview:-1\" \/>\n<link rel=\"canonical\" href=\"https:\/\/ctamega.pt\/en\/grupo-finertec\/\" \/>\n<meta property=\"og:locale\" content=\"pt_PT\" \/>\n<meta property=\"og:type\" content=\"article\" \/>\n<meta property=\"og:title\" content=\"T\u00e2mega Group - T\u00e2mega Engineering\" \/>\n<meta property=\"og:description\" content=\"Construtora do T\u00e2mega | H\u00e1 70 anos que a Construtora do T\u00e2mega \u00e9 uma das empresas de refer\u00eancia no setor de Constru\u00e7\u00e3o Civil e das Obras P\u00fablicas em Portugal.\" \/>\n<meta property=\"og:url\" content=\"https:\/\/ctamega.pt\/en\/grupo-finertec\/\" \/>\n<meta property=\"og:site_name\" content=\"T\u00e2mega Engineering\" \/>\n<meta property=\"article:modified_time\" content=\"2021-05-18T16:42:04+00:00\" \/>\n<meta name=\"twitter:card\" content=\"summary\" \/>\n<meta name=\"twitter:label1\" content=\"Est. reading time\">\n\t<meta name=\"twitter:data1\" content=\"1 minuto\">\n<script type=\"application\/ld+json\" class=\"yoast-schema-graph\">{\"@context\":\"https:\/\/schema.org\",\"@graph\":[{\"@type\":\"WebSite\",\"@id\":\"https:\/\/ctamega.pt\/en\/#website\",\"url\":\"https:\/\/ctamega.pt\/en\/\",\"name\":\"T\\u00e2mega Engineering\",\"description\":\"T\\u00e2mega Engineering\",\"potentialAction\":[{\"@type\":\"SearchAction\",\"target\":\"https:\/\/ctamega.pt\/en\/?s={search_term_string}\",\"query-input\":\"required name=search_term_string\"}],\"inLanguage\":\"pt-PT\"},{\"@type\":\"WebPage\",\"@id\":\"https:\/\/ctamega.pt\/en\/grupo-finertec\/#webpage\",\"url\":\"https:\/\/ctamega.pt\/en\/grupo-finertec\/\",\"name\":\"T\\u00e2mega Group - T\\u00e2mega Engineering\",\"isPartOf\":{\"@id\":\"https:\/\/ctamega.pt\/en\/#website\"},\"datePublished\":\"2016-02-03T16:57:13+00:00\",\"dateModified\":\"2021-05-18T16:42:04+00:00\",\"description\":\"Construtora do T\\u00e2mega | H\\u00e1 70 anos que a Construtora do T\\u00e2mega \\u00e9 uma das empresas de refer\\u00eancia no setor de Constru\\u00e7\\u00e3o Civil e das Obras P\\u00fablicas em Portugal.\",\"inLanguage\":\"pt-PT\",\"potentialAction\":[{\"@type\":\"ReadAction\",\"target\":[\"https:\/\/ctamega.pt\/en\/grupo-finertec\/\"]}]}]}<\/script>\n<!-- \/ Yoast SEO plugin. -->","_links":{"self":[{"href":"https:\/\/ctamega.pt\/en\/wp-json\/wp\/v2\/pages\/714"}],"collection":[{"href":"https:\/\/ctamega.pt\/en\/wp-json\/wp\/v2\/pages"}],"about":[{"href":"https:\/\/ctamega.pt\/en\/wp-json\/wp\/v2\/types\/page"}],"author":[{"embeddable":true,"href":"https:\/\/ctamega.pt\/en\/wp-json\/wp\/v2\/users\/6"}],"replies":[{"embeddable":true,"href":"https:\/\/ctamega.pt\/en\/wp-json\/wp\/v2\/comments?post=714"}],"version-history":[{"count":1,"href":"https:\/\/ctamega.pt\/en\/wp-json\/wp\/v2\/pages\/714\/revisions"}],"predecessor-version":[{"id":1843,"href":"https:\/\/ctamega.pt\/en\/wp-json\/wp\/v2\/pages\/714\/revisions\/1843"}],"wp:attachment":[{"href":"https:\/\/ctamega.pt\/en\/wp-json\/wp\/v2\/media?parent=714"}],"curies":[{"name":"wp","href":"https:\/\/api.w.org\/{rel}","templated":true}]}}