{"id":710,"date":"2016-02-03T16:56:53","date_gmt":"2016-02-03T16:56:53","guid":{"rendered":"http:\/\/localhost\/ctamega\/?page_id=710"},"modified":"2021-05-20T15:44:42","modified_gmt":"2021-05-20T14:44:42","slug":"visao-missao-e-valores","status":"publish","type":"page","link":"https:\/\/ctamega.pt\/en\/visao-missao-e-valores\/","title":{"rendered":"Vision, Mission and Values"},"content":{"rendered":"<p>[vc_row type=&#8221;full-width re-parallax&#8221; css=&#8221;.vc_custom_1432041687155{background-image: url(http:\/\/ctamega.pt\/wp-content\/uploads\/2015\/01\/missao.jpg) !important;}&#8221; el_class=&#8221;padding-top-70 padding-bottom-66&#8243;][vc_column][vc_row_inner][vc_column_inner]<div class=\"testimonials-container\">\n\t\t\t<a href=\"#\" class=\"slider-control left template-arrow-left-1\"><\/a>\n\t\t\t<ul class=\"testimonials-list autoplay-0 pause_on_hover-1 scroll-1 effect-scroll easing-swing duration-500\"><li>\n\t\t\t\t\n\t\t\t\t<p><\/p>\n<h2>Our Mission<\/h2>\n<p><i><em>To build efficiently, leveraging on innovation, and contributing to the economic and social development of the markets in which we operate<\/em>.<\/i><\/p>\n\t\t\t\t\n\t\t\t\t\n\t\t\t<\/li><\/ul><a href=\"#\" class=\"slider-control right template-arrow-left-1\"><\/a><\/div>[\/vc_column_inner][\/vc_row_inner][\/vc_column][\/vc_row][vc_row][vc_column][vc_column_text css=&#8221;.vc_custom_1459259794872{margin-top: 40px !important;margin-right: 50px !important;margin-left: 50px !important;}&#8221;]<\/p>\n<h2 style=\"text-align: center;\">Our Vision<\/h2>\n<p style=\"text-align: center;\">To consolidate our position as a benchmark company, both nationally and internationally, engaged in an ever-increasing process of growth, embodied in a sustainable business model, enhancing the value of our organization, and ensuring economic, social and environmental progress.<\/p>\n<p>[\/vc_column_text][\/vc_column][\/vc_row][vc_row type=&#8221;full-width&#8221; top_margin=&#8221;page-margin-top-section&#8221; css=&#8221;.vc_custom_1454951093729{margin-bottom: 50px !important;background-color: #f5f5f5 !important;}&#8221; el_class=&#8221; page-padding-top-section padding-bottom-66&#8243;][vc_column][vc_column_text css=&#8221;.vc_custom_1459259779702{margin-bottom: 40px !important;}&#8221;]<\/p>\n<h2 style=\"text-align: center;\">Our Values<\/h2>\n<p style=\"text-align: center;\">Underpinning our company are unique values that reflect our continuous quest for new and greater challenges, which can contribute to the growth of <strong>T\u00e2mega Engineering <\/strong>and all stakeholders involved:<\/p>\n<p>[\/vc_column_text][vc_tabs][vc_tab icon=&#8221;sl-small-bubble-check&#8221; title=&#8221;Quality&#8221; tab_id=&#8221;quality&#8221;][vc_row_inner][vc_column_inner]<h4 class=\"box-header\">QUALITY<\/h4>[vc_column_text]We are committed to rigorous and continuous improvement and responsible implementation of our Quality Management System, through the active involvement of all shareholders and employees, and underpinned on ethics, innovation and the pursuit of excellence. [\/vc_column_text][\/vc_column_inner][\/vc_row_inner][\/vc_tab][vc_tab icon=&#8221;sl-small-shield&#8221; title=&#8221;Trust&#8221; tab_id=&#8221;trust&#8221;][vc_row_inner][vc_column_inner]<h4 class=\"box-header\">TRUST<\/h4>[vc_column_text]An unwavering quest for excellence, striving to meet the needs of our clients, shareholders and employees to the fullest extent, underpinned by the highest standards of quality, and adding value to our customers.[\/vc_column_text][\/vc_column_inner][\/vc_row_inner][\/vc_tab][vc_tab icon=&#8221;sl-small-lightbulb&#8221; title=&#8221;Innovation&#8221; tab_id=&#8221;innovation&#8221;][vc_row_inner][vc_column_inner]<h4 class=\"box-header\">INNOVATION<\/h4>[vc_column_text]Innovation as a driving force for every project. Consolidation of our unique identity. Crafted for creativity and scientific and technological cooperation, designed to achieve the best-in-class solutions, while ensuring superior results and exceeding our customers\u2019 expectations.[\/vc_column_text][\/vc_column_inner][\/vc_row_inner][\/vc_tab][vc_tab icon=&#8221;sl-small-eco&#8221; title=&#8221;Integrity&#8221; tab_id=&#8221;integrity&#8221;]<h4 class=\"box-header\">INTEGRITY<\/h4>[vc_column_text]Acting with ethics, rigour and transparency is a common thread in all of our business pursuits, upholding our commitments and respecting our employees, the environment and society at large, thereby contributing to sustainable development.[\/vc_column_text][\/vc_tab][\/vc_tabs][\/vc_column][\/vc_row]<\/p>\n","protected":false},"excerpt":{"rendered":"<p>[vc_row type=&#8221;full-width re-parallax&#8221; css=&#8221;.vc_custom_1432041687155{background-image: url(http:\/\/ctamega.pt\/wp-content\/uploads\/2015\/01\/missao.jpg) !important;}&#8221; el_class=&#8221;padding-top-70 padding-bottom-66&#8243;][vc_column][vc_row_inner][vc_column_inner][\/vc_column_inner][\/vc_row_inner][\/vc_column][\/vc_row][vc_row][vc_column][vc_column_text css=&#8221;.vc_custom_1459259794872{margin-top: 40px !important;margin-right: 50px !important;margin-left: 50px !important;}&#8221;] Our Vision To consolidate our position as a benchmark company, both nationally and internationally, engaged in an ever-increasing process of growth, embodied in a sustainable business model, enhancing the value of our organization, and ensuring economic, social and environmental progress.<\/p>\n","protected":false},"author":6,"featured_media":0,"parent":0,"menu_order":0,"comment_status":"closed","ping_status":"closed","template":"template-default-without-breadcrumbs.php","meta":[],"yoast_head":"<!-- This site is optimized with the Yoast SEO plugin v15.5 - https:\/\/yoast.com\/wordpress\/plugins\/seo\/ -->\n<title>Vision, Mission and Values - T\u00e2mega Engineering<\/title>\n<meta name=\"description\" content=\"Construtora do T\u00e2mega | H\u00e1 70 anos que a Construtora do T\u00e2mega \u00e9 uma das empresas de refer\u00eancia no setor de Constru\u00e7\u00e3o Civil e das Obras P\u00fablicas em Portugal.\" \/>\n<meta name=\"robots\" content=\"index, follow, max-snippet:-1, max-image-preview:large, max-video-preview:-1\" \/>\n<link rel=\"canonical\" href=\"https:\/\/ctamega.pt\/en\/visao-missao-e-valores\/\" \/>\n<meta property=\"og:locale\" content=\"pt_PT\" \/>\n<meta property=\"og:type\" content=\"article\" \/>\n<meta property=\"og:title\" content=\"Vision, Mission and Values - T\u00e2mega Engineering\" \/>\n<meta property=\"og:description\" content=\"Construtora do T\u00e2mega | H\u00e1 70 anos que a Construtora do T\u00e2mega \u00e9 uma das empresas de refer\u00eancia no setor de Constru\u00e7\u00e3o Civil e das Obras P\u00fablicas em Portugal.\" \/>\n<meta property=\"og:url\" content=\"https:\/\/ctamega.pt\/en\/visao-missao-e-valores\/\" \/>\n<meta property=\"og:site_name\" content=\"T\u00e2mega Engineering\" \/>\n<meta property=\"article:modified_time\" content=\"2021-05-20T14:44:42+00:00\" \/>\n<meta name=\"twitter:card\" content=\"summary\" \/>\n<meta name=\"twitter:label1\" content=\"Est. reading time\">\n\t<meta name=\"twitter:data1\" content=\"4 minutos\">\n<script type=\"application\/ld+json\" class=\"yoast-schema-graph\">{\"@context\":\"https:\/\/schema.org\",\"@graph\":[{\"@type\":\"WebSite\",\"@id\":\"https:\/\/ctamega.pt\/en\/#website\",\"url\":\"https:\/\/ctamega.pt\/en\/\",\"name\":\"T\\u00e2mega Engineering\",\"description\":\"T\\u00e2mega Engineering\",\"potentialAction\":[{\"@type\":\"SearchAction\",\"target\":\"https:\/\/ctamega.pt\/en\/?s={search_term_string}\",\"query-input\":\"required name=search_term_string\"}],\"inLanguage\":\"pt-PT\"},{\"@type\":\"WebPage\",\"@id\":\"https:\/\/ctamega.pt\/en\/visao-missao-e-valores\/#webpage\",\"url\":\"https:\/\/ctamega.pt\/en\/visao-missao-e-valores\/\",\"name\":\"Vision, Mission and Values - T\\u00e2mega Engineering\",\"isPartOf\":{\"@id\":\"https:\/\/ctamega.pt\/en\/#website\"},\"datePublished\":\"2016-02-03T16:56:53+00:00\",\"dateModified\":\"2021-05-20T14:44:42+00:00\",\"description\":\"Construtora do T\\u00e2mega | H\\u00e1 70 anos que a Construtora do T\\u00e2mega \\u00e9 uma das empresas de refer\\u00eancia no setor de Constru\\u00e7\\u00e3o Civil e das Obras P\\u00fablicas em Portugal.\",\"inLanguage\":\"pt-PT\",\"potentialAction\":[{\"@type\":\"ReadAction\",\"target\":[\"https:\/\/ctamega.pt\/en\/visao-missao-e-valores\/\"]}]}]}<\/script>\n<!-- \/ Yoast SEO plugin. -->","_links":{"self":[{"href":"https:\/\/ctamega.pt\/en\/wp-json\/wp\/v2\/pages\/710"}],"collection":[{"href":"https:\/\/ctamega.pt\/en\/wp-json\/wp\/v2\/pages"}],"about":[{"href":"https:\/\/ctamega.pt\/en\/wp-json\/wp\/v2\/types\/page"}],"author":[{"embeddable":true,"href":"https:\/\/ctamega.pt\/en\/wp-json\/wp\/v2\/users\/6"}],"replies":[{"embeddable":true,"href":"https:\/\/ctamega.pt\/en\/wp-json\/wp\/v2\/comments?post=710"}],"version-history":[{"count":4,"href":"https:\/\/ctamega.pt\/en\/wp-json\/wp\/v2\/pages\/710\/revisions"}],"predecessor-version":[{"id":1833,"href":"https:\/\/ctamega.pt\/en\/wp-json\/wp\/v2\/pages\/710\/revisions\/1833"}],"wp:attachment":[{"href":"https:\/\/ctamega.pt\/en\/wp-json\/wp\/v2\/media?parent=710"}],"curies":[{"name":"wp","href":"https:\/\/api.w.org\/{rel}","templated":true}]}}