{"id":706,"date":"2016-02-03T16:56:26","date_gmt":"2016-02-03T16:56:26","guid":{"rendered":"http:\/\/localhost\/ctamega\/?page_id=706"},"modified":"2021-05-18T17:31:59","modified_gmt":"2021-05-18T16:31:59","slug":"construtora-do-tamega","status":"publish","type":"page","link":"https:\/\/ctamega.pt\/en\/construtora-do-tamega\/","title":{"rendered":"Presentation"},"content":{"rendered":"<p>[vc_row type=&#8221;full-width&#8221;][vc_column][rev_slider_vc alias=&#8221;apresentacao&#8221;][\/vc_column][\/vc_row][vc_row top_margin=&#8221;page-margin-top-section&#8221;][vc_column]<h2 class=\"box-header\">T\u00c2MEGA ENGINEERING<\/h2>[\/vc_column][\/vc_row][vc_row top_margin=&#8221;page-margin-top&#8221;][vc_column css=&#8221;.vc_custom_1431078135839{margin-top: 40px !important;}&#8221;]<div class=\"feature-item\"><p><\/p>\n<div style=\"text-align: justify;\">\n<p>Founded in January 1946, in Amarante, district of Oporto,<strong> T\u00e2mega Engineering<\/strong>, formerly known as Construtora do T\u00e2mega, has grown to become a benchmark company in the Civil Engineering and Public Works sectors in Portugal, with an extensive portfolio of projects carried out in different parts of the world.<\/p>\n<p>Business diversification has been one of the company aims, throughout its history of 70 years, enabling its involvement as responsible for construction projects in a wide number of fields, ranging from transport to housing, trade, sport, industry, and tourism. Several of these projects have earned recognition from the Society of Professional Engineers as striking examples of the best engineering has ever produced in the 20th century. In 2007 the T\u00e2mega Group acquired Construtora do T\u00e2mega, and is currently active as T\u00e2mega Engineering with operations in Portugal, Cape Verde, Angola, Mozambique, and Congo Brazzaville, among other countries.<\/p>\n<p><strong>T\u00e2mega Engineering<\/strong> is the ideal partner for designing, building and operating projects in every area of business activity, ranging from infrastructure, transport, maritime works, civil and industrial construction projects, to dams and power plants, the environment, and water management systems.<\/p>\n<p>Its affiliate company <strong>Iberinstal \u2013 Instala\u00e7\u00f5es T\u00e9cnicas<\/strong> is one of the finest examples which attests to the fact that <strong>T\u00e2mega Group<\/strong> is a corporate group dedicated to offering its Customers commitment and added value.<\/p>\n<p><strong>Iberinstal<\/strong> is currently one of the major players in Electrical Installations, Communications, Security and Technical Management sectors, providing a broad portfolio of complex, large-scale projects, as well as a team of highly competent, skilled and experienced specialists.<\/p>\n<\/div>\n<p><\/p><\/div>[\/vc_column][\/vc_row]<\/p>\n","protected":false},"excerpt":{"rendered":"<p>[vc_row type=&#8221;full-width&#8221;][vc_column][rev_slider_vc alias=&#8221;apresentacao&#8221;][\/vc_column][\/vc_row][vc_row top_margin=&#8221;page-margin-top-section&#8221;][vc_column][\/vc_column][\/vc_row][vc_row top_margin=&#8221;page-margin-top&#8221;][vc_column css=&#8221;.vc_custom_1431078135839{margin-top: 40px !important;}&#8221;][\/vc_column][\/vc_row]<\/p>\n","protected":false},"author":6,"featured_media":0,"parent":0,"menu_order":0,"comment_status":"closed","ping_status":"closed","template":"template-default-without-breadcrumbs.php","meta":[],"yoast_head":"<!-- This site is optimized with the Yoast SEO plugin v15.5 - https:\/\/yoast.com\/wordpress\/plugins\/seo\/ -->\n<title>Presentation - T\u00e2mega Engineering<\/title>\n<meta name=\"description\" content=\"H\u00e1 70 anos que a Construtora do T\u00e2mega \u00e9 uma das empresas de refer\u00eancia no setor de Constru\u00e7\u00e3o Civil e das Obras P\u00fablicas em Portugal.\" \/>\n<meta name=\"robots\" content=\"index, follow, max-snippet:-1, max-image-preview:large, max-video-preview:-1\" \/>\n<link rel=\"canonical\" href=\"https:\/\/ctamega.pt\/en\/construtora-do-tamega\/\" \/>\n<meta property=\"og:locale\" content=\"pt_PT\" \/>\n<meta property=\"og:type\" content=\"article\" \/>\n<meta property=\"og:title\" content=\"Presentation - T\u00e2mega Engineering\" \/>\n<meta property=\"og:description\" content=\"H\u00e1 70 anos que a Construtora do T\u00e2mega \u00e9 uma das empresas de refer\u00eancia no setor de Constru\u00e7\u00e3o Civil e das Obras P\u00fablicas em Portugal.\" \/>\n<meta property=\"og:url\" content=\"https:\/\/ctamega.pt\/en\/construtora-do-tamega\/\" \/>\n<meta property=\"og:site_name\" content=\"T\u00e2mega Engineering\" \/>\n<meta property=\"article:modified_time\" content=\"2021-05-18T16:31:59+00:00\" \/>\n<meta name=\"twitter:card\" content=\"summary\" \/>\n<meta name=\"twitter:label1\" content=\"Est. reading time\">\n\t<meta name=\"twitter:data1\" content=\"1 minuto\">\n<script type=\"application\/ld+json\" class=\"yoast-schema-graph\">{\"@context\":\"https:\/\/schema.org\",\"@graph\":[{\"@type\":\"WebSite\",\"@id\":\"https:\/\/ctamega.pt\/en\/#website\",\"url\":\"https:\/\/ctamega.pt\/en\/\",\"name\":\"T\\u00e2mega Engineering\",\"description\":\"T\\u00e2mega Engineering\",\"potentialAction\":[{\"@type\":\"SearchAction\",\"target\":\"https:\/\/ctamega.pt\/en\/?s={search_term_string}\",\"query-input\":\"required name=search_term_string\"}],\"inLanguage\":\"pt-PT\"},{\"@type\":\"WebPage\",\"@id\":\"https:\/\/ctamega.pt\/en\/construtora-do-tamega\/#webpage\",\"url\":\"https:\/\/ctamega.pt\/en\/construtora-do-tamega\/\",\"name\":\"Presentation - T\\u00e2mega Engineering\",\"isPartOf\":{\"@id\":\"https:\/\/ctamega.pt\/en\/#website\"},\"datePublished\":\"2016-02-03T16:56:26+00:00\",\"dateModified\":\"2021-05-18T16:31:59+00:00\",\"description\":\"H\\u00e1 70 anos que a Construtora do T\\u00e2mega \\u00e9 uma das empresas de refer\\u00eancia no setor de Constru\\u00e7\\u00e3o Civil e das Obras P\\u00fablicas em Portugal.\",\"inLanguage\":\"pt-PT\",\"potentialAction\":[{\"@type\":\"ReadAction\",\"target\":[\"https:\/\/ctamega.pt\/en\/construtora-do-tamega\/\"]}]}]}<\/script>\n<!-- \/ Yoast SEO plugin. -->","_links":{"self":[{"href":"https:\/\/ctamega.pt\/en\/wp-json\/wp\/v2\/pages\/706"}],"collection":[{"href":"https:\/\/ctamega.pt\/en\/wp-json\/wp\/v2\/pages"}],"about":[{"href":"https:\/\/ctamega.pt\/en\/wp-json\/wp\/v2\/types\/page"}],"author":[{"embeddable":true,"href":"https:\/\/ctamega.pt\/en\/wp-json\/wp\/v2\/users\/6"}],"replies":[{"embeddable":true,"href":"https:\/\/ctamega.pt\/en\/wp-json\/wp\/v2\/comments?post=706"}],"version-history":[{"count":1,"href":"https:\/\/ctamega.pt\/en\/wp-json\/wp\/v2\/pages\/706\/revisions"}],"predecessor-version":[{"id":1839,"href":"https:\/\/ctamega.pt\/en\/wp-json\/wp\/v2\/pages\/706\/revisions\/1839"}],"wp:attachment":[{"href":"https:\/\/ctamega.pt\/en\/wp-json\/wp\/v2\/media?parent=706"}],"curies":[{"name":"wp","href":"https:\/\/api.w.org\/{rel}","templated":true}]}}