{"id":236,"date":"2015-05-26T10:02:04","date_gmt":"2015-05-26T10:02:04","guid":{"rendered":"http:\/\/localhost\/wordpress\/renovate\/?page_id=236"},"modified":"2021-05-24T15:51:19","modified_gmt":"2021-05-24T14:51:19","slug":"noticias-2","status":"publish","type":"page","link":"https:\/\/ctamega.pt\/en\/noticias-2\/","title":{"rendered":"News"},"content":{"rendered":"\n<p>[vc_row type=&#8221;full-width&#8221;][vc_column][rev_slider_vc alias=&#8221;noticias&#8221;][\/vc_column][\/vc_row][vc_row el_class=&#8221;margin-top-70&#8243;][vc_column width=&#8221;3\/4&#8243;]<div class=\"vc_row wpb_row vc_row-fluid\"><ul class=\"blog clearfix\"><li class=\" post post-1420 type-post status-publish format-standard has-post-thumbnail hentry category-noticias tag-construtora-do-tamega\"><ul class=\"post-details\"><li class=\"date template-calendar\">Mar\u00e7o<h2>29<\/h2>2016<\/li><li class=\"template-eye\">4888<\/li><li class=\"template-bubble\"><a href=\"https:\/\/ctamega.pt\/en\/governo-aprova-acordo-para-a-conclusao-da-variante-ao-centro-do-canico-na-madeira\/#respond\" title=\"0 comments\">0<\/a><\/li><\/ul><div class=\"post-content\"><a class=\"post-image\" href=\"https:\/\/ctamega.pt\/en\/governo-aprova-acordo-para-a-conclusao-da-variante-ao-centro-do-canico-na-madeira\/\" title=\"Agreement for the completion of the alternative route to Cani\u00e7o Centre in Madeira approved by the Government\"><img width=\"550\" height=\"414\" src=\"https:\/\/ctamega.pt\/en\/wp-content\/uploads\/2016\/03\/Foto-variante-ao-centro-do-Cani\u00e7o.jpg\" class=\"attachment-blog-post-thumb size-blog-post-thumb wp-post-image\" alt=\"Agreement for the completion of the alternative route to Cani\u00e7o Centre in Madeira approved by the Government\" loading=\"lazy\" title=\"\" srcset=\"https:\/\/ctamega.pt\/en\/wp-content\/uploads\/2016\/03\/Foto-variante-ao-centro-do-Cani\u00e7o.jpg 550w, https:\/\/ctamega.pt\/en\/wp-content\/uploads\/2016\/03\/Foto-variante-ao-centro-do-Cani\u00e7o-300x226.jpg 300w, https:\/\/ctamega.pt\/en\/wp-content\/uploads\/2016\/03\/Foto-variante-ao-centro-do-Cani\u00e7o-206x155.jpg 206w, https:\/\/ctamega.pt\/en\/wp-content\/uploads\/2016\/03\/Foto-variante-ao-centro-do-Cani\u00e7o-24x18.jpg 24w, https:\/\/ctamega.pt\/en\/wp-content\/uploads\/2016\/03\/Foto-variante-ao-centro-do-Cani\u00e7o-36x27.jpg 36w, https:\/\/ctamega.pt\/en\/wp-content\/uploads\/2016\/03\/Foto-variante-ao-centro-do-Cani\u00e7o-48x36.jpg 48w\" sizes=\"(max-width: 550px) 100vw, 550px\" \/><\/a><h2 class=\"box-header align-left\"><a href=\"https:\/\/ctamega.pt\/en\/governo-aprova-acordo-para-a-conclusao-da-variante-ao-centro-do-canico-na-madeira\/\" title=\"Agreement for the completion of the alternative route to Cani\u00e7o Centre in Madeira approved by the Government\">Agreement for the completion of the alternative route to Cani\u00e7o Centre in Madeira approved by the Government<\/a><\/h2><p>The draft agreement for the completion of the Contract related to the &#8220;Construction of the Alternative Route to Cani\u00e7o Center&#8221; was approved last February 2016, at the Governing Council meeting, as published in the Official Journal of the Autonomous Region of Madeira. This agreement will be concluded between the Autonomous Region of Madeira, as developer,<\/p>\n<div class=\"vc_row wpb_row vc_row-fluid padding-top-54 padding-bottom-17\"><a title=\"Ler Mais\" href=\"https:\/\/ctamega.pt\/en\/governo-aprova-acordo-para-a-conclusao-da-variante-ao-centro-do-canico-na-madeira\/\" class=\"more\">Ler Mais<\/a><\/div><\/div><\/li><\/ul><\/div>[\/vc_column][vc_column type=&#8221;re-smart-column&#8221; width=&#8221;1\/4&#8243;][vc_widget_sidebar title=&#8221;T\u00c2MEGA Newsletter&#8221; sidebar_id=&#8221;newsletter&#8221;][\/vc_column][\/vc_row]<\/p>\n","protected":false},"excerpt":{"rendered":"<p>[vc_row type=&#8221;full-width&#8221;][vc_column][rev_slider_vc alias=&#8221;noticias&#8221;][\/vc_column][\/vc_row][vc_row el_class=&#8221;margin-top-70&#8243;][vc_column width=&#8221;3\/4&#8243;][\/vc_column][vc_column type=&#8221;re-smart-column&#8221; width=&#8221;1\/4&#8243;][vc_widget_sidebar title=&#8221;T\u00c2MEGA Newsletter&#8221; sidebar_id=&#8221;newsletter&#8221;][\/vc_column][\/vc_row]<\/p>\n","protected":false},"author":6,"featured_media":0,"parent":0,"menu_order":0,"comment_status":"closed","ping_status":"open","template":"template-default-without-breadcrumbs.php","meta":[],"yoast_head":"<!-- This site is optimized with the Yoast SEO plugin v15.5 - https:\/\/yoast.com\/wordpress\/plugins\/seo\/ -->\n<title>News - T\u00e2mega Engineering<\/title>\n<meta name=\"description\" content=\"Construtora do T\u00e2mega | H\u00e1 70 anos que a Construtora do T\u00e2mega \u00e9 uma das empresas de refer\u00eancia no setor de Constru\u00e7\u00e3o Civil e das Obras P\u00fablicas em Portugal.\" \/>\n<meta name=\"robots\" content=\"index, follow, max-snippet:-1, max-image-preview:large, max-video-preview:-1\" \/>\n<link rel=\"canonical\" href=\"https:\/\/ctamega.pt\/en\/noticias-2\/\" \/>\n<meta property=\"og:locale\" content=\"pt_PT\" \/>\n<meta property=\"og:type\" content=\"article\" \/>\n<meta property=\"og:title\" content=\"News - T\u00e2mega Engineering\" \/>\n<meta property=\"og:description\" content=\"Construtora do T\u00e2mega | H\u00e1 70 anos que a Construtora do T\u00e2mega \u00e9 uma das empresas de refer\u00eancia no setor de Constru\u00e7\u00e3o Civil e das Obras P\u00fablicas em Portugal.\" \/>\n<meta property=\"og:url\" content=\"https:\/\/ctamega.pt\/en\/noticias-2\/\" \/>\n<meta property=\"og:site_name\" content=\"T\u00e2mega Engineering\" \/>\n<meta property=\"article:modified_time\" content=\"2021-05-24T14:51:19+00:00\" \/>\n<meta name=\"twitter:card\" content=\"summary\" \/>\n<meta name=\"twitter:label1\" content=\"Est. reading time\">\n\t<meta name=\"twitter:data1\" content=\"0 minutos\">\n<script type=\"application\/ld+json\" class=\"yoast-schema-graph\">{\"@context\":\"https:\/\/schema.org\",\"@graph\":[{\"@type\":\"WebSite\",\"@id\":\"https:\/\/ctamega.pt\/en\/#website\",\"url\":\"https:\/\/ctamega.pt\/en\/\",\"name\":\"T\\u00e2mega Engineering\",\"description\":\"T\\u00e2mega Engineering\",\"potentialAction\":[{\"@type\":\"SearchAction\",\"target\":\"https:\/\/ctamega.pt\/en\/?s={search_term_string}\",\"query-input\":\"required name=search_term_string\"}],\"inLanguage\":\"pt-PT\"},{\"@type\":\"WebPage\",\"@id\":\"https:\/\/ctamega.pt\/en\/noticias-2\/#webpage\",\"url\":\"https:\/\/ctamega.pt\/en\/noticias-2\/\",\"name\":\"News - T\\u00e2mega Engineering\",\"isPartOf\":{\"@id\":\"https:\/\/ctamega.pt\/en\/#website\"},\"datePublished\":\"2015-05-26T10:02:04+00:00\",\"dateModified\":\"2021-05-24T14:51:19+00:00\",\"description\":\"Construtora do T\\u00e2mega | H\\u00e1 70 anos que a Construtora do T\\u00e2mega \\u00e9 uma das empresas de refer\\u00eancia no setor de Constru\\u00e7\\u00e3o Civil e das Obras P\\u00fablicas em Portugal.\",\"inLanguage\":\"pt-PT\",\"potentialAction\":[{\"@type\":\"ReadAction\",\"target\":[\"https:\/\/ctamega.pt\/en\/noticias-2\/\"]}]}]}<\/script>\n<!-- \/ Yoast SEO plugin. -->","_links":{"self":[{"href":"https:\/\/ctamega.pt\/en\/wp-json\/wp\/v2\/pages\/236"}],"collection":[{"href":"https:\/\/ctamega.pt\/en\/wp-json\/wp\/v2\/pages"}],"about":[{"href":"https:\/\/ctamega.pt\/en\/wp-json\/wp\/v2\/types\/page"}],"author":[{"embeddable":true,"href":"https:\/\/ctamega.pt\/en\/wp-json\/wp\/v2\/users\/6"}],"replies":[{"embeddable":true,"href":"https:\/\/ctamega.pt\/en\/wp-json\/wp\/v2\/comments?post=236"}],"version-history":[{"count":1,"href":"https:\/\/ctamega.pt\/en\/wp-json\/wp\/v2\/pages\/236\/revisions"}],"predecessor-version":[{"id":1856,"href":"https:\/\/ctamega.pt\/en\/wp-json\/wp\/v2\/pages\/236\/revisions\/1856"}],"wp:attachment":[{"href":"https:\/\/ctamega.pt\/en\/wp-json\/wp\/v2\/media?parent=236"}],"curies":[{"name":"wp","href":"https:\/\/api.w.org\/{rel}","templated":true}]}}