{"id":1469,"date":"2016-04-15T13:42:16","date_gmt":"2016-04-15T13:42:16","guid":{"rendered":"http:\/\/ctamega.pt\/?page_id=1469"},"modified":"2021-05-18T17:22:02","modified_gmt":"2021-05-18T16:22:02","slug":"tamega-in-the-world","status":"publish","type":"page","link":"https:\/\/ctamega.pt\/en\/tamega-in-the-world\/","title":{"rendered":"T\u00c2MEGA IN THE WORLD"},"content":{"rendered":"<p>[vc_row type=&#8221;full-width&#8221;][vc_column][rev_slider_vc alias=&#8221;tamega_mundo&#8221;][\/vc_column][\/vc_row][vc_row top_margin=&#8221;page-margin-top-section&#8221;][vc_column]<h2 class=\"box-header\">T\u00c2MEGA IN THE WORLD<\/h2>[\/vc_column][\/vc_row][vc_row][vc_column][vc_column_text]With a strong international footprint, <strong>T\u00e2mega Engineering<\/strong> has successfully completed numerous projects around the world, fostering economic and social development in the markets where it operates. Its wealth of experience, gained both in Portugal and Spain, has been the springboard for sustaining its continuous expansion process ever since 1950, particularly into the African continent, unlocking the doors to new markets, namely Angola, Mozambique, Cape Verde, Ivory Coast, Senegal, Congo Brazzaville, Nigeria, Ghana, South Africa and Mauritania, as well as Middle Eastern countries, such as Saudi Arabia and Jordan. Recently Construtora do T\u00e2mega started its activity in Central America, specifically in Panama.<\/p>\n<p>Click in the country to view the projects realized by <strong>T\u00e2mega Engineering<\/strong>. [\/vc_column_text][\/vc_column][\/vc_row][vc_row][vc_column][vc_column_text]<\/p>\n<table class=\"wp-list-table widefat fixed striped maps\">\n<tbody id=\"the-list\" data-wp-lists=\"list:map\">\n<tr>\n<td class=\"shortcode column-shortcode\" data-colname=\"Shortcode\"><div id=\"mapplic1\"><\/div><\/td>\n<\/tr>\n<\/tbody>\n<\/table>\n<p>[\/vc_column_text][\/vc_column][\/vc_row]<\/p>\n","protected":false},"excerpt":{"rendered":"<p>[vc_row type=&#8221;full-width&#8221;][vc_column][rev_slider_vc alias=&#8221;tamega_mundo&#8221;][\/vc_column][\/vc_row][vc_row top_margin=&#8221;page-margin-top-section&#8221;][vc_column][\/vc_column][\/vc_row][vc_row][vc_column][vc_column_text]With a strong international footprint, T\u00e2mega Engineering has successfully completed numerous projects around the world, fostering economic and social development in the markets where it operates. Its wealth of experience, gained both in Portugal and Spain, has been the springboard for sustaining its continuous expansion process ever since 1950, particularly into the<\/p>\n","protected":false},"author":6,"featured_media":0,"parent":0,"menu_order":0,"comment_status":"closed","ping_status":"closed","template":"template-default-without-breadcrumbs.php","meta":[],"yoast_head":"<!-- This site is optimized with the Yoast SEO plugin v15.5 - https:\/\/yoast.com\/wordpress\/plugins\/seo\/ -->\n<title>T\u00c2MEGA IN THE WORLD - T\u00e2mega Engineering<\/title>\n<meta name=\"description\" content=\"Construtora do T\u00e2mega | H\u00e1 70 anos que a Construtora do T\u00e2mega \u00e9 uma das empresas de refer\u00eancia no setor de Constru\u00e7\u00e3o Civil e das Obras P\u00fablicas em Portugal.\" \/>\n<meta name=\"robots\" content=\"index, follow, max-snippet:-1, max-image-preview:large, max-video-preview:-1\" \/>\n<link rel=\"canonical\" href=\"https:\/\/ctamega.pt\/en\/tamega-in-the-world\/\" \/>\n<meta property=\"og:locale\" content=\"pt_PT\" \/>\n<meta property=\"og:type\" content=\"article\" \/>\n<meta property=\"og:title\" content=\"T\u00c2MEGA IN THE WORLD - T\u00e2mega Engineering\" \/>\n<meta property=\"og:description\" content=\"Construtora do T\u00e2mega | H\u00e1 70 anos que a Construtora do T\u00e2mega \u00e9 uma das empresas de refer\u00eancia no setor de Constru\u00e7\u00e3o Civil e das Obras P\u00fablicas em Portugal.\" \/>\n<meta property=\"og:url\" content=\"https:\/\/ctamega.pt\/en\/tamega-in-the-world\/\" \/>\n<meta property=\"og:site_name\" content=\"T\u00e2mega Engineering\" \/>\n<meta property=\"article:modified_time\" content=\"2021-05-18T16:22:02+00:00\" \/>\n<meta name=\"twitter:card\" content=\"summary\" \/>\n<meta name=\"twitter:label1\" content=\"Est. reading time\">\n\t<meta name=\"twitter:data1\" content=\"1 minuto\">\n<script type=\"application\/ld+json\" class=\"yoast-schema-graph\">{\"@context\":\"https:\/\/schema.org\",\"@graph\":[{\"@type\":\"WebSite\",\"@id\":\"https:\/\/ctamega.pt\/en\/#website\",\"url\":\"https:\/\/ctamega.pt\/en\/\",\"name\":\"T\\u00e2mega Engineering\",\"description\":\"T\\u00e2mega Engineering\",\"potentialAction\":[{\"@type\":\"SearchAction\",\"target\":\"https:\/\/ctamega.pt\/en\/?s={search_term_string}\",\"query-input\":\"required name=search_term_string\"}],\"inLanguage\":\"pt-PT\"},{\"@type\":\"WebPage\",\"@id\":\"https:\/\/ctamega.pt\/en\/tamega-in-the-world\/#webpage\",\"url\":\"https:\/\/ctamega.pt\/en\/tamega-in-the-world\/\",\"name\":\"T\\u00c2MEGA IN THE WORLD - T\\u00e2mega Engineering\",\"isPartOf\":{\"@id\":\"https:\/\/ctamega.pt\/en\/#website\"},\"datePublished\":\"2016-04-15T13:42:16+00:00\",\"dateModified\":\"2021-05-18T16:22:02+00:00\",\"description\":\"Construtora do T\\u00e2mega | H\\u00e1 70 anos que a Construtora do T\\u00e2mega \\u00e9 uma das empresas de refer\\u00eancia no setor de Constru\\u00e7\\u00e3o Civil e das Obras P\\u00fablicas em Portugal.\",\"inLanguage\":\"pt-PT\",\"potentialAction\":[{\"@type\":\"ReadAction\",\"target\":[\"https:\/\/ctamega.pt\/en\/tamega-in-the-world\/\"]}]}]}<\/script>\n<!-- \/ Yoast SEO plugin. -->","_links":{"self":[{"href":"https:\/\/ctamega.pt\/en\/wp-json\/wp\/v2\/pages\/1469"}],"collection":[{"href":"https:\/\/ctamega.pt\/en\/wp-json\/wp\/v2\/pages"}],"about":[{"href":"https:\/\/ctamega.pt\/en\/wp-json\/wp\/v2\/types\/page"}],"author":[{"embeddable":true,"href":"https:\/\/ctamega.pt\/en\/wp-json\/wp\/v2\/users\/6"}],"replies":[{"embeddable":true,"href":"https:\/\/ctamega.pt\/en\/wp-json\/wp\/v2\/comments?post=1469"}],"version-history":[{"count":2,"href":"https:\/\/ctamega.pt\/en\/wp-json\/wp\/v2\/pages\/1469\/revisions"}],"predecessor-version":[{"id":1836,"href":"https:\/\/ctamega.pt\/en\/wp-json\/wp\/v2\/pages\/1469\/revisions\/1836"}],"wp:attachment":[{"href":"https:\/\/ctamega.pt\/en\/wp-json\/wp\/v2\/media?parent=1469"}],"curies":[{"name":"wp","href":"https:\/\/api.w.org\/{rel}","templated":true}]}}