{"id":1410,"date":"2016-03-25T00:58:08","date_gmt":"2016-03-25T00:58:08","guid":{"rendered":"http:\/\/finertec.info\/ctamega\/?page_id=1410"},"modified":"2021-05-18T17:34:02","modified_gmt":"2021-05-18T16:34:02","slug":"iberinstal-2","status":"publish","type":"page","link":"https:\/\/ctamega.pt\/en\/iberinstal-2\/","title":{"rendered":"Iberinstal"},"content":{"rendered":"<p>[vc_row type=&#8221;full-width&#8221;][vc_column][rev_slider_vc alias=&#8221;iberinstal&#8221;][\/vc_column][\/vc_row][vc_row top_margin=&#8221;page-margin-top-section&#8221;][vc_column]<h2 class=\"box-header\">IBERINSTAL<\/h2>[\/vc_column][\/vc_row][vc_row][vc_column][vc_column_text]<\/p>\n<div style=\"text-align: justify;\">\n<p><strong><em>IBERINSTAL is a subsidiary company of T\u00e2mega Group<\/em><\/strong><\/p>\n<p><strong><em>We specialize in electrical installations <\/em><\/strong><\/p>\n<p>Established in 1995, <strong>Iberinstal \u2013 Instala\u00e7\u00f5es T\u00e9cnicas<\/strong>, is one of the benchmark players in the sector, offering a portfolio of complex, large-scale projects, as well as a skilled team of experts with relevant expertise in Electrical Installations, Communications, Technical Management, and Power Transmission and Distribution.<\/p>\n<p><strong>Iberinstal<\/strong> is also active in international markets, particularly in Angola, in which it operates through its affiliate company <strong>Iberinstal Linhas e Equipamentos<\/strong>, both in terms of Technical Facilities and in terms of Power Transmission and Distribution.<\/p>\n<\/div>\n<p>[\/vc_column_text][\/vc_column][\/vc_row][vc_row css=&#8221;.vc_custom_1457579408817{margin-top: 50px !important;}&#8221;][vc_column][vc_single_image image=&#8221;1376&#8243; img_size=&#8221;medium&#8221; alignment=&#8221;center&#8221;][\/vc_column][\/vc_row]<\/p>\n","protected":false},"excerpt":{"rendered":"<p>[vc_row type=&#8221;full-width&#8221;][vc_column][rev_slider_vc alias=&#8221;iberinstal&#8221;][\/vc_column][\/vc_row][vc_row top_margin=&#8221;page-margin-top-section&#8221;][vc_column][\/vc_column][\/vc_row][vc_row][vc_column][vc_column_text] IBERINSTAL is a subsidiary company of T\u00e2mega Group We specialize in electrical installations Established in 1995, Iberinstal \u2013 Instala\u00e7\u00f5es T\u00e9cnicas, is one of the benchmark players in the sector, offering a portfolio of complex, large-scale projects, as well as a skilled team of experts with relevant expertise in Electrical Installations, Communications,<\/p>\n","protected":false},"author":6,"featured_media":0,"parent":0,"menu_order":0,"comment_status":"closed","ping_status":"closed","template":"template-default-without-breadcrumbs.php","meta":[],"yoast_head":"<!-- This site is optimized with the Yoast SEO plugin v15.5 - https:\/\/yoast.com\/wordpress\/plugins\/seo\/ -->\n<title>Iberinstal - T\u00e2mega Engineering<\/title>\n<meta name=\"description\" content=\"Construtora do T\u00e2mega | H\u00e1 70 anos que a Construtora do T\u00e2mega \u00e9 uma das empresas de refer\u00eancia no setor de Constru\u00e7\u00e3o Civil e das Obras P\u00fablicas em Portugal.\" \/>\n<meta name=\"robots\" content=\"index, follow, max-snippet:-1, max-image-preview:large, max-video-preview:-1\" \/>\n<link rel=\"canonical\" href=\"https:\/\/ctamega.pt\/en\/iberinstal-2\/\" \/>\n<meta property=\"og:locale\" content=\"pt_PT\" \/>\n<meta property=\"og:type\" content=\"article\" \/>\n<meta property=\"og:title\" content=\"Iberinstal - T\u00e2mega Engineering\" \/>\n<meta property=\"og:description\" content=\"Construtora do T\u00e2mega | H\u00e1 70 anos que a Construtora do T\u00e2mega \u00e9 uma das empresas de refer\u00eancia no setor de Constru\u00e7\u00e3o Civil e das Obras P\u00fablicas em Portugal.\" \/>\n<meta property=\"og:url\" content=\"https:\/\/ctamega.pt\/en\/iberinstal-2\/\" \/>\n<meta property=\"og:site_name\" content=\"T\u00e2mega Engineering\" \/>\n<meta property=\"article:modified_time\" content=\"2021-05-18T16:34:02+00:00\" \/>\n<meta name=\"twitter:card\" content=\"summary\" \/>\n<meta name=\"twitter:label1\" content=\"Est. reading time\">\n\t<meta name=\"twitter:data1\" content=\"1 minuto\">\n<script type=\"application\/ld+json\" class=\"yoast-schema-graph\">{\"@context\":\"https:\/\/schema.org\",\"@graph\":[{\"@type\":\"WebSite\",\"@id\":\"http:\/\/ctamega.pt\/en\/#website\",\"url\":\"http:\/\/ctamega.pt\/en\/\",\"name\":\"T\\u00e2mega Engineering\",\"description\":\"T\\u00e2mega Engineering\",\"potentialAction\":[{\"@type\":\"SearchAction\",\"target\":\"http:\/\/ctamega.pt\/en\/?s={search_term_string}\",\"query-input\":\"required name=search_term_string\"}],\"inLanguage\":\"pt-PT\"},{\"@type\":\"WebPage\",\"@id\":\"https:\/\/ctamega.pt\/en\/iberinstal-2\/#webpage\",\"url\":\"https:\/\/ctamega.pt\/en\/iberinstal-2\/\",\"name\":\"Iberinstal - T\\u00e2mega Engineering\",\"isPartOf\":{\"@id\":\"http:\/\/ctamega.pt\/en\/#website\"},\"datePublished\":\"2016-03-25T00:58:08+00:00\",\"dateModified\":\"2021-05-18T16:34:02+00:00\",\"description\":\"Construtora do T\\u00e2mega | H\\u00e1 70 anos que a Construtora do T\\u00e2mega \\u00e9 uma das empresas de refer\\u00eancia no setor de Constru\\u00e7\\u00e3o Civil e das Obras P\\u00fablicas em Portugal.\",\"inLanguage\":\"pt-PT\",\"potentialAction\":[{\"@type\":\"ReadAction\",\"target\":[\"https:\/\/ctamega.pt\/en\/iberinstal-2\/\"]}]}]}<\/script>\n<!-- \/ Yoast SEO plugin. -->","_links":{"self":[{"href":"https:\/\/ctamega.pt\/en\/wp-json\/wp\/v2\/pages\/1410"}],"collection":[{"href":"https:\/\/ctamega.pt\/en\/wp-json\/wp\/v2\/pages"}],"about":[{"href":"https:\/\/ctamega.pt\/en\/wp-json\/wp\/v2\/types\/page"}],"author":[{"embeddable":true,"href":"https:\/\/ctamega.pt\/en\/wp-json\/wp\/v2\/users\/6"}],"replies":[{"embeddable":true,"href":"https:\/\/ctamega.pt\/en\/wp-json\/wp\/v2\/comments?post=1410"}],"version-history":[{"count":1,"href":"https:\/\/ctamega.pt\/en\/wp-json\/wp\/v2\/pages\/1410\/revisions"}],"predecessor-version":[{"id":1840,"href":"https:\/\/ctamega.pt\/en\/wp-json\/wp\/v2\/pages\/1410\/revisions\/1840"}],"wp:attachment":[{"href":"https:\/\/ctamega.pt\/en\/wp-json\/wp\/v2\/media?parent=1410"}],"curies":[{"name":"wp","href":"https:\/\/api.w.org\/{rel}","templated":true}]}}