{"id":1369,"date":"2016-03-10T03:04:52","date_gmt":"2016-03-10T03:04:52","guid":{"rendered":"http:\/\/visionwebsolutions.pt\/ctamega\/?page_id=1369"},"modified":"2021-05-18T17:23:34","modified_gmt":"2021-05-18T16:23:34","slug":"subsidiarias","status":"publish","type":"page","link":"https:\/\/ctamega.pt\/en\/subsidiarias\/","title":{"rendered":"SUBSIDIARIES"},"content":{"rendered":"<p>[vc_row type=&#8221;full-width&#8221;][vc_column][rev_slider_vc alias=&#8221;iberinstal&#8221;][\/vc_column][\/vc_row][vc_row top_margin=&#8221;page-margin-top-section&#8221;][vc_column]<h2 class=\"box-header\">SUBSIDIARIES<\/h2>[\/vc_column][\/vc_row][vc_row][vc_column][vc_column_text]<\/p>\n<div style=\"text-align: justify;\">\n<p><em>T\u00e2mega Engineering main operating subsidiaries are the following:<\/em><\/p>\n<p>&#8211;<a href=\"http:\/\/ctamega.pt\/en\/iberinstal-2\/\">Iberinstal<\/a><\/p>\n<\/div>\n<p>[\/vc_column_text][\/vc_column][\/vc_row]<\/p>\n","protected":false},"excerpt":{"rendered":"<p>[vc_row type=&#8221;full-width&#8221;][vc_column][rev_slider_vc alias=&#8221;iberinstal&#8221;][\/vc_column][\/vc_row][vc_row top_margin=&#8221;page-margin-top-section&#8221;][vc_column][\/vc_column][\/vc_row][vc_row][vc_column][vc_column_text] T\u00e2mega Engineering main operating subsidiaries are the following: &#8211;Iberinstal [\/vc_column_text][\/vc_column][\/vc_row]<\/p>\n","protected":false},"author":6,"featured_media":0,"parent":0,"menu_order":0,"comment_status":"closed","ping_status":"closed","template":"template-default-without-breadcrumbs.php","meta":[],"yoast_head":"<!-- This site is optimized with the Yoast SEO plugin v15.5 - https:\/\/yoast.com\/wordpress\/plugins\/seo\/ -->\n<title>SUBSIDIARIES - T\u00e2mega Engineering<\/title>\n<meta name=\"description\" content=\"Construtora do T\u00e2mega | H\u00e1 70 anos que a Construtora do T\u00e2mega \u00e9 uma das empresas de refer\u00eancia no setor de Constru\u00e7\u00e3o Civil e das Obras P\u00fablicas em Portugal.\" \/>\n<meta name=\"robots\" content=\"index, follow, max-snippet:-1, max-image-preview:large, max-video-preview:-1\" \/>\n<link rel=\"canonical\" href=\"https:\/\/ctamega.pt\/en\/subsidiarias\/\" \/>\n<meta property=\"og:locale\" content=\"pt_PT\" \/>\n<meta property=\"og:type\" content=\"article\" \/>\n<meta property=\"og:title\" content=\"SUBSIDIARIES - T\u00e2mega Engineering\" \/>\n<meta property=\"og:description\" content=\"Construtora do T\u00e2mega | H\u00e1 70 anos que a Construtora do T\u00e2mega \u00e9 uma das empresas de refer\u00eancia no setor de Constru\u00e7\u00e3o Civil e das Obras P\u00fablicas em Portugal.\" \/>\n<meta property=\"og:url\" content=\"https:\/\/ctamega.pt\/en\/subsidiarias\/\" \/>\n<meta property=\"og:site_name\" content=\"T\u00e2mega Engineering\" \/>\n<meta property=\"article:modified_time\" content=\"2021-05-18T16:23:34+00:00\" \/>\n<meta name=\"twitter:card\" content=\"summary\" \/>\n<meta name=\"twitter:label1\" content=\"Est. reading time\">\n\t<meta name=\"twitter:data1\" content=\"0 minutos\">\n<script type=\"application\/ld+json\" class=\"yoast-schema-graph\">{\"@context\":\"https:\/\/schema.org\",\"@graph\":[{\"@type\":\"WebSite\",\"@id\":\"http:\/\/ctamega.pt\/en\/#website\",\"url\":\"http:\/\/ctamega.pt\/en\/\",\"name\":\"T\\u00e2mega Engineering\",\"description\":\"T\\u00e2mega Engineering\",\"potentialAction\":[{\"@type\":\"SearchAction\",\"target\":\"http:\/\/ctamega.pt\/en\/?s={search_term_string}\",\"query-input\":\"required name=search_term_string\"}],\"inLanguage\":\"pt-PT\"},{\"@type\":\"WebPage\",\"@id\":\"https:\/\/ctamega.pt\/en\/subsidiarias\/#webpage\",\"url\":\"https:\/\/ctamega.pt\/en\/subsidiarias\/\",\"name\":\"SUBSIDIARIES - T\\u00e2mega Engineering\",\"isPartOf\":{\"@id\":\"http:\/\/ctamega.pt\/en\/#website\"},\"datePublished\":\"2016-03-10T03:04:52+00:00\",\"dateModified\":\"2021-05-18T16:23:34+00:00\",\"description\":\"Construtora do T\\u00e2mega | H\\u00e1 70 anos que a Construtora do T\\u00e2mega \\u00e9 uma das empresas de refer\\u00eancia no setor de Constru\\u00e7\\u00e3o Civil e das Obras P\\u00fablicas em Portugal.\",\"inLanguage\":\"pt-PT\",\"potentialAction\":[{\"@type\":\"ReadAction\",\"target\":[\"https:\/\/ctamega.pt\/en\/subsidiarias\/\"]}]}]}<\/script>\n<!-- \/ Yoast SEO plugin. -->","_links":{"self":[{"href":"https:\/\/ctamega.pt\/en\/wp-json\/wp\/v2\/pages\/1369"}],"collection":[{"href":"https:\/\/ctamega.pt\/en\/wp-json\/wp\/v2\/pages"}],"about":[{"href":"https:\/\/ctamega.pt\/en\/wp-json\/wp\/v2\/types\/page"}],"author":[{"embeddable":true,"href":"https:\/\/ctamega.pt\/en\/wp-json\/wp\/v2\/users\/6"}],"replies":[{"embeddable":true,"href":"https:\/\/ctamega.pt\/en\/wp-json\/wp\/v2\/comments?post=1369"}],"version-history":[{"count":1,"href":"https:\/\/ctamega.pt\/en\/wp-json\/wp\/v2\/pages\/1369\/revisions"}],"predecessor-version":[{"id":1837,"href":"https:\/\/ctamega.pt\/en\/wp-json\/wp\/v2\/pages\/1369\/revisions\/1837"}],"wp:attachment":[{"href":"https:\/\/ctamega.pt\/en\/wp-json\/wp\/v2\/media?parent=1369"}],"curies":[{"name":"wp","href":"https:\/\/api.w.org\/{rel}","templated":true}]}}