{"id":290,"date":"2015-05-28T12:12:54","date_gmt":"2015-05-28T12:12:54","guid":{"rendered":"http:\/\/localhost\/wordpress\/renovate\/?page_id=290"},"modified":"2017-03-03T11:57:35","modified_gmt":"2017-03-03T11:57:35","slug":"blog-2-columns","status":"publish","type":"page","link":"http:\/\/ctamega.pt\/index.php\/blog-2-columns\/","title":{"rendered":"BLOG 2 COLUMNS"},"content":{"rendered":"<p>[vc_row type=&#8221;&#8221; top_margin=&#8221;none&#8221;][vc_column type=&#8221;&#8221; top_margin=&#8221;none&#8221; width=&#8221;1\/1&#8243;]<div class=\"vc_row wpb_row vc_row-fluid margin-top-70\"><div class=\"vc_col-sm-6 wpb_column vc_column_container\"><ul class=\"blog clearfix\"><li class=\" post post-2251 type-post status-publish format-standard has-post-thumbnail hentry category-noticias category-sem-categoria-pt tag-pavilhao-de-portugal\"><ul class=\"post-details\"><li class=\"date template-calendar\">Novembro<h2>4<\/h2>2021<\/li><li class=\"template-eye\">2696<\/li><li class=\"template-bubble\"><a href=\"http:\/\/ctamega.pt\/index.php\/2021\/11\/04\/ministro-da-economia-visita-o-pavilhao-de-portugal\/#respond\" title=\"0 comments\">0<\/a><\/li><\/ul><div class=\"post-content\"><a class=\"post-image\" href=\"http:\/\/ctamega.pt\/index.php\/2021\/11\/04\/ministro-da-economia-visita-o-pavilhao-de-portugal\/\" title=\"Ministro da Economia visita o Pavilh\u00e3o de Portugal\"><img loading=\"lazy\" decoding=\"async\" width=\"750\" height=\"500\" src=\"http:\/\/ctamega.pt\/wp-content\/uploads\/2021\/11\/Colagem-de-fotos-de-design-de-interiores-simples-1-750x500.png\" class=\"attachment-blog-post-thumb size-blog-post-thumb wp-post-image\" alt=\"Ministro da Economia visita o Pavilh\u00e3o de Portugal\" title=\"\" srcset=\"http:\/\/ctamega.pt\/wp-content\/uploads\/2021\/11\/Colagem-de-fotos-de-design-de-interiores-simples-1-750x500.png 750w, http:\/\/ctamega.pt\/wp-content\/uploads\/2021\/11\/Colagem-de-fotos-de-design-de-interiores-simples-1-570x380.png 570w, http:\/\/ctamega.pt\/wp-content\/uploads\/2021\/11\/Colagem-de-fotos-de-design-de-interiores-simples-1-480x320.png 480w, http:\/\/ctamega.pt\/wp-content\/uploads\/2021\/11\/Colagem-de-fotos-de-design-de-interiores-simples-1-390x260.png 390w, http:\/\/ctamega.pt\/wp-content\/uploads\/2021\/11\/Colagem-de-fotos-de-design-de-interiores-simples-1-270x180.png 270w\" sizes=\"auto, (max-width: 750px) 100vw, 750px\" \/><\/a><ul class=\"post-content-details clearfix\"><li>By <a href=\"http:\/\/ctamega.pt\/index.php\/author\/ctamega\/\" title=\"Construtora do T\u00e2mega\">Construtora do T\u00e2mega<\/a><\/li><li>In <a class=\"category-52\" href=\"http:\/\/ctamega.pt\/index.php\/category\/noticias\/\" title=\"View all posts filed under Not\u00edcias\">Not\u00edcias<\/a>, <a class=\"category-98\" href=\"http:\/\/ctamega.pt\/index.php\/category\/sem-categoria-pt\/\" title=\"View all posts filed under Sem categoria\">Sem categoria<\/a><\/li><\/ul><h3 class=\"box-header align-left\"><a href=\"http:\/\/ctamega.pt\/index.php\/2021\/11\/04\/ministro-da-economia-visita-o-pavilhao-de-portugal\/\" title=\"Ministro da Economia visita o Pavilh\u00e3o de Portugal\">Ministro da Economia visita o Pavilh\u00e3o de Portugal<\/a><\/h3><p>Pedro Siza Vieira, Ministro de Estado, da Economia e da Transi\u00e7\u00e3o Digital com o Secret\u00e1rio de Estado para a Transi\u00e7\u00e3o Digital,&nbsp;Andr\u00e9 de Arag\u00e3o Azevedo, acompanhado por uma comitiva estrangeira e do Reitor da&nbsp;Universidade de Lisboa, Lu\u00eds Manuel dos Anjos Ferreira, visitou \u00e0 margem da Web Summit o Pavilh\u00e3o de Portugal, uma obra da responsabilidade da<\/p>\n<div class=\"vc_row wpb_row vc_row-fluid padding-top-54 padding-bottom-17\"><a title=\"READ MORE\" href=\"http:\/\/ctamega.pt\/index.php\/2021\/11\/04\/ministro-da-economia-visita-o-pavilhao-de-portugal\/\" class=\"more\">READ MORE<\/a><\/div><\/div><\/li><li class=\" post post-2258 type-post status-publish format-standard has-post-thumbnail hentry category-noticias category-recrutamento tag-preparador-de-obra tag-recrutamento\"><ul class=\"post-details\"><li class=\"date template-calendar\">Outubro<h2>15<\/h2>2021<\/li><li class=\"template-eye\">2370<\/li><li class=\"template-bubble\"><a href=\"http:\/\/ctamega.pt\/index.php\/2021\/10\/15\/recrutamos-preparador-de-obra-m-f-para-lisboa\/#respond\" title=\"0 comments\">0<\/a><\/li><\/ul><div class=\"post-content\"><a class=\"post-image\" href=\"http:\/\/ctamega.pt\/index.php\/2021\/10\/15\/recrutamos-preparador-de-obra-m-f-para-lisboa\/\" title=\"Recrutamos &#8211; PREPARADOR DE OBRA (M\/F) para Lisboa\"><img loading=\"lazy\" decoding=\"async\" width=\"750\" height=\"500\" src=\"http:\/\/ctamega.pt\/wp-content\/uploads\/2021\/11\/Diretor-de-Obra-Engenheiro-Civil-Entrada-Imediata-3-1-750x500.png\" class=\"attachment-blog-post-thumb size-blog-post-thumb wp-post-image\" alt=\"Recrutamos &#8211; PREPARADOR DE OBRA (M\/F) para Lisboa\" title=\"\" srcset=\"http:\/\/ctamega.pt\/wp-content\/uploads\/2021\/11\/Diretor-de-Obra-Engenheiro-Civil-Entrada-Imediata-3-1-750x500.png 750w, http:\/\/ctamega.pt\/wp-content\/uploads\/2021\/11\/Diretor-de-Obra-Engenheiro-Civil-Entrada-Imediata-3-1-570x380.png 570w, http:\/\/ctamega.pt\/wp-content\/uploads\/2021\/11\/Diretor-de-Obra-Engenheiro-Civil-Entrada-Imediata-3-1-480x320.png 480w, http:\/\/ctamega.pt\/wp-content\/uploads\/2021\/11\/Diretor-de-Obra-Engenheiro-Civil-Entrada-Imediata-3-1-390x260.png 390w, http:\/\/ctamega.pt\/wp-content\/uploads\/2021\/11\/Diretor-de-Obra-Engenheiro-Civil-Entrada-Imediata-3-1-270x180.png 270w\" sizes=\"auto, (max-width: 750px) 100vw, 750px\" \/><\/a><ul class=\"post-content-details clearfix\"><li>By <a href=\"http:\/\/ctamega.pt\/index.php\/author\/ctamega\/\" title=\"Construtora do T\u00e2mega\">Construtora do T\u00e2mega<\/a><\/li><li>In <a class=\"category-52\" href=\"http:\/\/ctamega.pt\/index.php\/category\/noticias\/\" title=\"View all posts filed under Not\u00edcias\">Not\u00edcias<\/a>, <a class=\"category-195\" href=\"http:\/\/ctamega.pt\/index.php\/category\/recrutamento\/\" title=\"View all posts filed under Recrutamento\">Recrutamento<\/a><\/li><\/ul><h3 class=\"box-header align-left\"><a href=\"http:\/\/ctamega.pt\/index.php\/2021\/10\/15\/recrutamos-preparador-de-obra-m-f-para-lisboa\/\" title=\"Recrutamos &#8211; PREPARADOR DE OBRA (M\/F) para Lisboa\">Recrutamos &#8211; PREPARADOR DE OBRA (M\/F) para Lisboa<\/a><\/h3><p>A T\u00e2mega Engineering, empresa de refer\u00eancia na \u00e1rea da Constru\u00e7\u00e3o Civil e Obras P\u00fablicas recruta para a \u00e1rea da Produ\u00e7\u00e3o<\/p>\n<div class=\"vc_row wpb_row vc_row-fluid padding-top-54 padding-bottom-17\"><a title=\"READ MORE\" href=\"http:\/\/ctamega.pt\/index.php\/2021\/10\/15\/recrutamos-preparador-de-obra-m-f-para-lisboa\/\" class=\"more\">READ MORE<\/a><\/div><\/div><\/li><li class=\" post post-2263 type-post status-publish format-standard has-post-thumbnail hentry category-noticias category-recrutamento\"><ul class=\"post-details\"><li class=\"date template-calendar\">Outubro<h2>11<\/h2>2021<\/li><li class=\"template-eye\">2265<\/li><li class=\"template-bubble\"><a href=\"http:\/\/ctamega.pt\/index.php\/2021\/10\/11\/recrutamos-director-de-obra-m-f-zona-de-lisboa\/#respond\" title=\"0 comments\">0<\/a><\/li><\/ul><div class=\"post-content\"><a class=\"post-image\" href=\"http:\/\/ctamega.pt\/index.php\/2021\/10\/11\/recrutamos-director-de-obra-m-f-zona-de-lisboa\/\" title=\"Recrutamos &#8211; DIRECTOR DE OBRA (M\/F) &#8211; Zona de Lisboa\"><img loading=\"lazy\" decoding=\"async\" width=\"750\" height=\"500\" src=\"http:\/\/ctamega.pt\/wp-content\/uploads\/2021\/11\/Diretor-de-Obra-Engenheiro-Civil-Entrada-Imediata-10-750x500.png\" class=\"attachment-blog-post-thumb size-blog-post-thumb wp-post-image\" alt=\"Recrutamos &#8211; DIRECTOR DE OBRA (M\/F) &#8211; Zona de Lisboa\" title=\"\" srcset=\"http:\/\/ctamega.pt\/wp-content\/uploads\/2021\/11\/Diretor-de-Obra-Engenheiro-Civil-Entrada-Imediata-10-750x500.png 750w, http:\/\/ctamega.pt\/wp-content\/uploads\/2021\/11\/Diretor-de-Obra-Engenheiro-Civil-Entrada-Imediata-10-570x380.png 570w, http:\/\/ctamega.pt\/wp-content\/uploads\/2021\/11\/Diretor-de-Obra-Engenheiro-Civil-Entrada-Imediata-10-480x320.png 480w, http:\/\/ctamega.pt\/wp-content\/uploads\/2021\/11\/Diretor-de-Obra-Engenheiro-Civil-Entrada-Imediata-10-390x260.png 390w, http:\/\/ctamega.pt\/wp-content\/uploads\/2021\/11\/Diretor-de-Obra-Engenheiro-Civil-Entrada-Imediata-10-270x180.png 270w\" sizes=\"auto, (max-width: 750px) 100vw, 750px\" \/><\/a><ul class=\"post-content-details clearfix\"><li>By <a href=\"http:\/\/ctamega.pt\/index.php\/author\/ctamega\/\" title=\"Construtora do T\u00e2mega\">Construtora do T\u00e2mega<\/a><\/li><li>In <a class=\"category-52\" href=\"http:\/\/ctamega.pt\/index.php\/category\/noticias\/\" title=\"View all posts filed under Not\u00edcias\">Not\u00edcias<\/a>, <a class=\"category-195\" href=\"http:\/\/ctamega.pt\/index.php\/category\/recrutamento\/\" title=\"View all posts filed under Recrutamento\">Recrutamento<\/a><\/li><\/ul><h3 class=\"box-header align-left\"><a href=\"http:\/\/ctamega.pt\/index.php\/2021\/10\/11\/recrutamos-director-de-obra-m-f-zona-de-lisboa\/\" title=\"Recrutamos &#8211; DIRECTOR DE OBRA (M\/F) &#8211; Zona de Lisboa\">Recrutamos &#8211; DIRECTOR DE OBRA (M\/F) &#8211; Zona de Lisboa<\/a><\/h3><p>A T\u00e2mega Engineering, empresa de refer\u00eancia na \u00e1rea da&nbsp;Constru\u00e7\u00e3o&nbsp;Civil e Obras P\u00fablicas recruta Director de Obra. Perfil&#8211; Licenciatura e\/ou Mestrado em Engenharia Civil&#8211; Experi\u00eancia profissional comprovada como Diretor de Obra&#8211; Bom relacionamento interpessoal e trabalho em equipa&#8211; Capacidade de lideran\u00e7a e gest\u00e3o do tempo Oferecemos:&#8211; Remunera\u00e7\u00e3o compat\u00edvel com experi\u00eancia demonstrada&#8211; Regalias em vigor no Grupo.<\/p>\n<div class=\"vc_row wpb_row vc_row-fluid padding-top-54 padding-bottom-17\"><a title=\"READ MORE\" href=\"http:\/\/ctamega.pt\/index.php\/2021\/10\/11\/recrutamos-director-de-obra-m-f-zona-de-lisboa\/\" class=\"more\">READ MORE<\/a><\/div><\/div><\/li><\/ul><\/div><div class=\"vc_col-sm-6 wpb_column vc_column_container\"><ul class=\"blog clearfix\"><li class=\" post post-2266 type-post status-publish format-standard has-post-thumbnail hentry category-noticias tag-pavilhao-de-portugal\"><ul class=\"post-details\"><li class=\"date template-calendar\">Outubro<h2>4<\/h2>2021<\/li><li class=\"template-eye\">1817<\/li><li class=\"template-bubble\"><a href=\"http:\/\/ctamega.pt\/index.php\/2021\/10\/04\/visita-de-estudo-as-obras-do-pavilhao-de-portugal\/#respond\" title=\"0 comments\">0<\/a><\/li><\/ul><div class=\"post-content\"><a class=\"post-image\" href=\"http:\/\/ctamega.pt\/index.php\/2021\/10\/04\/visita-de-estudo-as-obras-do-pavilhao-de-portugal\/\" title=\"Visita de estudo \u00e0s Obras do Pavilh\u00e3o de Portugal\"><img loading=\"lazy\" decoding=\"async\" width=\"750\" height=\"500\" src=\"http:\/\/ctamega.pt\/wp-content\/uploads\/2021\/11\/Design-sem-nome-10-750x500.png\" class=\"attachment-blog-post-thumb size-blog-post-thumb wp-post-image\" alt=\"Visita de estudo \u00e0s Obras do Pavilh\u00e3o de Portugal\" title=\"\" srcset=\"http:\/\/ctamega.pt\/wp-content\/uploads\/2021\/11\/Design-sem-nome-10-750x500.png 750w, http:\/\/ctamega.pt\/wp-content\/uploads\/2021\/11\/Design-sem-nome-10-570x380.png 570w, http:\/\/ctamega.pt\/wp-content\/uploads\/2021\/11\/Design-sem-nome-10-480x320.png 480w, http:\/\/ctamega.pt\/wp-content\/uploads\/2021\/11\/Design-sem-nome-10-390x260.png 390w, http:\/\/ctamega.pt\/wp-content\/uploads\/2021\/11\/Design-sem-nome-10-270x180.png 270w\" sizes=\"auto, (max-width: 750px) 100vw, 750px\" \/><\/a><ul class=\"post-content-details clearfix\"><li>By <a href=\"http:\/\/ctamega.pt\/index.php\/author\/ctamega\/\" title=\"Construtora do T\u00e2mega\">Construtora do T\u00e2mega<\/a><\/li><li>In <a class=\"category-52\" href=\"http:\/\/ctamega.pt\/index.php\/category\/noticias\/\" title=\"View all posts filed under Not\u00edcias\">Not\u00edcias<\/a><\/li><\/ul><h3 class=\"box-header align-left\"><a href=\"http:\/\/ctamega.pt\/index.php\/2021\/10\/04\/visita-de-estudo-as-obras-do-pavilhao-de-portugal\/\" title=\"Visita de estudo \u00e0s Obras do Pavilh\u00e3o de Portugal\">Visita de estudo \u00e0s Obras do Pavilh\u00e3o de Portugal<\/a><\/h3><p>O arquiteto Paulo Tormenta Pinto,\u00a0Professor Catedr\u00e1tico do ISCTE e Investigador Respons\u00e1vel do projeto \u201cGrandes Trabalhos \u2013 Transforma\u00e7\u00f5es Arquitet\u00f3nicas e Urban\u00edsticas depois da Exposi\u00e7\u00e3o Mundial de Lisboa de 1998\u201d, juntamente com a Turma do 5\u00ba Ano do Mestrado Integrado em Arquitetura (MIA), visitou o Pavilh\u00e3o de Portugal, na passada sexta-feira dia 1 de Outubro. Foram acompanhados<\/p>\n<div class=\"vc_row wpb_row vc_row-fluid padding-top-54 padding-bottom-17\"><a title=\"READ MORE\" href=\"http:\/\/ctamega.pt\/index.php\/2021\/10\/04\/visita-de-estudo-as-obras-do-pavilhao-de-portugal\/\" class=\"more\">READ MORE<\/a><\/div><\/div><\/li><li class=\" post post-2269 type-post status-publish format-standard has-post-thumbnail hentry category-noticias category-recrutamento\"><ul class=\"post-details\"><li class=\"date template-calendar\">Setembro<h2>14<\/h2>2021<\/li><li class=\"template-eye\">2020<\/li><li class=\"template-bubble\"><a href=\"http:\/\/ctamega.pt\/index.php\/2021\/09\/14\/recrutamos-encarregado-de-construcao-civil-m-f-lisboa\/#respond\" title=\"0 comments\">0<\/a><\/li><\/ul><div class=\"post-content\"><a class=\"post-image\" href=\"http:\/\/ctamega.pt\/index.php\/2021\/09\/14\/recrutamos-encarregado-de-construcao-civil-m-f-lisboa\/\" title=\"Recrutamos &#8211; ENCARREGADO de constru\u00e7\u00e3o civil (M\/F) Lisboa\"><img loading=\"lazy\" decoding=\"async\" width=\"750\" height=\"500\" src=\"http:\/\/ctamega.pt\/wp-content\/uploads\/2021\/11\/Diretor-de-Obra-Engenheiro-Civil-Entrada-Imediata-7-750x500.png\" class=\"attachment-blog-post-thumb size-blog-post-thumb wp-post-image\" alt=\"Recrutamos &#8211; ENCARREGADO de constru\u00e7\u00e3o civil (M\/F) Lisboa\" title=\"\" srcset=\"http:\/\/ctamega.pt\/wp-content\/uploads\/2021\/11\/Diretor-de-Obra-Engenheiro-Civil-Entrada-Imediata-7-750x500.png 750w, http:\/\/ctamega.pt\/wp-content\/uploads\/2021\/11\/Diretor-de-Obra-Engenheiro-Civil-Entrada-Imediata-7-570x380.png 570w, http:\/\/ctamega.pt\/wp-content\/uploads\/2021\/11\/Diretor-de-Obra-Engenheiro-Civil-Entrada-Imediata-7-480x320.png 480w, http:\/\/ctamega.pt\/wp-content\/uploads\/2021\/11\/Diretor-de-Obra-Engenheiro-Civil-Entrada-Imediata-7-390x260.png 390w, http:\/\/ctamega.pt\/wp-content\/uploads\/2021\/11\/Diretor-de-Obra-Engenheiro-Civil-Entrada-Imediata-7-270x180.png 270w\" sizes=\"auto, (max-width: 750px) 100vw, 750px\" \/><\/a><ul class=\"post-content-details clearfix\"><li>By <a href=\"http:\/\/ctamega.pt\/index.php\/author\/ctamega\/\" title=\"Construtora do T\u00e2mega\">Construtora do T\u00e2mega<\/a><\/li><li>In <a class=\"category-52\" href=\"http:\/\/ctamega.pt\/index.php\/category\/noticias\/\" title=\"View all posts filed under Not\u00edcias\">Not\u00edcias<\/a>, <a class=\"category-195\" href=\"http:\/\/ctamega.pt\/index.php\/category\/recrutamento\/\" title=\"View all posts filed under Recrutamento\">Recrutamento<\/a><\/li><\/ul><h3 class=\"box-header align-left\"><a href=\"http:\/\/ctamega.pt\/index.php\/2021\/09\/14\/recrutamos-encarregado-de-construcao-civil-m-f-lisboa\/\" title=\"Recrutamos &#8211; ENCARREGADO de constru\u00e7\u00e3o civil (M\/F) Lisboa\">Recrutamos &#8211; ENCARREGADO de constru\u00e7\u00e3o civil (M\/F) Lisboa<\/a><\/h3><p>A&nbsp;T\u00e2mega Engineering, empresa de refer\u00eancia na \u00e1rea da&nbsp;Constru\u00e7\u00e3o&nbsp;Civil e Obras P\u00fablicas, pretende recrutar&nbsp;ENCARREGADO de constru\u00e7\u00e3o civil: Responsabilidades:&#8211; Coordenar equipas operacionais e de trabalhos em curso;&#8211; Gerir recursos, equipamentos e subempreiteiros em obra;&#8211; Zelar pela execu\u00e7\u00e3o dos trabalhos de acordo com o planeamento e dire\u00e7\u00e3o de obra;&#8211; Assegurar o andamentos dos trabalhos com vista ao cumprimento<\/p>\n<div class=\"vc_row wpb_row vc_row-fluid padding-top-54 padding-bottom-17\"><a title=\"READ MORE\" href=\"http:\/\/ctamega.pt\/index.php\/2021\/09\/14\/recrutamos-encarregado-de-construcao-civil-m-f-lisboa\/\" class=\"more\">READ MORE<\/a><\/div><\/div><\/li><li class=\" post post-2272 type-post status-publish format-standard has-post-thumbnail hentry category-noticias tag-ciclovias tag-emel tag-marvila\"><ul class=\"post-details\"><li class=\"date template-calendar\">Agosto<h2>23<\/h2>2021<\/li><li class=\"template-eye\">1928<\/li><li class=\"template-bubble\"><a href=\"http:\/\/ctamega.pt\/index.php\/2021\/08\/23\/trocos-do-percurso-ciclavel-em-marvila-construidos-pela-tamega-engineering-para-a-emel\/#respond\" title=\"0 comments\">0<\/a><\/li><\/ul><div class=\"post-content\"><a class=\"post-image\" href=\"http:\/\/ctamega.pt\/index.php\/2021\/08\/23\/trocos-do-percurso-ciclavel-em-marvila-construidos-pela-tamega-engineering-para-a-emel\/\" title=\"+ TRO\u00c7OS DO PERCURSO CICL\u00c1VEL EM MARVILA constru\u00eddos pela T\u00e2mega Engineering para a Emel\"><img loading=\"lazy\" decoding=\"async\" width=\"750\" height=\"500\" src=\"http:\/\/ctamega.pt\/wp-content\/uploads\/2021\/11\/tamega-engineering-ciclovia-750x500.png\" class=\"attachment-blog-post-thumb size-blog-post-thumb wp-post-image\" alt=\"+ TRO\u00c7OS DO PERCURSO CICL\u00c1VEL EM MARVILA constru\u00eddos pela T\u00e2mega Engineering para a Emel\" title=\"\" srcset=\"http:\/\/ctamega.pt\/wp-content\/uploads\/2021\/11\/tamega-engineering-ciclovia-750x500.png 750w, http:\/\/ctamega.pt\/wp-content\/uploads\/2021\/11\/tamega-engineering-ciclovia-570x380.png 570w, http:\/\/ctamega.pt\/wp-content\/uploads\/2021\/11\/tamega-engineering-ciclovia-480x320.png 480w, http:\/\/ctamega.pt\/wp-content\/uploads\/2021\/11\/tamega-engineering-ciclovia-390x260.png 390w, http:\/\/ctamega.pt\/wp-content\/uploads\/2021\/11\/tamega-engineering-ciclovia-270x180.png 270w\" sizes=\"auto, (max-width: 750px) 100vw, 750px\" \/><\/a><ul class=\"post-content-details clearfix\"><li>By <a href=\"http:\/\/ctamega.pt\/index.php\/author\/ctamega\/\" title=\"Construtora do T\u00e2mega\">Construtora do T\u00e2mega<\/a><\/li><li>In <a class=\"category-52\" href=\"http:\/\/ctamega.pt\/index.php\/category\/noticias\/\" title=\"View all posts filed under Not\u00edcias\">Not\u00edcias<\/a><\/li><\/ul><h3 class=\"box-header align-left\"><a href=\"http:\/\/ctamega.pt\/index.php\/2021\/08\/23\/trocos-do-percurso-ciclavel-em-marvila-construidos-pela-tamega-engineering-para-a-emel\/\" title=\"+ TRO\u00c7OS DO PERCURSO CICL\u00c1VEL EM MARVILA constru\u00eddos pela T\u00e2mega Engineering para a Emel\">+ TRO\u00c7OS DO PERCURSO CICL\u00c1VEL EM MARVILA constru\u00eddos pela T\u00e2mega Engineering para a Emel<\/a><\/h3><p>+ TRO\u00c7OS DO PERCURSO CICL\u00c1VEL EM MARVILA constru\u00eddos pela T\u00e2mega Engineering para a&nbsp;Emel Est\u00e3o conclu\u00eddas as novas liga\u00e7\u00f5es cicl\u00e1veis \u2013 na rua Pardal Monteiro e da rua Eng. Ferreira Dias, em Marvila.Com a constru\u00e7\u00e3o destes trocos cicl\u00e1veis, a EMEL pretende refor\u00e7ar a promo\u00e7\u00e3o do uso da bicicleta como uma forma de mobilidade pr\u00e1tica e segura<\/p>\n<div class=\"vc_row wpb_row vc_row-fluid padding-top-54 padding-bottom-17\"><a title=\"READ MORE\" href=\"http:\/\/ctamega.pt\/index.php\/2021\/08\/23\/trocos-do-percurso-ciclavel-em-marvila-construidos-pela-tamega-engineering-para-a-emel\/\" class=\"more\">READ MORE<\/a><\/div><\/div><\/li><\/ul><\/div><\/div><ul class='pagination clearfix page-margin-top'><li class='selected'><span>1<\/span><\/li><li><a href='http:\/\/ctamega.pt\/index.php\/wp-json\/wp\/v2\/pages\/290\/page\/2\/'>2<\/a><\/li><\/ul>[\/vc_column][\/vc_row]<\/p>\n","protected":false},"excerpt":{"rendered":"<p>[vc_row type=&#8221;&#8221; top_margin=&#8221;none&#8221;][vc_column type=&#8221;&#8221; top_margin=&#8221;none&#8221; width=&#8221;1\/1&#8243;][\/vc_column][\/vc_row]<\/p>\n","protected":false},"author":7,"featured_media":0,"parent":0,"menu_order":0,"comment_status":"closed","ping_status":"open","template":"","meta":{"_exactmetrics_skip_tracking":false,"_exactmetrics_sitenote_active":false,"_exactmetrics_sitenote_note":"","_exactmetrics_sitenote_category":0,"footnotes":""},"class_list":["post-290","page","type-page","status-publish","hentry"],"yoast_head":"<!-- This site is optimized with the Yoast SEO plugin v24.7 - https:\/\/yoast.com\/wordpress\/plugins\/seo\/ -->\n<title>BLOG 2 COLUMNS - T\u00e2mega Engineering<\/title>\n<meta name=\"robots\" content=\"index, follow, max-snippet:-1, max-image-preview:large, max-video-preview:-1\" \/>\n<link rel=\"canonical\" href=\"http:\/\/ctamega.pt\/index.php\/blog-2-columns\/\" \/>\n<meta property=\"og:locale\" content=\"pt_PT\" \/>\n<meta property=\"og:type\" content=\"article\" \/>\n<meta property=\"og:title\" content=\"BLOG 2 COLUMNS - T\u00e2mega Engineering\" \/>\n<meta property=\"og:description\" content=\"[vc_row type=&#8221;&#8221; top_margin=&#8221;none&#8221;][vc_column type=&#8221;&#8221; top_margin=&#8221;none&#8221; width=&#8221;1\/1&#8243;][\/vc_column][\/vc_row]\" \/>\n<meta property=\"og:url\" content=\"http:\/\/ctamega.pt\/index.php\/blog-2-columns\/\" \/>\n<meta property=\"og:site_name\" content=\"T\u00e2mega Engineering\" \/>\n<meta property=\"article:modified_time\" content=\"2017-03-03T11:57:35+00:00\" \/>\n<meta name=\"twitter:card\" content=\"summary_large_image\" \/>\n<script type=\"application\/ld+json\" class=\"yoast-schema-graph\">{\"@context\":\"https:\/\/schema.org\",\"@graph\":[{\"@type\":\"WebPage\",\"@id\":\"http:\/\/ctamega.pt\/index.php\/blog-2-columns\/\",\"url\":\"http:\/\/ctamega.pt\/index.php\/blog-2-columns\/\",\"name\":\"BLOG 2 COLUMNS - T\u00e2mega Engineering\",\"isPartOf\":{\"@id\":\"https:\/\/ctamega.pt\/#website\"},\"datePublished\":\"2015-05-28T12:12:54+00:00\",\"dateModified\":\"2017-03-03T11:57:35+00:00\",\"breadcrumb\":{\"@id\":\"http:\/\/ctamega.pt\/index.php\/blog-2-columns\/#breadcrumb\"},\"inLanguage\":\"pt-PT\",\"potentialAction\":[{\"@type\":\"ReadAction\",\"target\":[\"http:\/\/ctamega.pt\/index.php\/blog-2-columns\/\"]}]},{\"@type\":\"BreadcrumbList\",\"@id\":\"http:\/\/ctamega.pt\/index.php\/blog-2-columns\/#breadcrumb\",\"itemListElement\":[{\"@type\":\"ListItem\",\"position\":1,\"name\":\"Home\",\"item\":\"https:\/\/ctamega.pt\/\"},{\"@type\":\"ListItem\",\"position\":2,\"name\":\"BLOG 2 COLUMNS\"}]},{\"@type\":\"WebSite\",\"@id\":\"https:\/\/ctamega.pt\/#website\",\"url\":\"https:\/\/ctamega.pt\/\",\"name\":\"T\u00e2mega Engineering\",\"description\":\"Construction Renovation Theme\",\"publisher\":{\"@id\":\"https:\/\/ctamega.pt\/#organization\"},\"potentialAction\":[{\"@type\":\"SearchAction\",\"target\":{\"@type\":\"EntryPoint\",\"urlTemplate\":\"https:\/\/ctamega.pt\/?s={search_term_string}\"},\"query-input\":{\"@type\":\"PropertyValueSpecification\",\"valueRequired\":true,\"valueName\":\"search_term_string\"}}],\"inLanguage\":\"pt-PT\"},{\"@type\":\"Organization\",\"@id\":\"https:\/\/ctamega.pt\/#organization\",\"name\":\"Construtora do T\u00e2mega\",\"url\":\"https:\/\/ctamega.pt\/\",\"logo\":{\"@type\":\"ImageObject\",\"inLanguage\":\"pt-PT\",\"@id\":\"https:\/\/ctamega.pt\/#\/schema\/logo\/image\/\",\"url\":\"http:\/\/ctamega.pt\/wp-content\/uploads\/2016\/03\/Construtora-do-T\u00e2mega-Logo_Tamanho-pequeno.png\",\"contentUrl\":\"http:\/\/ctamega.pt\/wp-content\/uploads\/2016\/03\/Construtora-do-T\u00e2mega-Logo_Tamanho-pequeno.png\",\"width\":736,\"height\":297,\"caption\":\"Construtora do T\u00e2mega\"},\"image\":{\"@id\":\"https:\/\/ctamega.pt\/#\/schema\/logo\/image\/\"},\"sameAs\":[\"https:\/\/www.linkedin.com\/company\/construtora-do-tamega-s-a-?trk=company_logo\"]}]}<\/script>\n<!-- \/ Yoast SEO plugin. -->","yoast_head_json":{"title":"BLOG 2 COLUMNS - T\u00e2mega Engineering","robots":{"index":"index","follow":"follow","max-snippet":"max-snippet:-1","max-image-preview":"max-image-preview:large","max-video-preview":"max-video-preview:-1"},"canonical":"http:\/\/ctamega.pt\/index.php\/blog-2-columns\/","og_locale":"pt_PT","og_type":"article","og_title":"BLOG 2 COLUMNS - T\u00e2mega Engineering","og_description":"[vc_row type=&#8221;&#8221; top_margin=&#8221;none&#8221;][vc_column type=&#8221;&#8221; top_margin=&#8221;none&#8221; width=&#8221;1\/1&#8243;][\/vc_column][\/vc_row]","og_url":"http:\/\/ctamega.pt\/index.php\/blog-2-columns\/","og_site_name":"T\u00e2mega Engineering","article_modified_time":"2017-03-03T11:57:35+00:00","twitter_card":"summary_large_image","schema":{"@context":"https:\/\/schema.org","@graph":[{"@type":"WebPage","@id":"http:\/\/ctamega.pt\/index.php\/blog-2-columns\/","url":"http:\/\/ctamega.pt\/index.php\/blog-2-columns\/","name":"BLOG 2 COLUMNS - T\u00e2mega Engineering","isPartOf":{"@id":"https:\/\/ctamega.pt\/#website"},"datePublished":"2015-05-28T12:12:54+00:00","dateModified":"2017-03-03T11:57:35+00:00","breadcrumb":{"@id":"http:\/\/ctamega.pt\/index.php\/blog-2-columns\/#breadcrumb"},"inLanguage":"pt-PT","potentialAction":[{"@type":"ReadAction","target":["http:\/\/ctamega.pt\/index.php\/blog-2-columns\/"]}]},{"@type":"BreadcrumbList","@id":"http:\/\/ctamega.pt\/index.php\/blog-2-columns\/#breadcrumb","itemListElement":[{"@type":"ListItem","position":1,"name":"Home","item":"https:\/\/ctamega.pt\/"},{"@type":"ListItem","position":2,"name":"BLOG 2 COLUMNS"}]},{"@type":"WebSite","@id":"https:\/\/ctamega.pt\/#website","url":"https:\/\/ctamega.pt\/","name":"T\u00e2mega Engineering","description":"Construction Renovation Theme","publisher":{"@id":"https:\/\/ctamega.pt\/#organization"},"potentialAction":[{"@type":"SearchAction","target":{"@type":"EntryPoint","urlTemplate":"https:\/\/ctamega.pt\/?s={search_term_string}"},"query-input":{"@type":"PropertyValueSpecification","valueRequired":true,"valueName":"search_term_string"}}],"inLanguage":"pt-PT"},{"@type":"Organization","@id":"https:\/\/ctamega.pt\/#organization","name":"Construtora do T\u00e2mega","url":"https:\/\/ctamega.pt\/","logo":{"@type":"ImageObject","inLanguage":"pt-PT","@id":"https:\/\/ctamega.pt\/#\/schema\/logo\/image\/","url":"http:\/\/ctamega.pt\/wp-content\/uploads\/2016\/03\/Construtora-do-T\u00e2mega-Logo_Tamanho-pequeno.png","contentUrl":"http:\/\/ctamega.pt\/wp-content\/uploads\/2016\/03\/Construtora-do-T\u00e2mega-Logo_Tamanho-pequeno.png","width":736,"height":297,"caption":"Construtora do T\u00e2mega"},"image":{"@id":"https:\/\/ctamega.pt\/#\/schema\/logo\/image\/"},"sameAs":["https:\/\/www.linkedin.com\/company\/construtora-do-tamega-s-a-?trk=company_logo"]}]}},"_links":{"self":[{"href":"http:\/\/ctamega.pt\/index.php\/wp-json\/wp\/v2\/pages\/290","targetHints":{"allow":["GET"]}}],"collection":[{"href":"http:\/\/ctamega.pt\/index.php\/wp-json\/wp\/v2\/pages"}],"about":[{"href":"http:\/\/ctamega.pt\/index.php\/wp-json\/wp\/v2\/types\/page"}],"author":[{"embeddable":true,"href":"http:\/\/ctamega.pt\/index.php\/wp-json\/wp\/v2\/users\/7"}],"replies":[{"embeddable":true,"href":"http:\/\/ctamega.pt\/index.php\/wp-json\/wp\/v2\/comments?post=290"}],"version-history":[{"count":0,"href":"http:\/\/ctamega.pt\/index.php\/wp-json\/wp\/v2\/pages\/290\/revisions"}],"wp:attachment":[{"href":"http:\/\/ctamega.pt\/index.php\/wp-json\/wp\/v2\/media?parent=290"}],"curies":[{"name":"wp","href":"https:\/\/api.w.org\/{rel}","templated":true}]}}