{"id":1590,"date":"2016-05-06T15:23:14","date_gmt":"2016-05-06T15:23:14","guid":{"rendered":"http:\/\/ctamega.pt\/?page_id=1590"},"modified":"2017-03-03T11:57:35","modified_gmt":"2017-03-03T11:57:35","slug":"portfolio-angola","status":"publish","type":"page","link":"http:\/\/ctamega.pt\/index.php\/portfolio-angola\/","title":{"rendered":"P\u00f3rtfolio &#8211; Angola"},"content":{"rendered":"<p>[vc_row type=&#8221;full-width&#8221;][vc_column][rev_slider_vc alias=&#8221;noticias&#8221;][\/vc_column][\/vc_row][vc_row top_margin=&#8221;page-margin-top-section&#8221;][vc_column]<h2 class=\"box-header\">PORF\u00d3LIO - ANGOLA<\/h2>[\/vc_column][\/vc_row][vc_row][vc_column]<ul class=\"projects-list clearfix page-margin-top\"><li>\n\t\t\t<a href=\"http:\/\/ctamega.pt\/index.php\/projects\/ponte-ferroviaria-sobre-o-ri-cubal-2003\/\" title=\"&lt;div style=&quot;text-align:center; color:white;&quot;&gt;&lt;div style=&quot;font-size:17px; &quot;&gt;Reconstru\u00e7\u00e3o da Ponte Ferrovi\u00e1ria do Cubal (Angola) *&lt;\/div&gt;&lt;br&gt;Cliente: Caminhos de Ferro de Benguela&lt;br&gt;Ano: 2002 &#8211; 2004&lt;\/div&gt;\">\n\t\t\t\t<img loading=\"lazy\" decoding=\"async\" width=\"480\" height=\"320\" src=\"http:\/\/ctamega.pt\/wp-content\/uploads\/2003\/02\/54.RECONSTRU\u00c7\u00c3O-DA-PONTE-FERROVI\u00c1RIA-DO-CUBAL-480x320.jpg\" class=\"attachment-big-thumb size-big-thumb wp-post-image\" alt=\"&lt;div style=&quot;text-align:center; color:white;&quot;&gt;&lt;div style=&quot;font-size:17px; &quot;&gt;Reconstru\u00e7\u00e3o da Ponte Ferrovi\u00e1ria do Cubal (Angola) *&lt;\/div&gt;&lt;br&gt;Cliente: Caminhos de Ferro de Benguela&lt;br&gt;Ano: 2002 &#8211; 2004&lt;\/div&gt;\" title=\"\" srcset=\"http:\/\/ctamega.pt\/wp-content\/uploads\/2003\/02\/54.RECONSTRU\u00c7\u00c3O-DA-PONTE-FERROVI\u00c1RIA-DO-CUBAL-480x320.jpg 480w, http:\/\/ctamega.pt\/wp-content\/uploads\/2003\/02\/54.RECONSTRU\u00c7\u00c3O-DA-PONTE-FERROVI\u00c1RIA-DO-CUBAL-750x500.jpg 750w, http:\/\/ctamega.pt\/wp-content\/uploads\/2003\/02\/54.RECONSTRU\u00c7\u00c3O-DA-PONTE-FERROVI\u00c1RIA-DO-CUBAL-570x380.jpg 570w, http:\/\/ctamega.pt\/wp-content\/uploads\/2003\/02\/54.RECONSTRU\u00c7\u00c3O-DA-PONTE-FERROVI\u00c1RIA-DO-CUBAL-390x260.jpg 390w, http:\/\/ctamega.pt\/wp-content\/uploads\/2003\/02\/54.RECONSTRU\u00c7\u00c3O-DA-PONTE-FERROVI\u00c1RIA-DO-CUBAL-270x180.jpg 270w, http:\/\/ctamega.pt\/wp-content\/uploads\/2003\/02\/54.RECONSTRU\u00c7\u00c3O-DA-PONTE-FERROVI\u00c1RIA-DO-CUBAL-24x17.jpg 24w\" sizes=\"auto, (max-width: 480px) 100vw, 480px\" \/>\n\t\t\t<\/a><div class=\"view align-center\">\n\t\t\t\t\t<div class=\"vertical-align-table\">\n\t\t\t\t\t\t<div class=\"vertical-align-cell\"><p class=\"description\"><div style=\"text-align:center; color:white;\"><div style=\"font-size:17px; \">Reconstru\u00e7\u00e3o da Ponte Ferrovi\u00e1ria do Cubal (Angola) *<\/div><br>Cliente: Caminhos de Ferro de Benguela<br>Ano: 2002 &#8211; 2004<\/div><\/div>\n\t\t\t\t\t<\/div>\n\t\t\t\t<\/div><\/ul>[\/vc_column][\/vc_row]<\/p>\n","protected":false},"excerpt":{"rendered":"<p>[vc_row type=&#8221;full-width&#8221;][vc_column][rev_slider_vc alias=&#8221;noticias&#8221;][\/vc_column][\/vc_row][vc_row top_margin=&#8221;page-margin-top-section&#8221;][vc_column][\/vc_column][\/vc_row][vc_row][vc_column][\/vc_column][\/vc_row]<\/p>\n","protected":false},"author":7,"featured_media":0,"parent":0,"menu_order":0,"comment_status":"closed","ping_status":"closed","template":"template-default-without-breadcrumbs.php","meta":{"_exactmetrics_skip_tracking":false,"_exactmetrics_sitenote_active":false,"_exactmetrics_sitenote_note":"","_exactmetrics_sitenote_category":0,"footnotes":""},"class_list":["post-1590","page","type-page","status-publish","hentry"],"yoast_head":"<!-- This site is optimized with the Yoast SEO plugin v24.7 - https:\/\/yoast.com\/wordpress\/plugins\/seo\/ -->\n<title>P\u00f3rtfolio - Angola - T\u00e2mega Engineering<\/title>\n<meta name=\"robots\" content=\"index, follow, max-snippet:-1, max-image-preview:large, max-video-preview:-1\" \/>\n<link rel=\"canonical\" href=\"http:\/\/ctamega.pt\/index.php\/portfolio-angola\/\" \/>\n<meta property=\"og:locale\" content=\"pt_PT\" \/>\n<meta property=\"og:type\" content=\"article\" \/>\n<meta property=\"og:title\" content=\"P\u00f3rtfolio - Angola - T\u00e2mega Engineering\" \/>\n<meta property=\"og:description\" content=\"[vc_row type=&#8221;full-width&#8221;][vc_column][rev_slider_vc alias=&#8221;noticias&#8221;][\/vc_column][\/vc_row][vc_row top_margin=&#8221;page-margin-top-section&#8221;][vc_column][\/vc_column][\/vc_row][vc_row][vc_column][\/vc_column][\/vc_row]\" \/>\n<meta property=\"og:url\" content=\"http:\/\/ctamega.pt\/index.php\/portfolio-angola\/\" \/>\n<meta property=\"og:site_name\" content=\"T\u00e2mega Engineering\" \/>\n<meta property=\"article:modified_time\" content=\"2017-03-03T11:57:35+00:00\" \/>\n<meta name=\"twitter:card\" content=\"summary_large_image\" \/>\n<script type=\"application\/ld+json\" class=\"yoast-schema-graph\">{\"@context\":\"https:\/\/schema.org\",\"@graph\":[{\"@type\":\"WebPage\",\"@id\":\"http:\/\/ctamega.pt\/index.php\/portfolio-angola\/\",\"url\":\"http:\/\/ctamega.pt\/index.php\/portfolio-angola\/\",\"name\":\"P\u00f3rtfolio - Angola - T\u00e2mega Engineering\",\"isPartOf\":{\"@id\":\"http:\/\/ctamega.pt\/#website\"},\"datePublished\":\"2016-05-06T15:23:14+00:00\",\"dateModified\":\"2017-03-03T11:57:35+00:00\",\"breadcrumb\":{\"@id\":\"http:\/\/ctamega.pt\/index.php\/portfolio-angola\/#breadcrumb\"},\"inLanguage\":\"pt-PT\",\"potentialAction\":[{\"@type\":\"ReadAction\",\"target\":[\"http:\/\/ctamega.pt\/index.php\/portfolio-angola\/\"]}]},{\"@type\":\"BreadcrumbList\",\"@id\":\"http:\/\/ctamega.pt\/index.php\/portfolio-angola\/#breadcrumb\",\"itemListElement\":[{\"@type\":\"ListItem\",\"position\":1,\"name\":\"Home\",\"item\":\"https:\/\/ctamega.pt\/\"},{\"@type\":\"ListItem\",\"position\":2,\"name\":\"P\u00f3rtfolio &#8211; Angola\"}]},{\"@type\":\"WebSite\",\"@id\":\"http:\/\/ctamega.pt\/#website\",\"url\":\"http:\/\/ctamega.pt\/\",\"name\":\"T\u00e2mega Engineering\",\"description\":\"Construction Renovation Theme\",\"publisher\":{\"@id\":\"http:\/\/ctamega.pt\/#organization\"},\"potentialAction\":[{\"@type\":\"SearchAction\",\"target\":{\"@type\":\"EntryPoint\",\"urlTemplate\":\"http:\/\/ctamega.pt\/?s={search_term_string}\"},\"query-input\":{\"@type\":\"PropertyValueSpecification\",\"valueRequired\":true,\"valueName\":\"search_term_string\"}}],\"inLanguage\":\"pt-PT\"},{\"@type\":\"Organization\",\"@id\":\"http:\/\/ctamega.pt\/#organization\",\"name\":\"Construtora do T\u00e2mega\",\"url\":\"http:\/\/ctamega.pt\/\",\"logo\":{\"@type\":\"ImageObject\",\"inLanguage\":\"pt-PT\",\"@id\":\"http:\/\/ctamega.pt\/#\/schema\/logo\/image\/\",\"url\":\"http:\/\/ctamega.pt\/wp-content\/uploads\/2016\/03\/Construtora-do-T\u00e2mega-Logo_Tamanho-pequeno.png\",\"contentUrl\":\"http:\/\/ctamega.pt\/wp-content\/uploads\/2016\/03\/Construtora-do-T\u00e2mega-Logo_Tamanho-pequeno.png\",\"width\":736,\"height\":297,\"caption\":\"Construtora do T\u00e2mega\"},\"image\":{\"@id\":\"http:\/\/ctamega.pt\/#\/schema\/logo\/image\/\"},\"sameAs\":[\"https:\/\/www.linkedin.com\/company\/construtora-do-tamega-s-a-?trk=company_logo\"]}]}<\/script>\n<!-- \/ Yoast SEO plugin. -->","yoast_head_json":{"title":"P\u00f3rtfolio - Angola - T\u00e2mega Engineering","robots":{"index":"index","follow":"follow","max-snippet":"max-snippet:-1","max-image-preview":"max-image-preview:large","max-video-preview":"max-video-preview:-1"},"canonical":"http:\/\/ctamega.pt\/index.php\/portfolio-angola\/","og_locale":"pt_PT","og_type":"article","og_title":"P\u00f3rtfolio - Angola - T\u00e2mega Engineering","og_description":"[vc_row type=&#8221;full-width&#8221;][vc_column][rev_slider_vc alias=&#8221;noticias&#8221;][\/vc_column][\/vc_row][vc_row top_margin=&#8221;page-margin-top-section&#8221;][vc_column][\/vc_column][\/vc_row][vc_row][vc_column][\/vc_column][\/vc_row]","og_url":"http:\/\/ctamega.pt\/index.php\/portfolio-angola\/","og_site_name":"T\u00e2mega Engineering","article_modified_time":"2017-03-03T11:57:35+00:00","twitter_card":"summary_large_image","schema":{"@context":"https:\/\/schema.org","@graph":[{"@type":"WebPage","@id":"http:\/\/ctamega.pt\/index.php\/portfolio-angola\/","url":"http:\/\/ctamega.pt\/index.php\/portfolio-angola\/","name":"P\u00f3rtfolio - Angola - T\u00e2mega Engineering","isPartOf":{"@id":"http:\/\/ctamega.pt\/#website"},"datePublished":"2016-05-06T15:23:14+00:00","dateModified":"2017-03-03T11:57:35+00:00","breadcrumb":{"@id":"http:\/\/ctamega.pt\/index.php\/portfolio-angola\/#breadcrumb"},"inLanguage":"pt-PT","potentialAction":[{"@type":"ReadAction","target":["http:\/\/ctamega.pt\/index.php\/portfolio-angola\/"]}]},{"@type":"BreadcrumbList","@id":"http:\/\/ctamega.pt\/index.php\/portfolio-angola\/#breadcrumb","itemListElement":[{"@type":"ListItem","position":1,"name":"Home","item":"https:\/\/ctamega.pt\/"},{"@type":"ListItem","position":2,"name":"P\u00f3rtfolio &#8211; Angola"}]},{"@type":"WebSite","@id":"http:\/\/ctamega.pt\/#website","url":"http:\/\/ctamega.pt\/","name":"T\u00e2mega Engineering","description":"Construction Renovation Theme","publisher":{"@id":"http:\/\/ctamega.pt\/#organization"},"potentialAction":[{"@type":"SearchAction","target":{"@type":"EntryPoint","urlTemplate":"http:\/\/ctamega.pt\/?s={search_term_string}"},"query-input":{"@type":"PropertyValueSpecification","valueRequired":true,"valueName":"search_term_string"}}],"inLanguage":"pt-PT"},{"@type":"Organization","@id":"http:\/\/ctamega.pt\/#organization","name":"Construtora do T\u00e2mega","url":"http:\/\/ctamega.pt\/","logo":{"@type":"ImageObject","inLanguage":"pt-PT","@id":"http:\/\/ctamega.pt\/#\/schema\/logo\/image\/","url":"http:\/\/ctamega.pt\/wp-content\/uploads\/2016\/03\/Construtora-do-T\u00e2mega-Logo_Tamanho-pequeno.png","contentUrl":"http:\/\/ctamega.pt\/wp-content\/uploads\/2016\/03\/Construtora-do-T\u00e2mega-Logo_Tamanho-pequeno.png","width":736,"height":297,"caption":"Construtora do T\u00e2mega"},"image":{"@id":"http:\/\/ctamega.pt\/#\/schema\/logo\/image\/"},"sameAs":["https:\/\/www.linkedin.com\/company\/construtora-do-tamega-s-a-?trk=company_logo"]}]}},"_links":{"self":[{"href":"http:\/\/ctamega.pt\/index.php\/wp-json\/wp\/v2\/pages\/1590","targetHints":{"allow":["GET"]}}],"collection":[{"href":"http:\/\/ctamega.pt\/index.php\/wp-json\/wp\/v2\/pages"}],"about":[{"href":"http:\/\/ctamega.pt\/index.php\/wp-json\/wp\/v2\/types\/page"}],"author":[{"embeddable":true,"href":"http:\/\/ctamega.pt\/index.php\/wp-json\/wp\/v2\/users\/7"}],"replies":[{"embeddable":true,"href":"http:\/\/ctamega.pt\/index.php\/wp-json\/wp\/v2\/comments?post=1590"}],"version-history":[{"count":0,"href":"http:\/\/ctamega.pt\/index.php\/wp-json\/wp\/v2\/pages\/1590\/revisions"}],"wp:attachment":[{"href":"http:\/\/ctamega.pt\/index.php\/wp-json\/wp\/v2\/media?parent=1590"}],"curies":[{"name":"wp","href":"https:\/\/api.w.org\/{rel}","templated":true}]}}