{"id":1579,"date":"2016-05-06T15:05:51","date_gmt":"2016-05-06T15:05:51","guid":{"rendered":"http:\/\/ctamega.pt\/?page_id=1579"},"modified":"2017-03-03T11:57:35","modified_gmt":"2017-03-03T11:57:35","slug":"portfolio-jordania","status":"publish","type":"page","link":"http:\/\/ctamega.pt\/index.php\/portfolio-jordania\/","title":{"rendered":"Portf\u00f3lio &#8211; Jord\u00e2nia"},"content":{"rendered":"<p>[vc_row type=&#8221;full-width&#8221;][vc_column][rev_slider_vc alias=&#8221;tamega_mundo&#8221;][\/vc_column][\/vc_row][vc_row type=&#8221;full-width&#8221; top_margin=&#8221;page-margin-top-section&#8221;][vc_column]<h2 class=\"box-header\">PORT\u00d3LIO - JORD\u00c2NIA<\/h2>[\/vc_column][\/vc_row][vc_row][vc_column]<ul class=\"projects-list clearfix page-margin-top\"><li>\n\t\t\t<a href=\"http:\/\/ctamega.pt\/index.php\/projects\/h4-iraq-border-roadcliente-reino-hashmita-da-jordaniaano-1977-1979\/\" title=\"&lt;div style=&quot;text-align:center; color:white;&quot;&gt;&lt;div style=&quot;font-size:17px; &quot;&gt;H4 \/ Iraq Border Road (Jord\u00e2nia)&lt;\/div&gt;&lt;br&gt;Cliente: Reino Hashmita da Jord\u00e2nia&lt;br&gt;Ano: 1977 &#8211; 1979&lt;\/div&gt;\">\n\t\t\t\t<img loading=\"lazy\" decoding=\"async\" width=\"480\" height=\"320\" src=\"http:\/\/ctamega.pt\/wp-content\/uploads\/2016\/02\/Aeroporto-Internacional-de-Amman-Jordania-480x320.jpg\" class=\"attachment-big-thumb size-big-thumb wp-post-image\" alt=\"&lt;div style=&quot;text-align:center; color:white;&quot;&gt;&lt;div style=&quot;font-size:17px; &quot;&gt;H4 \/ Iraq Border Road (Jord\u00e2nia)&lt;\/div&gt;&lt;br&gt;Cliente: Reino Hashmita da Jord\u00e2nia&lt;br&gt;Ano: 1977 &#8211; 1979&lt;\/div&gt;\" title=\"\" srcset=\"http:\/\/ctamega.pt\/wp-content\/uploads\/2016\/02\/Aeroporto-Internacional-de-Amman-Jordania-480x320.jpg 480w, http:\/\/ctamega.pt\/wp-content\/uploads\/2016\/02\/Aeroporto-Internacional-de-Amman-Jordania-750x500.jpg 750w, http:\/\/ctamega.pt\/wp-content\/uploads\/2016\/02\/Aeroporto-Internacional-de-Amman-Jordania-570x380.jpg 570w, http:\/\/ctamega.pt\/wp-content\/uploads\/2016\/02\/Aeroporto-Internacional-de-Amman-Jordania-390x260.jpg 390w, http:\/\/ctamega.pt\/wp-content\/uploads\/2016\/02\/Aeroporto-Internacional-de-Amman-Jordania-270x180.jpg 270w\" sizes=\"auto, (max-width: 480px) 100vw, 480px\" \/>\n\t\t\t<\/a><div class=\"view align-center\">\n\t\t\t\t\t<div class=\"vertical-align-table\">\n\t\t\t\t\t\t<div class=\"vertical-align-cell\"><p class=\"description\"><div style=\"text-align:center; color:white;\"><div style=\"font-size:17px; \">H4 \/ Iraq Border Road (Jord\u00e2nia)<\/div><br>Cliente: Reino Hashmita da Jord\u00e2nia<br>Ano: 1977 &#8211; 1979<\/div><\/div>\n\t\t\t\t\t<\/div>\n\t\t\t\t<\/div><li>\n\t\t\t<a href=\"http:\/\/ctamega.pt\/index.php\/projects\/aeroporto-internacional-de-ammancliente-airport-authority-of-jordanano-1977-1977\/\" title=\"&lt;div style=&quot;text-align:center; color:white;&quot;&gt;&lt;div style=&quot;font-size:17px; &quot;&gt;Aeroporto Internacional de Amman (Jord\u00e2nia)&lt;\/div&gt;&lt;br&gt;Cliente: Airport Authority of Jordan&lt;br&gt;Ano: 1977 &#8211; 1977&lt;\/div&gt;\">\n\t\t\t\t<img loading=\"lazy\" decoding=\"async\" width=\"480\" height=\"320\" src=\"http:\/\/ctamega.pt\/wp-content\/uploads\/1977\/02\/Amman-Airport-480x320.jpg\" class=\"attachment-big-thumb size-big-thumb wp-post-image\" alt=\"&lt;div style=&quot;text-align:center; color:white;&quot;&gt;&lt;div style=&quot;font-size:17px; &quot;&gt;Aeroporto Internacional de Amman (Jord\u00e2nia)&lt;\/div&gt;&lt;br&gt;Cliente: Airport Authority of Jordan&lt;br&gt;Ano: 1977 &#8211; 1977&lt;\/div&gt;\" title=\"\" srcset=\"http:\/\/ctamega.pt\/wp-content\/uploads\/1977\/02\/Amman-Airport-480x320.jpg 480w, http:\/\/ctamega.pt\/wp-content\/uploads\/1977\/02\/Amman-Airport-750x500.jpg 750w, http:\/\/ctamega.pt\/wp-content\/uploads\/1977\/02\/Amman-Airport-570x380.jpg 570w, http:\/\/ctamega.pt\/wp-content\/uploads\/1977\/02\/Amman-Airport-390x260.jpg 390w, http:\/\/ctamega.pt\/wp-content\/uploads\/1977\/02\/Amman-Airport-270x180.jpg 270w\" sizes=\"auto, (max-width: 480px) 100vw, 480px\" \/>\n\t\t\t<\/a><div class=\"view align-center\">\n\t\t\t\t\t<div class=\"vertical-align-table\">\n\t\t\t\t\t\t<div class=\"vertical-align-cell\"><p class=\"description\"><div style=\"text-align:center; color:white;\"><div style=\"font-size:17px; \">Aeroporto Internacional de Amman (Jord\u00e2nia)<\/div><br>Cliente: Airport Authority of Jordan<br>Ano: 1977 &#8211; 1977<\/div><\/div>\n\t\t\t\t\t<\/div>\n\t\t\t\t<\/div><\/ul>[\/vc_column][\/vc_row]<\/p>\n","protected":false},"excerpt":{"rendered":"<p>[vc_row type=&#8221;full-width&#8221;][vc_column][rev_slider_vc alias=&#8221;tamega_mundo&#8221;][\/vc_column][\/vc_row][vc_row type=&#8221;full-width&#8221; top_margin=&#8221;page-margin-top-section&#8221;][vc_column][\/vc_column][\/vc_row][vc_row][vc_column][\/vc_column][\/vc_row]<\/p>\n","protected":false},"author":7,"featured_media":0,"parent":0,"menu_order":0,"comment_status":"closed","ping_status":"closed","template":"template-default-without-breadcrumbs.php","meta":{"_exactmetrics_skip_tracking":false,"_exactmetrics_sitenote_active":false,"_exactmetrics_sitenote_note":"","_exactmetrics_sitenote_category":0,"footnotes":""},"class_list":["post-1579","page","type-page","status-publish","hentry"],"yoast_head":"<!-- This site is optimized with the Yoast SEO plugin v24.7 - https:\/\/yoast.com\/wordpress\/plugins\/seo\/ -->\n<title>Portf\u00f3lio - Jord\u00e2nia - T\u00e2mega Engineering<\/title>\n<meta name=\"robots\" content=\"index, follow, max-snippet:-1, max-image-preview:large, max-video-preview:-1\" \/>\n<link rel=\"canonical\" href=\"http:\/\/ctamega.pt\/index.php\/portfolio-jordania\/\" \/>\n<meta property=\"og:locale\" content=\"pt_PT\" \/>\n<meta property=\"og:type\" content=\"article\" \/>\n<meta property=\"og:title\" content=\"Portf\u00f3lio - Jord\u00e2nia - T\u00e2mega Engineering\" \/>\n<meta property=\"og:description\" content=\"[vc_row type=&#8221;full-width&#8221;][vc_column][rev_slider_vc alias=&#8221;tamega_mundo&#8221;][\/vc_column][\/vc_row][vc_row type=&#8221;full-width&#8221; top_margin=&#8221;page-margin-top-section&#8221;][vc_column][\/vc_column][\/vc_row][vc_row][vc_column][\/vc_column][\/vc_row]\" \/>\n<meta property=\"og:url\" content=\"http:\/\/ctamega.pt\/index.php\/portfolio-jordania\/\" \/>\n<meta property=\"og:site_name\" content=\"T\u00e2mega Engineering\" \/>\n<meta property=\"article:modified_time\" content=\"2017-03-03T11:57:35+00:00\" \/>\n<meta name=\"twitter:card\" content=\"summary_large_image\" \/>\n<script type=\"application\/ld+json\" class=\"yoast-schema-graph\">{\"@context\":\"https:\/\/schema.org\",\"@graph\":[{\"@type\":\"WebPage\",\"@id\":\"http:\/\/ctamega.pt\/index.php\/portfolio-jordania\/\",\"url\":\"http:\/\/ctamega.pt\/index.php\/portfolio-jordania\/\",\"name\":\"Portf\u00f3lio - Jord\u00e2nia - T\u00e2mega Engineering\",\"isPartOf\":{\"@id\":\"http:\/\/ctamega.pt\/#website\"},\"datePublished\":\"2016-05-06T15:05:51+00:00\",\"dateModified\":\"2017-03-03T11:57:35+00:00\",\"breadcrumb\":{\"@id\":\"http:\/\/ctamega.pt\/index.php\/portfolio-jordania\/#breadcrumb\"},\"inLanguage\":\"pt-PT\",\"potentialAction\":[{\"@type\":\"ReadAction\",\"target\":[\"http:\/\/ctamega.pt\/index.php\/portfolio-jordania\/\"]}]},{\"@type\":\"BreadcrumbList\",\"@id\":\"http:\/\/ctamega.pt\/index.php\/portfolio-jordania\/#breadcrumb\",\"itemListElement\":[{\"@type\":\"ListItem\",\"position\":1,\"name\":\"Home\",\"item\":\"https:\/\/ctamega.pt\/\"},{\"@type\":\"ListItem\",\"position\":2,\"name\":\"Portf\u00f3lio &#8211; Jord\u00e2nia\"}]},{\"@type\":\"WebSite\",\"@id\":\"http:\/\/ctamega.pt\/#website\",\"url\":\"http:\/\/ctamega.pt\/\",\"name\":\"T\u00e2mega Engineering\",\"description\":\"Construction Renovation Theme\",\"publisher\":{\"@id\":\"http:\/\/ctamega.pt\/#organization\"},\"potentialAction\":[{\"@type\":\"SearchAction\",\"target\":{\"@type\":\"EntryPoint\",\"urlTemplate\":\"http:\/\/ctamega.pt\/?s={search_term_string}\"},\"query-input\":{\"@type\":\"PropertyValueSpecification\",\"valueRequired\":true,\"valueName\":\"search_term_string\"}}],\"inLanguage\":\"pt-PT\"},{\"@type\":\"Organization\",\"@id\":\"http:\/\/ctamega.pt\/#organization\",\"name\":\"Construtora do T\u00e2mega\",\"url\":\"http:\/\/ctamega.pt\/\",\"logo\":{\"@type\":\"ImageObject\",\"inLanguage\":\"pt-PT\",\"@id\":\"http:\/\/ctamega.pt\/#\/schema\/logo\/image\/\",\"url\":\"http:\/\/ctamega.pt\/wp-content\/uploads\/2016\/03\/Construtora-do-T\u00e2mega-Logo_Tamanho-pequeno.png\",\"contentUrl\":\"http:\/\/ctamega.pt\/wp-content\/uploads\/2016\/03\/Construtora-do-T\u00e2mega-Logo_Tamanho-pequeno.png\",\"width\":736,\"height\":297,\"caption\":\"Construtora do T\u00e2mega\"},\"image\":{\"@id\":\"http:\/\/ctamega.pt\/#\/schema\/logo\/image\/\"},\"sameAs\":[\"https:\/\/www.linkedin.com\/company\/construtora-do-tamega-s-a-?trk=company_logo\"]}]}<\/script>\n<!-- \/ Yoast SEO plugin. -->","yoast_head_json":{"title":"Portf\u00f3lio - Jord\u00e2nia - T\u00e2mega Engineering","robots":{"index":"index","follow":"follow","max-snippet":"max-snippet:-1","max-image-preview":"max-image-preview:large","max-video-preview":"max-video-preview:-1"},"canonical":"http:\/\/ctamega.pt\/index.php\/portfolio-jordania\/","og_locale":"pt_PT","og_type":"article","og_title":"Portf\u00f3lio - Jord\u00e2nia - T\u00e2mega Engineering","og_description":"[vc_row type=&#8221;full-width&#8221;][vc_column][rev_slider_vc alias=&#8221;tamega_mundo&#8221;][\/vc_column][\/vc_row][vc_row type=&#8221;full-width&#8221; top_margin=&#8221;page-margin-top-section&#8221;][vc_column][\/vc_column][\/vc_row][vc_row][vc_column][\/vc_column][\/vc_row]","og_url":"http:\/\/ctamega.pt\/index.php\/portfolio-jordania\/","og_site_name":"T\u00e2mega Engineering","article_modified_time":"2017-03-03T11:57:35+00:00","twitter_card":"summary_large_image","schema":{"@context":"https:\/\/schema.org","@graph":[{"@type":"WebPage","@id":"http:\/\/ctamega.pt\/index.php\/portfolio-jordania\/","url":"http:\/\/ctamega.pt\/index.php\/portfolio-jordania\/","name":"Portf\u00f3lio - Jord\u00e2nia - T\u00e2mega Engineering","isPartOf":{"@id":"http:\/\/ctamega.pt\/#website"},"datePublished":"2016-05-06T15:05:51+00:00","dateModified":"2017-03-03T11:57:35+00:00","breadcrumb":{"@id":"http:\/\/ctamega.pt\/index.php\/portfolio-jordania\/#breadcrumb"},"inLanguage":"pt-PT","potentialAction":[{"@type":"ReadAction","target":["http:\/\/ctamega.pt\/index.php\/portfolio-jordania\/"]}]},{"@type":"BreadcrumbList","@id":"http:\/\/ctamega.pt\/index.php\/portfolio-jordania\/#breadcrumb","itemListElement":[{"@type":"ListItem","position":1,"name":"Home","item":"https:\/\/ctamega.pt\/"},{"@type":"ListItem","position":2,"name":"Portf\u00f3lio &#8211; Jord\u00e2nia"}]},{"@type":"WebSite","@id":"http:\/\/ctamega.pt\/#website","url":"http:\/\/ctamega.pt\/","name":"T\u00e2mega Engineering","description":"Construction Renovation Theme","publisher":{"@id":"http:\/\/ctamega.pt\/#organization"},"potentialAction":[{"@type":"SearchAction","target":{"@type":"EntryPoint","urlTemplate":"http:\/\/ctamega.pt\/?s={search_term_string}"},"query-input":{"@type":"PropertyValueSpecification","valueRequired":true,"valueName":"search_term_string"}}],"inLanguage":"pt-PT"},{"@type":"Organization","@id":"http:\/\/ctamega.pt\/#organization","name":"Construtora do T\u00e2mega","url":"http:\/\/ctamega.pt\/","logo":{"@type":"ImageObject","inLanguage":"pt-PT","@id":"http:\/\/ctamega.pt\/#\/schema\/logo\/image\/","url":"http:\/\/ctamega.pt\/wp-content\/uploads\/2016\/03\/Construtora-do-T\u00e2mega-Logo_Tamanho-pequeno.png","contentUrl":"http:\/\/ctamega.pt\/wp-content\/uploads\/2016\/03\/Construtora-do-T\u00e2mega-Logo_Tamanho-pequeno.png","width":736,"height":297,"caption":"Construtora do T\u00e2mega"},"image":{"@id":"http:\/\/ctamega.pt\/#\/schema\/logo\/image\/"},"sameAs":["https:\/\/www.linkedin.com\/company\/construtora-do-tamega-s-a-?trk=company_logo"]}]}},"_links":{"self":[{"href":"http:\/\/ctamega.pt\/index.php\/wp-json\/wp\/v2\/pages\/1579","targetHints":{"allow":["GET"]}}],"collection":[{"href":"http:\/\/ctamega.pt\/index.php\/wp-json\/wp\/v2\/pages"}],"about":[{"href":"http:\/\/ctamega.pt\/index.php\/wp-json\/wp\/v2\/types\/page"}],"author":[{"embeddable":true,"href":"http:\/\/ctamega.pt\/index.php\/wp-json\/wp\/v2\/users\/7"}],"replies":[{"embeddable":true,"href":"http:\/\/ctamega.pt\/index.php\/wp-json\/wp\/v2\/comments?post=1579"}],"version-history":[{"count":0,"href":"http:\/\/ctamega.pt\/index.php\/wp-json\/wp\/v2\/pages\/1579\/revisions"}],"wp:attachment":[{"href":"http:\/\/ctamega.pt\/index.php\/wp-json\/wp\/v2\/media?parent=1579"}],"curies":[{"name":"wp","href":"https:\/\/api.w.org\/{rel}","templated":true}]}}