{"id":1542,"date":"2016-05-04T16:39:42","date_gmt":"2016-05-04T16:39:42","guid":{"rendered":"http:\/\/ctamega.pt\/?page_id=1542"},"modified":"2021-05-18T15:03:00","modified_gmt":"2021-05-18T14:03:00","slug":"testepagina","status":"publish","type":"page","link":"http:\/\/ctamega.pt\/index.php\/testepagina\/","title":{"rendered":"testepagina"},"content":{"rendered":"<p>[vc_row type=&#8221;full-width&#8221;][vc_column][rev_slider_vc alias=&#8221;tamega_mundo&#8221;][\/vc_column][\/vc_row][vc_row top_margin=&#8221;page-margin-top-section&#8221;][vc_column]<h2 class=\"box-header\">T\u00c2MEGA NO MUNDO<\/h2>[\/vc_column][\/vc_row][vc_row][vc_column][vc_column_text]Com uma forte presen\u00e7a internacional, a <strong><a href=\"http:\/\/ctamega.pt\/\" target=\"_blank\" rel=\"noopener\">\u00a0T\u00e2mega Engineering <\/a><\/strong>, j\u00e1 concretizou projetos em v\u00e1rias partes do mundo, promovendo o desenvolvendo econ\u00f3mico e social das regi\u00f5es onde atuou.\u00a0 A sua enorme experi\u00eancia alcan\u00e7ada em Portugal e em Espanha tem sido a plataforma para sua expans\u00e3o internacional desde 1950, principalmente para o continente Africano, que destacam pa\u00edses como Angola, Mo\u00e7ambique, Cabo Verde, Costa do Marfim, Senegal, Congo\u00a0Brazzaville, Nig\u00e9ria, Gana, \u00c1frica do Sul e Maurit\u00e2nia, e pa\u00edses do M\u00e9dio Oriente, tais como Ar\u00e1bia Saudita e Jord\u00e2nia.<\/p>\n<p>Clique no pa\u00eds para ver os projetos concretizados pela Construtora do T\u00e2mega.<\/p>\n<p>[\/vc_column_text][\/vc_column][\/vc_row][vc_row][vc_column][vc_column_text]<\/p>\n<table class=\"wp-list-table widefat fixed striped maps\">\n<tbody id=\"the-list\" data-wp-lists=\"list:map\">\n<tr>\n<td class=\"shortcode column-shortcode\" data-colname=\"Shortcode\"><div id=\"mapplic1\"><\/div><\/td>\n<\/tr>\n<\/tbody>\n<\/table>\n<p>[\/vc_column_text][\/vc_column][\/vc_row]<\/p>\n","protected":false},"excerpt":{"rendered":"<p>[vc_row type=&#8221;full-width&#8221;][vc_column][rev_slider_vc alias=&#8221;tamega_mundo&#8221;][\/vc_column][\/vc_row][vc_row top_margin=&#8221;page-margin-top-section&#8221;][vc_column][\/vc_column][\/vc_row][vc_row][vc_column][vc_column_text]Com uma forte presen\u00e7a internacional, a \u00a0T\u00e2mega Engineering , j\u00e1 concretizou projetos em v\u00e1rias partes do mundo, promovendo o desenvolvendo econ\u00f3mico e social das regi\u00f5es onde atuou.\u00a0 A sua enorme experi\u00eancia alcan\u00e7ada em Portugal e em Espanha tem sido a plataforma para sua expans\u00e3o internacional desde 1950, principalmente para o continente Africano,<\/p>\n","protected":false},"author":7,"featured_media":0,"parent":0,"menu_order":0,"comment_status":"closed","ping_status":"closed","template":"template-default-without-breadcrumbs.php","meta":{"_exactmetrics_skip_tracking":false,"_exactmetrics_sitenote_active":false,"_exactmetrics_sitenote_note":"","_exactmetrics_sitenote_category":0,"footnotes":""},"class_list":["post-1542","page","type-page","status-publish","hentry"],"yoast_head":"<!-- This site is optimized with the Yoast SEO plugin v24.7 - https:\/\/yoast.com\/wordpress\/plugins\/seo\/ -->\n<title>testepagina - T\u00e2mega Engineering<\/title>\n<meta name=\"robots\" content=\"index, follow, max-snippet:-1, max-image-preview:large, max-video-preview:-1\" \/>\n<link rel=\"canonical\" href=\"http:\/\/ctamega.pt\/index.php\/testepagina\/\" \/>\n<meta property=\"og:locale\" content=\"pt_PT\" \/>\n<meta property=\"og:type\" content=\"article\" \/>\n<meta property=\"og:title\" content=\"testepagina - T\u00e2mega Engineering\" \/>\n<meta property=\"og:description\" content=\"[vc_row type=&#8221;full-width&#8221;][vc_column][rev_slider_vc alias=&#8221;tamega_mundo&#8221;][\/vc_column][\/vc_row][vc_row top_margin=&#8221;page-margin-top-section&#8221;][vc_column][\/vc_column][\/vc_row][vc_row][vc_column][vc_column_text]Com uma forte presen\u00e7a internacional, a \u00a0T\u00e2mega Engineering , j\u00e1 concretizou projetos em v\u00e1rias partes do mundo, promovendo o desenvolvendo econ\u00f3mico e social das regi\u00f5es onde atuou.\u00a0 A sua enorme experi\u00eancia alcan\u00e7ada em Portugal e em Espanha tem sido a plataforma para sua expans\u00e3o internacional desde 1950, principalmente para o continente Africano,\" \/>\n<meta property=\"og:url\" content=\"http:\/\/ctamega.pt\/index.php\/testepagina\/\" \/>\n<meta property=\"og:site_name\" content=\"T\u00e2mega Engineering\" \/>\n<meta property=\"article:modified_time\" content=\"2021-05-18T14:03:00+00:00\" \/>\n<meta name=\"twitter:card\" content=\"summary_large_image\" \/>\n<meta name=\"twitter:label1\" content=\"Tempo estimado de leitura\" \/>\n\t<meta name=\"twitter:data1\" content=\"1 minuto\" \/>\n<script type=\"application\/ld+json\" class=\"yoast-schema-graph\">{\"@context\":\"https:\/\/schema.org\",\"@graph\":[{\"@type\":\"WebPage\",\"@id\":\"http:\/\/ctamega.pt\/index.php\/testepagina\/\",\"url\":\"http:\/\/ctamega.pt\/index.php\/testepagina\/\",\"name\":\"testepagina - T\u00e2mega Engineering\",\"isPartOf\":{\"@id\":\"http:\/\/ctamega.pt\/#website\"},\"datePublished\":\"2016-05-04T16:39:42+00:00\",\"dateModified\":\"2021-05-18T14:03:00+00:00\",\"breadcrumb\":{\"@id\":\"http:\/\/ctamega.pt\/index.php\/testepagina\/#breadcrumb\"},\"inLanguage\":\"pt-PT\",\"potentialAction\":[{\"@type\":\"ReadAction\",\"target\":[\"http:\/\/ctamega.pt\/index.php\/testepagina\/\"]}]},{\"@type\":\"BreadcrumbList\",\"@id\":\"http:\/\/ctamega.pt\/index.php\/testepagina\/#breadcrumb\",\"itemListElement\":[{\"@type\":\"ListItem\",\"position\":1,\"name\":\"Home\",\"item\":\"http:\/\/ctamega.pt\/\"},{\"@type\":\"ListItem\",\"position\":2,\"name\":\"testepagina\"}]},{\"@type\":\"WebSite\",\"@id\":\"http:\/\/ctamega.pt\/#website\",\"url\":\"http:\/\/ctamega.pt\/\",\"name\":\"T\u00e2mega Engineering\",\"description\":\"Construction Renovation Theme\",\"publisher\":{\"@id\":\"http:\/\/ctamega.pt\/#organization\"},\"potentialAction\":[{\"@type\":\"SearchAction\",\"target\":{\"@type\":\"EntryPoint\",\"urlTemplate\":\"http:\/\/ctamega.pt\/?s={search_term_string}\"},\"query-input\":{\"@type\":\"PropertyValueSpecification\",\"valueRequired\":true,\"valueName\":\"search_term_string\"}}],\"inLanguage\":\"pt-PT\"},{\"@type\":\"Organization\",\"@id\":\"http:\/\/ctamega.pt\/#organization\",\"name\":\"Construtora do T\u00e2mega\",\"url\":\"http:\/\/ctamega.pt\/\",\"logo\":{\"@type\":\"ImageObject\",\"inLanguage\":\"pt-PT\",\"@id\":\"http:\/\/ctamega.pt\/#\/schema\/logo\/image\/\",\"url\":\"http:\/\/ctamega.pt\/wp-content\/uploads\/2016\/03\/Construtora-do-T\u00e2mega-Logo_Tamanho-pequeno.png\",\"contentUrl\":\"http:\/\/ctamega.pt\/wp-content\/uploads\/2016\/03\/Construtora-do-T\u00e2mega-Logo_Tamanho-pequeno.png\",\"width\":736,\"height\":297,\"caption\":\"Construtora do T\u00e2mega\"},\"image\":{\"@id\":\"http:\/\/ctamega.pt\/#\/schema\/logo\/image\/\"},\"sameAs\":[\"https:\/\/www.linkedin.com\/company\/construtora-do-tamega-s-a-?trk=company_logo\"]}]}<\/script>\n<!-- \/ Yoast SEO plugin. -->","yoast_head_json":{"title":"testepagina - T\u00e2mega Engineering","robots":{"index":"index","follow":"follow","max-snippet":"max-snippet:-1","max-image-preview":"max-image-preview:large","max-video-preview":"max-video-preview:-1"},"canonical":"http:\/\/ctamega.pt\/index.php\/testepagina\/","og_locale":"pt_PT","og_type":"article","og_title":"testepagina - T\u00e2mega Engineering","og_description":"[vc_row type=&#8221;full-width&#8221;][vc_column][rev_slider_vc alias=&#8221;tamega_mundo&#8221;][\/vc_column][\/vc_row][vc_row top_margin=&#8221;page-margin-top-section&#8221;][vc_column][\/vc_column][\/vc_row][vc_row][vc_column][vc_column_text]Com uma forte presen\u00e7a internacional, a \u00a0T\u00e2mega Engineering , j\u00e1 concretizou projetos em v\u00e1rias partes do mundo, promovendo o desenvolvendo econ\u00f3mico e social das regi\u00f5es onde atuou.\u00a0 A sua enorme experi\u00eancia alcan\u00e7ada em Portugal e em Espanha tem sido a plataforma para sua expans\u00e3o internacional desde 1950, principalmente para o continente Africano,","og_url":"http:\/\/ctamega.pt\/index.php\/testepagina\/","og_site_name":"T\u00e2mega Engineering","article_modified_time":"2021-05-18T14:03:00+00:00","twitter_card":"summary_large_image","twitter_misc":{"Tempo estimado de leitura":"1 minuto"},"schema":{"@context":"https:\/\/schema.org","@graph":[{"@type":"WebPage","@id":"http:\/\/ctamega.pt\/index.php\/testepagina\/","url":"http:\/\/ctamega.pt\/index.php\/testepagina\/","name":"testepagina - T\u00e2mega Engineering","isPartOf":{"@id":"http:\/\/ctamega.pt\/#website"},"datePublished":"2016-05-04T16:39:42+00:00","dateModified":"2021-05-18T14:03:00+00:00","breadcrumb":{"@id":"http:\/\/ctamega.pt\/index.php\/testepagina\/#breadcrumb"},"inLanguage":"pt-PT","potentialAction":[{"@type":"ReadAction","target":["http:\/\/ctamega.pt\/index.php\/testepagina\/"]}]},{"@type":"BreadcrumbList","@id":"http:\/\/ctamega.pt\/index.php\/testepagina\/#breadcrumb","itemListElement":[{"@type":"ListItem","position":1,"name":"Home","item":"http:\/\/ctamega.pt\/"},{"@type":"ListItem","position":2,"name":"testepagina"}]},{"@type":"WebSite","@id":"http:\/\/ctamega.pt\/#website","url":"http:\/\/ctamega.pt\/","name":"T\u00e2mega Engineering","description":"Construction Renovation Theme","publisher":{"@id":"http:\/\/ctamega.pt\/#organization"},"potentialAction":[{"@type":"SearchAction","target":{"@type":"EntryPoint","urlTemplate":"http:\/\/ctamega.pt\/?s={search_term_string}"},"query-input":{"@type":"PropertyValueSpecification","valueRequired":true,"valueName":"search_term_string"}}],"inLanguage":"pt-PT"},{"@type":"Organization","@id":"http:\/\/ctamega.pt\/#organization","name":"Construtora do T\u00e2mega","url":"http:\/\/ctamega.pt\/","logo":{"@type":"ImageObject","inLanguage":"pt-PT","@id":"http:\/\/ctamega.pt\/#\/schema\/logo\/image\/","url":"http:\/\/ctamega.pt\/wp-content\/uploads\/2016\/03\/Construtora-do-T\u00e2mega-Logo_Tamanho-pequeno.png","contentUrl":"http:\/\/ctamega.pt\/wp-content\/uploads\/2016\/03\/Construtora-do-T\u00e2mega-Logo_Tamanho-pequeno.png","width":736,"height":297,"caption":"Construtora do T\u00e2mega"},"image":{"@id":"http:\/\/ctamega.pt\/#\/schema\/logo\/image\/"},"sameAs":["https:\/\/www.linkedin.com\/company\/construtora-do-tamega-s-a-?trk=company_logo"]}]}},"_links":{"self":[{"href":"http:\/\/ctamega.pt\/index.php\/wp-json\/wp\/v2\/pages\/1542","targetHints":{"allow":["GET"]}}],"collection":[{"href":"http:\/\/ctamega.pt\/index.php\/wp-json\/wp\/v2\/pages"}],"about":[{"href":"http:\/\/ctamega.pt\/index.php\/wp-json\/wp\/v2\/types\/page"}],"author":[{"embeddable":true,"href":"http:\/\/ctamega.pt\/index.php\/wp-json\/wp\/v2\/users\/7"}],"replies":[{"embeddable":true,"href":"http:\/\/ctamega.pt\/index.php\/wp-json\/wp\/v2\/comments?post=1542"}],"version-history":[{"count":1,"href":"http:\/\/ctamega.pt\/index.php\/wp-json\/wp\/v2\/pages\/1542\/revisions"}],"predecessor-version":[{"id":2230,"href":"http:\/\/ctamega.pt\/index.php\/wp-json\/wp\/v2\/pages\/1542\/revisions\/2230"}],"wp:attachment":[{"href":"http:\/\/ctamega.pt\/index.php\/wp-json\/wp\/v2\/media?parent=1542"}],"curies":[{"name":"wp","href":"https:\/\/api.w.org\/{rel}","templated":true}]}}