{"id":137,"date":"2015-05-20T11:09:20","date_gmt":"2015-05-20T11:09:20","guid":{"rendered":"http:\/\/localhost\/wordpress\/renovate\/?page_id=137"},"modified":"2021-05-18T15:54:44","modified_gmt":"2021-05-18T14:54:44","slug":"areas-de-negocio","status":"publish","type":"page","link":"http:\/\/ctamega.pt\/index.php\/areas-de-negocio\/","title":{"rendered":"\u00c1REAS DE NEG\u00d3CIO"},"content":{"rendered":"<p>[vc_row type=&#8221;full-width&#8221;][vc_column][rev_slider_vc alias=&#8221;areas_negocio&#8221;][\/vc_column][\/vc_row][vc_row top_margin=&#8221;page-margin-top-section&#8221;][vc_column]<h2 class=\"box-header\">\u00c1REAS DE NEG\u00d3CIO<\/h2>[vc_column_text el_class=&#8221;description align-center&#8221;]A <strong>T\u00e2mega Engineering<\/strong> \u00e9 um&nbsp;parceiro&nbsp;privilegiado para conceber, construir e operar em todas as \u00e1reas de atividade, desde as infraestruturas,&nbsp;transportes, obras mar\u00edtimas e hidr\u00e1ulicas, constru\u00e7\u00e3o civil e industrial, barragens, centrais de energia e ambiente.[\/vc_column_text][\/vc_column][\/vc_row][vc_row][vc_column width=&#8221;1\/3&#8243;][vc_single_image image=&#8221;754&#8243; alignment=&#8221;center&#8221; onclick=&#8221;custom_link&#8221; css=&#8221;.vc_custom_1461411421271{margin-top: 30px !important;}&#8221; link=&#8221;http:\/\/ctamega.pt\/index.php\/portfolio\/#filter-pontes-e-viadutos&#8221;][vc_column_text css=&#8221;.vc_custom_1454520604069{margin-top: 30px !important;}&#8221;]<\/p>\n<h4 style=\"text-align: center;\">Pontes e Viadutos<\/h4>\n<p>[\/vc_column_text][vc_single_image image=&#8221;753&#8243; alignment=&#8221;center&#8221; onclick=&#8221;custom_link&#8221; css=&#8221;.vc_custom_1461411396843{margin-top: 30px !important;}&#8221; link=&#8221;http:\/\/ctamega.pt\/index.php\/portfolio\/#filter-autoestradas-estradas-e-ruas&#8221;][vc_column_text css=&#8221;.vc_custom_1463758656237{margin-top: 30px !important;}&#8221;]<\/p>\n<h4 style=\"text-align: center;\">Autoestradas, Estradas e Arruamentos Urbanos<\/h4>\n<p>[\/vc_column_text][vc_single_image image=&#8221;793&#8243; alignment=&#8221;center&#8221; onclick=&#8221;custom_link&#8221; css=&#8221;.vc_custom_1461411407484{margin-top: 30px !important;}&#8221; link=&#8221;http:\/\/ctamega.pt\/index.php\/portfolio\/#filter-tuneis&#8221;][vc_column_text css=&#8221;.vc_custom_1454695629930{margin-top: 30px !important;}&#8221;]<\/p>\n<h4 style=\"text-align: center;\">T\u00faneis<\/h4>\n<p>[\/vc_column_text][\/vc_column][vc_column width=&#8221;1\/3&#8243;][vc_single_image image=&#8221;756&#8243; alignment=&#8221;center&#8221; onclick=&#8221;custom_link&#8221; css=&#8221;.vc_custom_1461411384846{margin-top: 30px !important;}&#8221; link=&#8221;http:\/\/ctamega.pt\/index.php\/portfolio\/#filter-construcao-civil-e-industrial&#8221;][vc_column_text css=&#8221;.vc_custom_1454523068295{margin-top: 30px !important;}&#8221;]<\/p>\n<h4 style=\"text-align: center;\">Constru\u00e7\u00e3o Civil e Industrial<\/h4>\n<p>[\/vc_column_text][vc_single_image image=&#8221;757&#8243; alignment=&#8221;center&#8221; onclick=&#8221;custom_link&#8221; css=&#8221;.vc_custom_1461411433122{margin-top: 30px !important;}&#8221; link=&#8221;http:\/\/ctamega.pt\/index.php\/portfolio\/#filter-hidroeletricas-e-barragens&#8221;][vc_column_text css=&#8221;.vc_custom_1454523101714{margin-top: 30px !important;}&#8221;]<\/p>\n<h4 style=\"text-align: center;\">Hidroel\u00e9tricas e Barragens<\/h4>\n<p>[\/vc_column_text][\/vc_column][vc_column width=&#8221;1\/3&#8243;][vc_single_image image=&#8221;755&#8243; alignment=&#8221;center&#8221; onclick=&#8221;custom_link&#8221; css=&#8221;.vc_custom_1461411446822{margin-top: 30px !important;}&#8221; link=&#8221;http:\/\/ctamega.pt\/index.php\/portfolio\/#filter-ferrovias-e-metros&#8221;][vc_column_text css=&#8221;.vc_custom_1454520610205{margin-top: 30px !important;}&#8221;]<\/p>\n<h4 style=\"text-align: center;\">Ferrovias e Metros<\/h4>\n<p>[\/vc_column_text][vc_single_image image=&#8221;759&#8243; alignment=&#8221;center&#8221; onclick=&#8221;custom_link&#8221; css=&#8221;.vc_custom_1461411459439{margin-top: 30px !important;}&#8221; link=&#8221;http:\/\/ctamega.pt\/index.php\/portfolio\/#filter-aeroportos-aerodromos-e-bases-aereas&#8221;][vc_column_text css=&#8221;.vc_custom_1454523240402{margin-top: 30px !important;margin-bottom: 20px !important;}&#8221;]<\/p>\n<h4 style=\"text-align: center;\">Aeroportos, A\u00e9rodromos e Bases A\u00e9reas<\/h4>\n<p>[\/vc_column_text][\/vc_column][\/vc_row][vc_row][vc_column]<h2 class=\"box-header\">OUTRAS \u00c1REAS DE NEG\u00d3CIO<\/h2>[\/vc_column][\/vc_row][vc_row][vc_column width=&#8221;1\/3&#8243;][vc_single_image image=&#8221;799&#8243; alignment=&#8221;center&#8221; onclick=&#8221;custom_link&#8221; css=&#8221;.vc_custom_1461411476212{margin-top: 30px !important;}&#8221; link=&#8221;http:\/\/ctamega.pt\/index.php\/portfolio\/#filter-teleferico&#8221;][vc_column_text css=&#8221;.vc_custom_1454695923974{margin-top: 30px !important;}&#8221;]<\/p>\n<h4 style=\"text-align: center;\">Telef\u00e9ricos<\/h4>\n<p>[\/vc_column_text][vc_single_image image=&#8221;798&#8243; alignment=&#8221;center&#8221; onclick=&#8221;custom_link&#8221; css=&#8221;.vc_custom_1461411490311{margin-top: 30px !important;}&#8221; link=&#8221;http:\/\/ctamega.pt\/index.php\/portfolio\/#filter-reabilitacaoreparacaomanutencao&#8221;][vc_column_text css=&#8221;.vc_custom_1457574644732{margin-top: 30px !important;}&#8221;]<\/p>\n<h4 style=\"text-align: center;\">Recupera\u00e7\u00e3o e Repara\u00e7\u00e3o de Estruturas<\/h4>\n<p>[\/vc_column_text][\/vc_column][vc_column width=&#8221;1\/3&#8243;][vc_single_image image=&#8221;796&#8243; alignment=&#8221;center&#8221; onclick=&#8221;custom_link&#8221; css=&#8221;.vc_custom_1461411520978{margin-top: 30px !important;}&#8221; link=&#8221;http:\/\/ctamega.pt\/index.php\/portfolio\/#filter-obras-maritimas&#8221;][vc_column_text css=&#8221;.vc_custom_1457574454369{margin-top: 30px !important;}&#8221;]<\/p>\n<h4 style=\"text-align: center;\">Obras Mar\u00edtimas<\/h4>\n<p>[\/vc_column_text][vc_single_image image=&#8221;795&#8243; alignment=&#8221;center&#8221; onclick=&#8221;custom_link&#8221; css=&#8221;.vc_custom_1461411532033{margin-top: 30px !important;}&#8221; link=&#8221;http:\/\/ctamega.pt\/index.php\/portfolio\/#filter-saneamentoabastecimento&#8221;][vc_column_text css=&#8221;.vc_custom_1457574477952{margin-top: 30px !important;}&#8221;]<\/p>\n<h4 style=\"text-align: center;\">Saneamento e Abastecimento<\/h4>\n<p>[\/vc_column_text][\/vc_column][vc_column width=&#8221;1\/3&#8243;][vc_single_image image=&#8221;797&#8243; alignment=&#8221;center&#8221; onclick=&#8221;custom_link&#8221; css=&#8221;.vc_custom_1461411542054{margin-top: 30px !important;}&#8221; link=&#8221;http:\/\/ctamega.pt\/index.php\/portfolio\/#filter-redegas&#8221;][vc_column_text css=&#8221;.vc_custom_1457574448010{margin-top: 30px !important;}&#8221;]<\/p>\n<h4 style=\"text-align: center;\">Redes de G\u00e1s<\/h4>\n<p>[\/vc_column_text][vc_single_image image=&#8221;1355&#8243; alignment=&#8221;center&#8221; onclick=&#8221;custom_link&#8221; css=&#8221;.vc_custom_1461411510108{margin-top: 30px !important;}&#8221; link=&#8221;http:\/\/ctamega.pt\/index.php\/portfolio\/#filter-processamentoresduossolidos&#8221;][vc_column_text css=&#8221;.vc_custom_1457574562416{margin-top: 30px !important;}&#8221;]<\/p>\n<h4 style=\"text-align: center;\">Processamento de Res\u00edduos S\u00f3lidos<\/h4>\n<p>[\/vc_column_text][\/vc_column][\/vc_row]<\/p>\n","protected":false},"excerpt":{"rendered":"<p>[vc_row type=&#8221;full-width&#8221;][vc_column][rev_slider_vc alias=&#8221;areas_negocio&#8221;][\/vc_column][\/vc_row][vc_row top_margin=&#8221;page-margin-top-section&#8221;][vc_column][vc_column_text el_class=&#8221;description align-center&#8221;]A T\u00e2mega Engineering \u00e9 um&nbsp;parceiro&nbsp;privilegiado para conceber, construir e operar em todas as \u00e1reas de atividade, desde as infraestruturas,&nbsp;transportes, obras mar\u00edtimas e hidr\u00e1ulicas, constru\u00e7\u00e3o civil e industrial, barragens, centrais de energia e ambiente.[\/vc_column_text][\/vc_column][\/vc_row][vc_row][vc_column width=&#8221;1\/3&#8243;][vc_single_image image=&#8221;754&#8243; alignment=&#8221;center&#8221; onclick=&#8221;custom_link&#8221; css=&#8221;.vc_custom_1461411421271{margin-top: 30px !important;}&#8221; link=&#8221;http:\/\/ctamega.pt\/index.php\/portfolio\/#filter-pontes-e-viadutos&#8221;][vc_column_text css=&#8221;.vc_custom_1454520604069{margin-top: 30px !important;}&#8221;] Pontes e Viadutos [\/vc_column_text][vc_single_image image=&#8221;753&#8243; alignment=&#8221;center&#8221;<\/p>\n","protected":false},"author":7,"featured_media":0,"parent":0,"menu_order":0,"comment_status":"closed","ping_status":"open","template":"template-default-without-breadcrumbs.php","meta":{"_exactmetrics_skip_tracking":false,"_exactmetrics_sitenote_active":false,"_exactmetrics_sitenote_note":"","_exactmetrics_sitenote_category":0,"footnotes":""},"class_list":["post-137","page","type-page","status-publish","hentry"],"yoast_head":"<!-- This site is optimized with the Yoast SEO plugin v24.7 - https:\/\/yoast.com\/wordpress\/plugins\/seo\/ -->\n<title>\u00c1REAS DE NEG\u00d3CIO - T\u00e2mega Engineering<\/title>\n<meta name=\"description\" content=\"A T\u00e2mega Engineering \u00e9 o parceiro ideal para conceber, construir e operar em todas as \u00e1reas de neg\u00f3cios onde exerce atividade.\" \/>\n<meta name=\"robots\" content=\"index, follow, max-snippet:-1, max-image-preview:large, max-video-preview:-1\" \/>\n<link rel=\"canonical\" href=\"https:\/\/ctamega.pt\/index.php\/areas-de-negocio\/\" \/>\n<meta property=\"og:locale\" content=\"pt_PT\" \/>\n<meta property=\"og:type\" content=\"article\" \/>\n<meta property=\"og:title\" content=\"\u00c1REAS DE NEG\u00d3CIO - T\u00e2mega Engineering\" \/>\n<meta property=\"og:description\" content=\"A T\u00e2mega Engineering \u00e9 o parceiro ideal para conceber, construir e operar em todas as \u00e1reas de neg\u00f3cios onde exerce atividade.\" \/>\n<meta property=\"og:url\" content=\"https:\/\/ctamega.pt\/index.php\/areas-de-negocio\/\" \/>\n<meta property=\"og:site_name\" content=\"T\u00e2mega Engineering\" \/>\n<meta property=\"article:modified_time\" content=\"2021-05-18T14:54:44+00:00\" \/>\n<meta name=\"twitter:card\" content=\"summary_large_image\" \/>\n<meta name=\"twitter:label1\" content=\"Tempo estimado de leitura\" \/>\n\t<meta name=\"twitter:data1\" content=\"2 minutos\" \/>\n<script type=\"application\/ld+json\" class=\"yoast-schema-graph\">{\"@context\":\"https:\/\/schema.org\",\"@graph\":[{\"@type\":\"WebPage\",\"@id\":\"https:\/\/ctamega.pt\/index.php\/areas-de-negocio\/\",\"url\":\"https:\/\/ctamega.pt\/index.php\/areas-de-negocio\/\",\"name\":\"\u00c1REAS DE NEG\u00d3CIO - T\u00e2mega Engineering\",\"isPartOf\":{\"@id\":\"http:\/\/ctamega.pt\/#website\"},\"datePublished\":\"2015-05-20T11:09:20+00:00\",\"dateModified\":\"2021-05-18T14:54:44+00:00\",\"description\":\"A T\u00e2mega Engineering \u00e9 o parceiro ideal para conceber, construir e operar em todas as \u00e1reas de neg\u00f3cios onde exerce atividade.\",\"breadcrumb\":{\"@id\":\"https:\/\/ctamega.pt\/index.php\/areas-de-negocio\/#breadcrumb\"},\"inLanguage\":\"pt-PT\",\"potentialAction\":[{\"@type\":\"ReadAction\",\"target\":[\"https:\/\/ctamega.pt\/index.php\/areas-de-negocio\/\"]}]},{\"@type\":\"BreadcrumbList\",\"@id\":\"https:\/\/ctamega.pt\/index.php\/areas-de-negocio\/#breadcrumb\",\"itemListElement\":[{\"@type\":\"ListItem\",\"position\":1,\"name\":\"Home\",\"item\":\"https:\/\/ctamega.pt\/\"},{\"@type\":\"ListItem\",\"position\":2,\"name\":\"\u00c1REAS DE NEG\u00d3CIO\"}]},{\"@type\":\"WebSite\",\"@id\":\"http:\/\/ctamega.pt\/#website\",\"url\":\"http:\/\/ctamega.pt\/\",\"name\":\"T\u00e2mega Engineering\",\"description\":\"Construction Renovation Theme\",\"publisher\":{\"@id\":\"http:\/\/ctamega.pt\/#organization\"},\"potentialAction\":[{\"@type\":\"SearchAction\",\"target\":{\"@type\":\"EntryPoint\",\"urlTemplate\":\"http:\/\/ctamega.pt\/?s={search_term_string}\"},\"query-input\":{\"@type\":\"PropertyValueSpecification\",\"valueRequired\":true,\"valueName\":\"search_term_string\"}}],\"inLanguage\":\"pt-PT\"},{\"@type\":\"Organization\",\"@id\":\"http:\/\/ctamega.pt\/#organization\",\"name\":\"Construtora do T\u00e2mega\",\"url\":\"http:\/\/ctamega.pt\/\",\"logo\":{\"@type\":\"ImageObject\",\"inLanguage\":\"pt-PT\",\"@id\":\"http:\/\/ctamega.pt\/#\/schema\/logo\/image\/\",\"url\":\"http:\/\/ctamega.pt\/wp-content\/uploads\/2016\/03\/Construtora-do-T\u00e2mega-Logo_Tamanho-pequeno.png\",\"contentUrl\":\"http:\/\/ctamega.pt\/wp-content\/uploads\/2016\/03\/Construtora-do-T\u00e2mega-Logo_Tamanho-pequeno.png\",\"width\":736,\"height\":297,\"caption\":\"Construtora do T\u00e2mega\"},\"image\":{\"@id\":\"http:\/\/ctamega.pt\/#\/schema\/logo\/image\/\"},\"sameAs\":[\"https:\/\/www.linkedin.com\/company\/construtora-do-tamega-s-a-?trk=company_logo\"]}]}<\/script>\n<!-- \/ Yoast SEO plugin. -->","yoast_head_json":{"title":"\u00c1REAS DE NEG\u00d3CIO - T\u00e2mega Engineering","description":"A T\u00e2mega Engineering \u00e9 o parceiro ideal para conceber, construir e operar em todas as \u00e1reas de neg\u00f3cios onde exerce atividade.","robots":{"index":"index","follow":"follow","max-snippet":"max-snippet:-1","max-image-preview":"max-image-preview:large","max-video-preview":"max-video-preview:-1"},"canonical":"https:\/\/ctamega.pt\/index.php\/areas-de-negocio\/","og_locale":"pt_PT","og_type":"article","og_title":"\u00c1REAS DE NEG\u00d3CIO - T\u00e2mega Engineering","og_description":"A T\u00e2mega Engineering \u00e9 o parceiro ideal para conceber, construir e operar em todas as \u00e1reas de neg\u00f3cios onde exerce atividade.","og_url":"https:\/\/ctamega.pt\/index.php\/areas-de-negocio\/","og_site_name":"T\u00e2mega Engineering","article_modified_time":"2021-05-18T14:54:44+00:00","twitter_card":"summary_large_image","twitter_misc":{"Tempo estimado de leitura":"2 minutos"},"schema":{"@context":"https:\/\/schema.org","@graph":[{"@type":"WebPage","@id":"https:\/\/ctamega.pt\/index.php\/areas-de-negocio\/","url":"https:\/\/ctamega.pt\/index.php\/areas-de-negocio\/","name":"\u00c1REAS DE NEG\u00d3CIO - T\u00e2mega Engineering","isPartOf":{"@id":"http:\/\/ctamega.pt\/#website"},"datePublished":"2015-05-20T11:09:20+00:00","dateModified":"2021-05-18T14:54:44+00:00","description":"A T\u00e2mega Engineering \u00e9 o parceiro ideal para conceber, construir e operar em todas as \u00e1reas de neg\u00f3cios onde exerce atividade.","breadcrumb":{"@id":"https:\/\/ctamega.pt\/index.php\/areas-de-negocio\/#breadcrumb"},"inLanguage":"pt-PT","potentialAction":[{"@type":"ReadAction","target":["https:\/\/ctamega.pt\/index.php\/areas-de-negocio\/"]}]},{"@type":"BreadcrumbList","@id":"https:\/\/ctamega.pt\/index.php\/areas-de-negocio\/#breadcrumb","itemListElement":[{"@type":"ListItem","position":1,"name":"Home","item":"https:\/\/ctamega.pt\/"},{"@type":"ListItem","position":2,"name":"\u00c1REAS DE NEG\u00d3CIO"}]},{"@type":"WebSite","@id":"http:\/\/ctamega.pt\/#website","url":"http:\/\/ctamega.pt\/","name":"T\u00e2mega Engineering","description":"Construction Renovation Theme","publisher":{"@id":"http:\/\/ctamega.pt\/#organization"},"potentialAction":[{"@type":"SearchAction","target":{"@type":"EntryPoint","urlTemplate":"http:\/\/ctamega.pt\/?s={search_term_string}"},"query-input":{"@type":"PropertyValueSpecification","valueRequired":true,"valueName":"search_term_string"}}],"inLanguage":"pt-PT"},{"@type":"Organization","@id":"http:\/\/ctamega.pt\/#organization","name":"Construtora do T\u00e2mega","url":"http:\/\/ctamega.pt\/","logo":{"@type":"ImageObject","inLanguage":"pt-PT","@id":"http:\/\/ctamega.pt\/#\/schema\/logo\/image\/","url":"http:\/\/ctamega.pt\/wp-content\/uploads\/2016\/03\/Construtora-do-T\u00e2mega-Logo_Tamanho-pequeno.png","contentUrl":"http:\/\/ctamega.pt\/wp-content\/uploads\/2016\/03\/Construtora-do-T\u00e2mega-Logo_Tamanho-pequeno.png","width":736,"height":297,"caption":"Construtora do T\u00e2mega"},"image":{"@id":"http:\/\/ctamega.pt\/#\/schema\/logo\/image\/"},"sameAs":["https:\/\/www.linkedin.com\/company\/construtora-do-tamega-s-a-?trk=company_logo"]}]}},"_links":{"self":[{"href":"http:\/\/ctamega.pt\/index.php\/wp-json\/wp\/v2\/pages\/137","targetHints":{"allow":["GET"]}}],"collection":[{"href":"http:\/\/ctamega.pt\/index.php\/wp-json\/wp\/v2\/pages"}],"about":[{"href":"http:\/\/ctamega.pt\/index.php\/wp-json\/wp\/v2\/types\/page"}],"author":[{"embeddable":true,"href":"http:\/\/ctamega.pt\/index.php\/wp-json\/wp\/v2\/users\/7"}],"replies":[{"embeddable":true,"href":"http:\/\/ctamega.pt\/index.php\/wp-json\/wp\/v2\/comments?post=137"}],"version-history":[{"count":2,"href":"http:\/\/ctamega.pt\/index.php\/wp-json\/wp\/v2\/pages\/137\/revisions"}],"predecessor-version":[{"id":2242,"href":"http:\/\/ctamega.pt\/index.php\/wp-json\/wp\/v2\/pages\/137\/revisions\/2242"}],"wp:attachment":[{"href":"http:\/\/ctamega.pt\/index.php\/wp-json\/wp\/v2\/media?parent=137"}],"curies":[{"name":"wp","href":"https:\/\/api.w.org\/{rel}","templated":true}]}}